{"id":92909,"date":"2021-02-21T21:41:35","date_gmt":"2021-02-21T21:41:35","guid":{"rendered":"https:\/\/www.autonvaraosahaku.fi\/?product=a-b-s-16236-jarrulevyt"},"modified":"2021-02-21T21:41:43","modified_gmt":"2021-02-21T21:41:43","slug":"a-b-s-16236-jarrulevyt","status":"publish","type":"product","link":"https:\/\/www.autonvaraosahaku.fi\/?product=a-b-s-16236-jarrulevyt","title":{"rendered":"A.B.S. 16236 Jarrulevyt"},"content":{"rendered":"<p>Ulkol\u00e4pimitta [mm]: 280; Jarrulevyn paksuus (mm): 26; V\u00e4himm\u00e4ispaksuus (mm): 23; Korkeus (mm): 50,3; Vanne, aukkoja: 5; Jarrulevytyyppi: Tuuletettu; keskitt\u00e4misl\u00e4pimitta [mm]: 68; Paino [kg]: 6,54; Asennuspuoli: Vorderachse; VOLVO: V70 I LV,850 Kombi LW,XC70 CROSS COUNTRY,940 II Kombi 945,940 Kombi 945,C70 I Cabriolet,C70 I Coupe,850 LS,960 II Kombi 965,S70 LS,960 II 964,940 944,V90 Kombi,960 Kombi 965,940 II 944,S90; 271788, 2717882, 272312, 31262092, 9140759, 91407593; Jarrulevy<\/p>\n","protected":false},"excerpt":{"rendered":"<p>A.B.S. Jarrulevyt 16236 Jarrulevy VOLVO,V70 I LV,850 Kombi LW,XC70 CROSS COUNTRY,940 II Kombi 945,940 Kombi 945,C70 I Cabriolet,C70 I Coupe,850 LS<\/p>\n","protected":false},"featured_media":0,"template":"","meta":{"site-sidebar-layout":"default","site-content-layout":"default","ast-global-header-display":"","ast-main-header-display":"","ast-hfb-above-header-display":"","ast-hfb-below-header-display":"","ast-hfb-mobile-header-display":"","site-post-title":"","ast-breadcrumbs-content":"","ast-featured-img":"","footer-sml-layout":"","theme-transparent-header-meta":"","adv-header-id-meta":"","stick-header-meta":"","header-above-stick-meta":"","header-main-stick-meta":"","header-below-stick-meta":""},"pwb-brand":[326],"product_cat":[66],"product_tag":[],"class_list":{"0":"post-92909","1":"product","2":"type-product","3":"status-publish","5":"pwb-brand-a-b-s","6":"product_cat-jarrulevyt","7":"desktop-align-left","8":"tablet-align-left","9":"mobile-align-left","11":"first","12":"instock","13":"product-type-external"},"brands":[{"id":326,"name":"A.B.S.","slug":"a-b-s"}],"_links":{"self":[{"href":"https:\/\/www.autonvaraosahaku.fi\/index.php?rest_route=\/wp\/v2\/product\/92909","targetHints":{"allow":["GET"]}}],"collection":[{"href":"https:\/\/www.autonvaraosahaku.fi\/index.php?rest_route=\/wp\/v2\/product"}],"about":[{"href":"https:\/\/www.autonvaraosahaku.fi\/index.php?rest_route=\/wp\/v2\/types\/product"}],"wp:attachment":[{"href":"https:\/\/www.autonvaraosahaku.fi\/index.php?rest_route=%2Fwp%2Fv2%2Fmedia&parent=92909"}],"wp:term":[{"taxonomy":"pwb-brand","embeddable":true,"href":"https:\/\/www.autonvaraosahaku.fi\/index.php?rest_route=%2Fwp%2Fv2%2Fpwb-brand&post=92909"},{"taxonomy":"product_cat","embeddable":true,"href":"https:\/\/www.autonvaraosahaku.fi\/index.php?rest_route=%2Fwp%2Fv2%2Fproduct_cat&post=92909"},{"taxonomy":"product_tag","embeddable":true,"href":"https:\/\/www.autonvaraosahaku.fi\/index.php?rest_route=%2Fwp%2Fv2%2Fproduct_tag&post=92909"}],"curies":[{"name":"wp","href":"https:\/\/api.w.org\/{rel}","templated":true}]}}