{"id":92916,"date":"2021-02-21T21:41:44","date_gmt":"2021-02-21T21:41:44","guid":{"rendered":"https:\/\/www.autonvaraosahaku.fi\/?product=a-b-s-17643-jarrulevyt"},"modified":"2021-02-21T21:41:46","modified_gmt":"2021-02-21T21:41:46","slug":"a-b-s-17643-jarrulevyt","status":"publish","type":"product","link":"https:\/\/www.autonvaraosahaku.fi\/?product=a-b-s-17643-jarrulevyt","title":{"rendered":"A.B.S. 17643 Jarrulevyt"},"content":{"rendered":"<p>Ulkol\u00e4pimitta [mm]: 241; Jarrulevyn paksuus (mm): 18; V\u00e4himm\u00e4ispaksuus (mm): 16; Korkeus (mm): 48,8; Vanne, aukkoja: 4; Jarrulevytyyppi: Tuuletettu; keskitt\u00e4misl\u00e4pimitta [mm]: 62; Reik\u00e4ympyr\u00e4-\u00d8 [mm]: 100; Pinta: pinnoitettu; Paino [kg]: 3,75; Tuotelinja: COATED; Asennuspuoli: Vorderachse; KIA: PICANTO BA,PICANTO TA; HYUNDAI: i10 PA,i10 IA; 517120X500, 5171207500, S5171207500; Jarrulevy<\/p>\n","protected":false},"excerpt":{"rendered":"<p>A.B.S. Jarrulevyt 17643 Jarrulevy KIA,HYUNDAI,PICANTO BA,PICANTO TA,i10 PA,i10 IA<\/p>\n","protected":false},"featured_media":0,"template":"","meta":{"site-sidebar-layout":"default","site-content-layout":"default","ast-global-header-display":"","ast-main-header-display":"","ast-hfb-above-header-display":"","ast-hfb-below-header-display":"","ast-hfb-mobile-header-display":"","site-post-title":"","ast-breadcrumbs-content":"","ast-featured-img":"","footer-sml-layout":"","theme-transparent-header-meta":"","adv-header-id-meta":"","stick-header-meta":"","header-above-stick-meta":"","header-main-stick-meta":"","header-below-stick-meta":""},"pwb-brand":[326],"product_cat":[66],"product_tag":[],"class_list":{"0":"post-92916","1":"product","2":"type-product","3":"status-publish","5":"pwb-brand-a-b-s","6":"product_cat-jarrulevyt","7":"desktop-align-left","8":"tablet-align-left","9":"mobile-align-left","11":"first","12":"instock","13":"product-type-external"},"brands":[{"id":326,"name":"A.B.S.","slug":"a-b-s"}],"_links":{"self":[{"href":"https:\/\/www.autonvaraosahaku.fi\/index.php?rest_route=\/wp\/v2\/product\/92916","targetHints":{"allow":["GET"]}}],"collection":[{"href":"https:\/\/www.autonvaraosahaku.fi\/index.php?rest_route=\/wp\/v2\/product"}],"about":[{"href":"https:\/\/www.autonvaraosahaku.fi\/index.php?rest_route=\/wp\/v2\/types\/product"}],"wp:attachment":[{"href":"https:\/\/www.autonvaraosahaku.fi\/index.php?rest_route=%2Fwp%2Fv2%2Fmedia&parent=92916"}],"wp:term":[{"taxonomy":"pwb-brand","embeddable":true,"href":"https:\/\/www.autonvaraosahaku.fi\/index.php?rest_route=%2Fwp%2Fv2%2Fpwb-brand&post=92916"},{"taxonomy":"product_cat","embeddable":true,"href":"https:\/\/www.autonvaraosahaku.fi\/index.php?rest_route=%2Fwp%2Fv2%2Fproduct_cat&post=92916"},{"taxonomy":"product_tag","embeddable":true,"href":"https:\/\/www.autonvaraosahaku.fi\/index.php?rest_route=%2Fwp%2Fv2%2Fproduct_tag&post=92916"}],"curies":[{"name":"wp","href":"https:\/\/api.w.org\/{rel}","templated":true}]}}