{"id":92935,"date":"2021-02-21T21:41:52","date_gmt":"2021-02-21T21:41:52","guid":{"rendered":"https:\/\/www.autonvaraosahaku.fi\/?product=ridex-13d0045-vetoakseli"},"modified":"2021-02-21T21:41:54","modified_gmt":"2021-02-21T21:41:54","slug":"ridex-13d0045-vetoakseli","status":"publish","type":"product","link":"https:\/\/www.autonvaraosahaku.fi\/?product=ridex-13d0045-vetoakseli","title":{"rendered":"RIDEX 13D0045 Vetoakseli"},"content":{"rendered":"<p>Pituus (mm): 501; Ulkohammastus, py\u00f6r\u00e4npuoli: 36; Kierremitta: M16x1.5; Asennuspuoli: Etuakseli, vasen, Vorderachse; Vaihteistomalli: K\u00e4sivaihteisto; Reik\u00e4ympyr\u00e4-\u00d8 [mm]: 78; Nivelen l\u00e4pimitta py\u00f6r\u00e4puoli [mm]: 79; Nivelen l\u00e4pimitta vaihteistopuoli [mm]: 94; VW: POLO 9N_,FOX 5Z1, 5Z3,POLO Stufenheck 9A4; SKODA: FABIA Combi 6Y5,FABIA,FABIA 6Y2,FABIA Combi,ROOMSTER 5J,FABIA Stufenheck 6Y3,ROOMSTER Praktik 5J,FABIA Praktik; SEAT: IBIZA IV 6L1,CORDOBA 6L2; 6Q0407271AK, 6Q0407271AL, 6Q0407271AS, 6Q0407271AT, 6Q0407451DX, 6Q0407451EX, 6QE407271G, 8Z0407271AM, 8Z0407271AQ, 8Z0407451BX, 6Q0407271AK, 6Q0407271AL, 6Q0407271AS, 6Q0407271AT, 6Q0407451DX, 6Q0407451EV, 6Q0407451EX, 6QE407271G, 8Z0407271AM, 8Z0407271AQ, 8Z0407451BX, 6Q0407271AK, 6Q0407271AL, 6Q0407271AS, 6Q0407271AT, 6Q0407271BC, 6Q0407451DX, 6Q0407451EX, 6Q0407451X, 8Z0407271AM, 8Z0407271AQ, 8Z0407451BX, 6Q0407271AK, 6Q0407271AL, 6Q0407271AS, 6Q0407271AT, 6Q0407451DX, 6Q0407451EX, 6QE407271G, 8Z0407271AM, 8Z0407271AQ, 8Z0407451BX<\/p>\n","protected":false},"excerpt":{"rendered":"<p>RIDEX Vetoakseli 13D0045  VW,SKODA,SEAT,POLO 9N_,FOX 5Z1, 5Z3,POLO Stufenheck 9A4,FABIA Combi 6Y5,FABIA,FABIA 6Y2,FABIA Combi,ROOMSTER 5J<\/p>\n","protected":false},"featured_media":0,"template":"","meta":{"site-sidebar-layout":"default","site-content-layout":"default","ast-global-header-display":"","ast-main-header-display":"","ast-hfb-above-header-display":"","ast-hfb-below-header-display":"","ast-hfb-mobile-header-display":"","site-post-title":"","ast-breadcrumbs-content":"","ast-featured-img":"","footer-sml-layout":"","theme-transparent-header-meta":"","adv-header-id-meta":"","stick-header-meta":"","header-above-stick-meta":"","header-main-stick-meta":"","header-below-stick-meta":""},"pwb-brand":[157],"product_cat":[215],"product_tag":[],"class_list":{"0":"post-92935","1":"product","2":"type-product","3":"status-publish","5":"pwb-brand-ridex","6":"product_cat-vetoakseli","7":"desktop-align-left","8":"tablet-align-left","9":"mobile-align-left","11":"first","12":"instock","13":"product-type-external"},"brands":[{"id":157,"name":"RIDEX","slug":"ridex"}],"_links":{"self":[{"href":"https:\/\/www.autonvaraosahaku.fi\/index.php?rest_route=\/wp\/v2\/product\/92935","targetHints":{"allow":["GET"]}}],"collection":[{"href":"https:\/\/www.autonvaraosahaku.fi\/index.php?rest_route=\/wp\/v2\/product"}],"about":[{"href":"https:\/\/www.autonvaraosahaku.fi\/index.php?rest_route=\/wp\/v2\/types\/product"}],"wp:attachment":[{"href":"https:\/\/www.autonvaraosahaku.fi\/index.php?rest_route=%2Fwp%2Fv2%2Fmedia&parent=92935"}],"wp:term":[{"taxonomy":"pwb-brand","embeddable":true,"href":"https:\/\/www.autonvaraosahaku.fi\/index.php?rest_route=%2Fwp%2Fv2%2Fpwb-brand&post=92935"},{"taxonomy":"product_cat","embeddable":true,"href":"https:\/\/www.autonvaraosahaku.fi\/index.php?rest_route=%2Fwp%2Fv2%2Fproduct_cat&post=92935"},{"taxonomy":"product_tag","embeddable":true,"href":"https:\/\/www.autonvaraosahaku.fi\/index.php?rest_route=%2Fwp%2Fv2%2Fproduct_tag&post=92935"}],"curies":[{"name":"wp","href":"https:\/\/api.w.org\/{rel}","templated":true}]}}