{"id":92969,"date":"2021-02-21T21:42:00","date_gmt":"2021-02-21T21:42:00","guid":{"rendered":"https:\/\/www.autonvaraosahaku.fi\/?product=beru-z63-sytytystulpat"},"modified":"2021-02-21T21:42:07","modified_gmt":"2021-02-21T21:42:07","slug":"beru-z63-sytytystulpat","status":"publish","type":"product","link":"https:\/\/www.autonvaraosahaku.fi\/?product=beru-z63-sytytystulpat","title":{"rendered":"BERU Z63 Sytytystulpat"},"content":{"rendered":"<p>K\u00e4rkiv\u00e4li (mm): 0,8; Liittimet: SAE; Kierremitta: M14x1,25; Avainv\u00e4li: 16 mm; Sytytystulppa: 1-maaelektroodi, suoralla istukalla; Kierteen pituus (mm): 19; Teknisten tietojen numero: 14 F-7 DU; Itsepalvelupakattu, katso osaluettelo: ; Kiristysmomentti > [Nm]: 20; Kiristysmomentti enint\u00e4\u00e4n [Nm]: 30; Tuotelinja: ULTRA; Tarvittava kappalem\u00e4\u00e4r\u00e4: 8; RENAULT: CLIO I B\/C57_, 5\/357_,TWINGO I Kasten S06_,19 II B\/C53_,19 I B\/C53_,SAFRANE I B54_,19 II Kasten S53_,19 I Kasten S53_; SKODA: FAVORIT 781; PEUGEOT: 405 I 15B; SEAT: TOLEDO I 1L,IBIZA I 021A,MALAGA 023A,RONDA 022A; CITRO\u00cbN: AX ZA-_,C15 VD-_; ALFA ROMEO: 75 162B,164 164,155 167; SAAB: 900 I Combi Coupe,900 I AC4, AM4; VAUXHALL: CARLTON Mk III; AUSTIN: MAESTRO XC,MONTEGO XE; 60512848, 60597490, 71736273, 96020779, 60512848, 60597490, 60512848, 60597490, 0031591603, 0031594003, 0031596003, A0031591603, A0031594003, A0031596003, 5962C8, 5962F8, 5962H3, 7700737612, 7700869200, 7701414039, 7701414062, 7701414065, 7701414118, 7504442, X039494050, BBC057010; Tulpat,Sytytystulppa<\/p>\n","protected":false},"excerpt":{"rendered":"<p>BERU Sytytystulpat Z63 Tulpat,Sytytystulppa RENAULT,SKODA,PEUGEOT,CLIO I B\/C57_, 5\/357_,TWINGO I Kasten S06_,19 II B\/C53_,19 I B\/C53_,SAFRANE I B54_<\/p>\n","protected":false},"featured_media":0,"template":"","meta":{"site-sidebar-layout":"default","site-content-layout":"default","ast-global-header-display":"","ast-main-header-display":"","ast-hfb-above-header-display":"","ast-hfb-below-header-display":"","ast-hfb-mobile-header-display":"","site-post-title":"","ast-breadcrumbs-content":"","ast-featured-img":"","footer-sml-layout":"","theme-transparent-header-meta":"","adv-header-id-meta":"","stick-header-meta":"","header-above-stick-meta":"","header-main-stick-meta":"","header-below-stick-meta":""},"pwb-brand":[327],"product_cat":[165],"product_tag":[],"class_list":{"0":"post-92969","1":"product","2":"type-product","3":"status-publish","5":"pwb-brand-beru","6":"product_cat-sytytystulpat","7":"desktop-align-left","8":"tablet-align-left","9":"mobile-align-left","11":"first","12":"instock","13":"product-type-external"},"brands":[{"id":327,"name":"BERU","slug":"beru"}],"_links":{"self":[{"href":"https:\/\/www.autonvaraosahaku.fi\/index.php?rest_route=\/wp\/v2\/product\/92969","targetHints":{"allow":["GET"]}}],"collection":[{"href":"https:\/\/www.autonvaraosahaku.fi\/index.php?rest_route=\/wp\/v2\/product"}],"about":[{"href":"https:\/\/www.autonvaraosahaku.fi\/index.php?rest_route=\/wp\/v2\/types\/product"}],"wp:attachment":[{"href":"https:\/\/www.autonvaraosahaku.fi\/index.php?rest_route=%2Fwp%2Fv2%2Fmedia&parent=92969"}],"wp:term":[{"taxonomy":"pwb-brand","embeddable":true,"href":"https:\/\/www.autonvaraosahaku.fi\/index.php?rest_route=%2Fwp%2Fv2%2Fpwb-brand&post=92969"},{"taxonomy":"product_cat","embeddable":true,"href":"https:\/\/www.autonvaraosahaku.fi\/index.php?rest_route=%2Fwp%2Fv2%2Fproduct_cat&post=92969"},{"taxonomy":"product_tag","embeddable":true,"href":"https:\/\/www.autonvaraosahaku.fi\/index.php?rest_route=%2Fwp%2Fv2%2Fproduct_tag&post=92969"}],"curies":[{"name":"wp","href":"https:\/\/api.w.org\/{rel}","templated":true}]}}