{"id":92970,"date":"2021-02-21T21:42:08","date_gmt":"2021-02-21T21:42:08","guid":{"rendered":"https:\/\/www.autonvaraosahaku.fi\/?product=ate-24-0128-0192-1-jarrulevyt"},"modified":"2021-02-21T21:42:08","modified_gmt":"2021-02-21T21:42:08","slug":"ate-24-0128-0192-1-jarrulevyt","status":"publish","type":"product","link":"https:\/\/www.autonvaraosahaku.fi\/?product=ate-24-0128-0192-1-jarrulevyt","title":{"rendered":"ATE 24.0128-0192.1 Jarrulevyt"},"content":{"rendered":"<p>Ulkol\u00e4pimitta [mm]: 305,0; Jarrulevyn paksuus (mm): 28,0; V\u00e4himm\u00e4ispaksuus (mm): 26,0; Jarrulevytyyppi: Tuuletettu; Reikien m\u00e4\u00e4r\u00e4: 5; Pinta: pinnoitettu; Korvaava tuote\/korvaava tiedote 2: Ruuveilla; MAPP-koodi saatavilla: ; Reik\u00e4ympyr\u00e4-\u00d8 [mm]: 110,0; Korkeus (mm): 39,7; keskitt\u00e4misl\u00e4pimitta [mm]: 70,0; Sis\u00e4l\u00e4pimitta [mm]: 138,0; Reik\u00e4-\u00d8 [mm]: 16,6; Tarkistuskilpi: E1 90R-02C0115\/1048; Jarrut: nicht f\u00fcr Fahrzeuge mit verst\u00e4rkter Bremse; ALFA ROMEO: 159 Sportwagon 939,GIULIETTA 940,159 939,BRERA,SPIDER 939; 46843608, 51760621, 51767381, 51767382; Jarrulevy<\/p>\n","protected":false},"excerpt":{"rendered":"<p>ATE Jarrulevyt 24.0128-0192.1 Jarrulevy ALFA ROMEO,159 Sportwagon 939,GIULIETTA 940,159 939,BRERA,SPIDER 939<\/p>\n","protected":false},"featured_media":0,"template":"","meta":{"site-sidebar-layout":"default","site-content-layout":"default","ast-global-header-display":"","ast-main-header-display":"","ast-hfb-above-header-display":"","ast-hfb-below-header-display":"","ast-hfb-mobile-header-display":"","site-post-title":"","ast-breadcrumbs-content":"","ast-featured-img":"","footer-sml-layout":"","theme-transparent-header-meta":"","adv-header-id-meta":"","stick-header-meta":"","header-above-stick-meta":"","header-main-stick-meta":"","header-below-stick-meta":""},"pwb-brand":[108],"product_cat":[66],"product_tag":[],"class_list":{"0":"post-92970","1":"product","2":"type-product","3":"status-publish","5":"pwb-brand-ate","6":"product_cat-jarrulevyt","7":"desktop-align-left","8":"tablet-align-left","9":"mobile-align-left","11":"first","12":"instock","13":"product-type-external"},"brands":[{"id":108,"name":"ATE","slug":"ate"}],"_links":{"self":[{"href":"https:\/\/www.autonvaraosahaku.fi\/index.php?rest_route=\/wp\/v2\/product\/92970","targetHints":{"allow":["GET"]}}],"collection":[{"href":"https:\/\/www.autonvaraosahaku.fi\/index.php?rest_route=\/wp\/v2\/product"}],"about":[{"href":"https:\/\/www.autonvaraosahaku.fi\/index.php?rest_route=\/wp\/v2\/types\/product"}],"wp:attachment":[{"href":"https:\/\/www.autonvaraosahaku.fi\/index.php?rest_route=%2Fwp%2Fv2%2Fmedia&parent=92970"}],"wp:term":[{"taxonomy":"pwb-brand","embeddable":true,"href":"https:\/\/www.autonvaraosahaku.fi\/index.php?rest_route=%2Fwp%2Fv2%2Fpwb-brand&post=92970"},{"taxonomy":"product_cat","embeddable":true,"href":"https:\/\/www.autonvaraosahaku.fi\/index.php?rest_route=%2Fwp%2Fv2%2Fproduct_cat&post=92970"},{"taxonomy":"product_tag","embeddable":true,"href":"https:\/\/www.autonvaraosahaku.fi\/index.php?rest_route=%2Fwp%2Fv2%2Fproduct_tag&post=92970"}],"curies":[{"name":"wp","href":"https:\/\/api.w.org\/{rel}","templated":true}]}}