{"id":92974,"date":"2021-02-21T21:42:08","date_gmt":"2021-02-21T21:42:08","guid":{"rendered":"https:\/\/www.autonvaraosahaku.fi\/?product=ate-24-0126-0159-1-jarrulevyt"},"modified":"2021-02-21T21:42:10","modified_gmt":"2021-02-21T21:42:10","slug":"ate-24-0126-0159-1-jarrulevyt","status":"publish","type":"product","link":"https:\/\/www.autonvaraosahaku.fi\/?product=ate-24-0126-0159-1-jarrulevyt","title":{"rendered":"ATE 24.0126-0159.1 Jarrulevyt"},"content":{"rendered":"<p>Ulkol\u00e4pimitta [mm]: 302,0; Jarrulevyn paksuus (mm): 26,0; V\u00e4himm\u00e4ispaksuus (mm): 24,0; Jarrulevytyyppi: Tuuletettu, sis\u00e4; Pinta: pinnoitettu; Reikien m\u00e4\u00e4r\u00e4: 4; Korvaava tuote\/korvaava tiedote 2: Ruuveilla; MAPP-koodi saatavilla: ; Reik\u00e4ympyr\u00e4-\u00d8 [mm]: 108,0; Korkeus (mm): 34,2; keskitt\u00e4misl\u00e4pimitta [mm]: 66,0; Sis\u00e4l\u00e4pimitta [mm]: 133,2; Reik\u00e4-\u00d8 [mm]: 13,0; Tarkistuskilpi: E1 90R-02C0115\/0052; Asennuspuoli: Vorderachse; PEUGEOT: 308 SW,208,308 4A_, 4C_,5008,3008,308 CC,208 Kasten; CITRO\u00cbN: C4 I LC_,C4 Coupe LA_,C4 II B7,DS4,DS5,C4 Stufenheck N; DS: DS5,DS 4 \/ DS 4 CROSSBACK; 424981, 424986, 4249J8, 4249J8, 424964, 424980, 424981, 424986, 4249J8, 4249J8; Jarrulevy<\/p>\n","protected":false},"excerpt":{"rendered":"<p>ATE Jarrulevyt 24.0126-0159.1 Jarrulevy PEUGEOT,CITRO\u00cbN,DS,308 SW,208,308 4A_, 4C_,5008,3008,308 CC,208 Kasten,C4 I LC_,C4 Coupe LA_,C4 II B7,DS4,DS5<\/p>\n","protected":false},"featured_media":0,"template":"","meta":{"site-sidebar-layout":"default","site-content-layout":"default","ast-global-header-display":"","ast-main-header-display":"","ast-hfb-above-header-display":"","ast-hfb-below-header-display":"","ast-hfb-mobile-header-display":"","site-post-title":"","ast-breadcrumbs-content":"","ast-featured-img":"","footer-sml-layout":"","theme-transparent-header-meta":"","adv-header-id-meta":"","stick-header-meta":"","header-above-stick-meta":"","header-main-stick-meta":"","header-below-stick-meta":""},"pwb-brand":[108],"product_cat":[66],"product_tag":[],"class_list":{"0":"post-92974","1":"product","2":"type-product","3":"status-publish","5":"pwb-brand-ate","6":"product_cat-jarrulevyt","7":"desktop-align-left","8":"tablet-align-left","9":"mobile-align-left","11":"first","12":"instock","13":"product-type-external"},"brands":[{"id":108,"name":"ATE","slug":"ate"}],"_links":{"self":[{"href":"https:\/\/www.autonvaraosahaku.fi\/index.php?rest_route=\/wp\/v2\/product\/92974","targetHints":{"allow":["GET"]}}],"collection":[{"href":"https:\/\/www.autonvaraosahaku.fi\/index.php?rest_route=\/wp\/v2\/product"}],"about":[{"href":"https:\/\/www.autonvaraosahaku.fi\/index.php?rest_route=\/wp\/v2\/types\/product"}],"wp:attachment":[{"href":"https:\/\/www.autonvaraosahaku.fi\/index.php?rest_route=%2Fwp%2Fv2%2Fmedia&parent=92974"}],"wp:term":[{"taxonomy":"pwb-brand","embeddable":true,"href":"https:\/\/www.autonvaraosahaku.fi\/index.php?rest_route=%2Fwp%2Fv2%2Fpwb-brand&post=92974"},{"taxonomy":"product_cat","embeddable":true,"href":"https:\/\/www.autonvaraosahaku.fi\/index.php?rest_route=%2Fwp%2Fv2%2Fproduct_cat&post=92974"},{"taxonomy":"product_tag","embeddable":true,"href":"https:\/\/www.autonvaraosahaku.fi\/index.php?rest_route=%2Fwp%2Fv2%2Fproduct_tag&post=92974"}],"curies":[{"name":"wp","href":"https:\/\/api.w.org\/{rel}","templated":true}]}}