{"id":92990,"date":"2021-02-21T21:42:16","date_gmt":"2021-02-21T21:42:16","guid":{"rendered":"https:\/\/www.autonvaraosahaku.fi\/?product=denso-dg-146-hehkutulppa"},"modified":"2021-02-21T21:42:16","modified_gmt":"2021-02-21T21:42:16","slug":"denso-dg-146-hehkutulppa","status":"publish","type":"product","link":"https:\/\/www.autonvaraosahaku.fi\/?product=denso-dg-146-hehkutulppa","title":{"rendered":"DENSO DG-146 Hehkutulppa"},"content":{"rendered":"<p>J\u00e4nnite (V): 11; Kierremitta: M10x1.25; Vastus [Ohm]: 0,5; Kokonaispituus (mm): 83; Avainv\u00e4li: 12; Paino [g]: 25; Kiristysmomentti > [Nm]: 1; Kiristysmomentti enint\u00e4\u00e4n [Nm]: 1,5; Valmistusvuosi alkaen: 08\/1985; FORD: RANGER ER, EQ; MAZDA: 626 IV Hatchback GE,B-SERIE UN,626 IV GE,626 III GD,626 III Hatchback GD,E-SERIE Kasten SR2,626 III Station Wagon GV,626 II GC,626 II Hatchback GC,B-SERIE UF,MPV I LV,B-SERIE Pritsche\/Fahrgestell UF; KIA: SPORTAGE K00,RETONA CE,PREGIO Kasten TB,K2700 SD,BESTA Bus; SUZUKI: GRAND VITARA I FT,VITARA ET, TA; 1536023, 4025139, XM3412A342BA, XM3412A342BB, 0K05418140, 0K71018140, 0K71018140A, 0K75A18140, 0K75B18140, K05418140, K71018140, K71018140A, K75A18140, K75B18140, RF1M18601, RFG118601, RFJ518601, RFN118601, S21018140, WL0318601, WL8118601, 1855078E00<\/p>\n","protected":false},"excerpt":{"rendered":"<p>DENSO Hehkutulppa DG-146  FORD,MAZDA,KIA,RANGER ER, EQ,626 IV Hatchback GE,B-SERIE UN,626 IV GE,626 III GD,626 III Hatchback GD,E-SERIE Kasten SR2<\/p>\n","protected":false},"featured_media":0,"template":"","meta":{"site-sidebar-layout":"default","site-content-layout":"default","ast-global-header-display":"","ast-main-header-display":"","ast-hfb-above-header-display":"","ast-hfb-below-header-display":"","ast-hfb-mobile-header-display":"","site-post-title":"","ast-breadcrumbs-content":"","ast-featured-img":"","footer-sml-layout":"","theme-transparent-header-meta":"","adv-header-id-meta":"","stick-header-meta":"","header-above-stick-meta":"","header-main-stick-meta":"","header-below-stick-meta":""},"pwb-brand":[278],"product_cat":[52],"product_tag":[],"class_list":{"0":"post-92990","1":"product","2":"type-product","3":"status-publish","5":"pwb-brand-denso","6":"product_cat-hehkutulppa","7":"desktop-align-left","8":"tablet-align-left","9":"mobile-align-left","11":"first","12":"instock","13":"product-type-external"},"brands":[{"id":278,"name":"DENSO","slug":"denso"}],"_links":{"self":[{"href":"https:\/\/www.autonvaraosahaku.fi\/index.php?rest_route=\/wp\/v2\/product\/92990","targetHints":{"allow":["GET"]}}],"collection":[{"href":"https:\/\/www.autonvaraosahaku.fi\/index.php?rest_route=\/wp\/v2\/product"}],"about":[{"href":"https:\/\/www.autonvaraosahaku.fi\/index.php?rest_route=\/wp\/v2\/types\/product"}],"wp:attachment":[{"href":"https:\/\/www.autonvaraosahaku.fi\/index.php?rest_route=%2Fwp%2Fv2%2Fmedia&parent=92990"}],"wp:term":[{"taxonomy":"pwb-brand","embeddable":true,"href":"https:\/\/www.autonvaraosahaku.fi\/index.php?rest_route=%2Fwp%2Fv2%2Fpwb-brand&post=92990"},{"taxonomy":"product_cat","embeddable":true,"href":"https:\/\/www.autonvaraosahaku.fi\/index.php?rest_route=%2Fwp%2Fv2%2Fproduct_cat&post=92990"},{"taxonomy":"product_tag","embeddable":true,"href":"https:\/\/www.autonvaraosahaku.fi\/index.php?rest_route=%2Fwp%2Fv2%2Fproduct_tag&post=92990"}],"curies":[{"name":"wp","href":"https:\/\/api.w.org\/{rel}","templated":true}]}}