{"id":93002,"date":"2021-02-21T21:42:16","date_gmt":"2021-02-21T21:42:16","guid":{"rendered":"https:\/\/www.autonvaraosahaku.fi\/?product=brembo-14-4722-10-jarrurumpu"},"modified":"2021-02-21T21:42:21","modified_gmt":"2021-02-21T21:42:21","slug":"brembo-14-4722-10-jarrurumpu","status":"publish","type":"product","link":"https:\/\/www.autonvaraosahaku.fi\/?product=brembo-14-4722-10-jarrurumpu","title":{"rendered":"BREMBO 14.4722.10 Jarrurumpu"},"content":{"rendered":"<p>Rumpul\u00e4pimitta: 230; Suurin mahdollinen rummun sis\u00e4mitta (mm): 230,9; J-rumpu sis\u00e4leveys [mm]: 58,5; J-rumpu ulkoleveys [mm]: 76; Reikien m\u00e4\u00e4r\u00e4: 4; Asennusl\u00e4pimitta [mm]: 57; Asennuspuoli: Hinterachse; OPEL: KADETT C Coupe,MANTA B 58_, 59_,KADETT B,KADETT C,OPEL,COMBO 71_,ASCONA B 81_, 86_, 87_, 88_,REKORD E 17_-19_, 11_, 14_, 16_,MANTA A 58_, 59_,REKORD C,KADETT B Coupe,REKORD D,KADETT E Caravan 35_, 36_, 45_, 46_,ASCONA A 81_, 86_, 87_, 88_,MANTA B CC 53_, 55_,KADETT C City,REKORD C Coupe,REKORD E Caravan 61_, 66_, 67_,REKORD D Coupe,KADETT C Caravan,KADETT B Caravan,REKORD C Caravan,KADETT D Caravan 35_, 36_, 45_, 46_,KADETT E Kasten 37_, 47_,REKORD D Caravan,ASCONA A Voyage 84_, 89_,KADETT E Combo 38_, 48_; VAUXHALL: ASTRA Mk II CC,CARLTON Mk II Estate,COMBO Mk I B; 90077721, 568038, 568051, 568056, 90077721, 90135264<\/p>\n","protected":false},"excerpt":{"rendered":"<p>BREMBO Jarrurumpu 14.4722.10  OPEL,VAUXHALL,KADETT C Coupe,MANTA B 58_, 59_,KADETT B,KADETT C,OPEL,COMBO 71_,ASCONA B 81_, 86_, 87_, 88_<\/p>\n","protected":false},"featured_media":0,"template":"","meta":{"site-sidebar-layout":"default","site-content-layout":"default","ast-global-header-display":"","ast-main-header-display":"","ast-hfb-above-header-display":"","ast-hfb-below-header-display":"","ast-hfb-mobile-header-display":"","site-post-title":"","ast-breadcrumbs-content":"","ast-featured-img":"","footer-sml-layout":"","theme-transparent-header-meta":"","adv-header-id-meta":"","stick-header-meta":"","header-above-stick-meta":"","header-main-stick-meta":"","header-below-stick-meta":""},"pwb-brand":[146],"product_cat":[304],"product_tag":[],"class_list":{"0":"post-93002","1":"product","2":"type-product","3":"status-publish","5":"pwb-brand-brembo","6":"product_cat-jarrurumpu","7":"desktop-align-left","8":"tablet-align-left","9":"mobile-align-left","11":"first","12":"instock","13":"product-type-external"},"brands":[{"id":146,"name":"BREMBO","slug":"brembo"}],"_links":{"self":[{"href":"https:\/\/www.autonvaraosahaku.fi\/index.php?rest_route=\/wp\/v2\/product\/93002","targetHints":{"allow":["GET"]}}],"collection":[{"href":"https:\/\/www.autonvaraosahaku.fi\/index.php?rest_route=\/wp\/v2\/product"}],"about":[{"href":"https:\/\/www.autonvaraosahaku.fi\/index.php?rest_route=\/wp\/v2\/types\/product"}],"wp:attachment":[{"href":"https:\/\/www.autonvaraosahaku.fi\/index.php?rest_route=%2Fwp%2Fv2%2Fmedia&parent=93002"}],"wp:term":[{"taxonomy":"pwb-brand","embeddable":true,"href":"https:\/\/www.autonvaraosahaku.fi\/index.php?rest_route=%2Fwp%2Fv2%2Fpwb-brand&post=93002"},{"taxonomy":"product_cat","embeddable":true,"href":"https:\/\/www.autonvaraosahaku.fi\/index.php?rest_route=%2Fwp%2Fv2%2Fproduct_cat&post=93002"},{"taxonomy":"product_tag","embeddable":true,"href":"https:\/\/www.autonvaraosahaku.fi\/index.php?rest_route=%2Fwp%2Fv2%2Fproduct_tag&post=93002"}],"curies":[{"name":"wp","href":"https:\/\/api.w.org\/{rel}","templated":true}]}}