{"id":93013,"date":"2021-02-21T21:42:24","date_gmt":"2021-02-21T21:42:24","guid":{"rendered":"https:\/\/www.autonvaraosahaku.fi\/?product=jp-group-1211400300-hydraulinen-venttiilinnostin"},"modified":"2021-02-21T21:42:26","modified_gmt":"2021-02-21T21:42:26","slug":"jp-group-1211400300-hydraulinen-venttiilinnostin","status":"publish","type":"product","link":"https:\/\/www.autonvaraosahaku.fi\/?product=jp-group-1211400300-hydraulinen-venttiilinnostin","title":{"rendered":"JP GROUP 1211400300 Hydraulinen venttiilinnostin"},"content":{"rendered":"<p>Paksuus [mm]: 35,6; Ulkol\u00e4pimitta [mm]: 12; K\u00e4ytt\u00f6: Hydraulinen; Paino [kg]: 0,018; Huomioi huolto-ohjeet: ; Moottorinumero: A20NHT; OPEL: ZAFIRA A F75_,ASTRA G CC F48_, F08_,ASTRA J Sports Tourer,ASTRA G Caravan F35_,INSIGNIA Caravan,VECTRA C Caravan,ASTRA J,SIGNUM,VECTRA C,VECTRA B 36_,VECTRA C GTS,VECTRA B Caravan 31_,INSIGNIA,ASTRA G Cabriolet F67,INSIGNIA Stufenheck,ASTRA G Coupe F07_,ASTRA G Stufenheck F69_,ASTRA GTC J,VECTRA B CC 38_,ASTRA J Stufenheck,SPEEDSTER; FIAT: CROMA 194; ALFA ROMEO: 159 Sportwagon 939,159 939,BRERA,SPIDER 939; SAAB: 9-3 YS3F,9-3 Kombi YS3F,9-3 Cabriolet YS3F,9-5 YS3G; VAUXHALL: INSIGNIA Mk I A,ZAFIRA Mk II B M75,VECTRA Mk II C CC,ZAFIRA Mk I A F75,INSIGNIA Mk I A Estate,VECTRA Mk II C Estate,ASTRA Mk IV G CC,ASTRA Mk VI J CC,VECTRA Mk II C,INSIGNIA Mk I A Sedan,SIGNUM,VECTRA B CC,VECTRA B Estate,VECTRA B,VX220,ASTRA Mk IV G Coupe F67,ASTRA Mk IV G Convertible,ASTRA Mk IV G Estate; 71739199, 71749843, 71739199, 71741101, 0640016, 24100005, 640016, 9194698, 1286078J00000, 09194698, 24100005; Venttiilinnostin<\/p>\n","protected":false},"excerpt":{"rendered":"<p>JP GROUP Hydraulinen Venttiilinnostin JP Group 1211400300 Venttiilinnostin OPEL,FIAT,ALFA ROMEO,ZAFIRA A F75_,ASTRA G CC F48_, F08_<\/p>\n","protected":false},"featured_media":0,"template":"","meta":{"site-sidebar-layout":"default","site-content-layout":"default","ast-global-header-display":"","ast-main-header-display":"","ast-hfb-above-header-display":"","ast-hfb-below-header-display":"","ast-hfb-mobile-header-display":"","site-post-title":"","ast-breadcrumbs-content":"","ast-featured-img":"","footer-sml-layout":"","theme-transparent-header-meta":"","adv-header-id-meta":"","stick-header-meta":"","header-above-stick-meta":"","header-main-stick-meta":"","header-below-stick-meta":""},"pwb-brand":[131],"product_cat":[126],"product_tag":[],"class_list":{"0":"post-93013","1":"product","2":"type-product","3":"status-publish","5":"pwb-brand-jp-group","6":"product_cat-hydraulinen-venttiilinnostin","7":"desktop-align-left","8":"tablet-align-left","9":"mobile-align-left","11":"first","12":"instock","13":"product-type-external"},"brands":[{"id":131,"name":"JP GROUP","slug":"jp-group"}],"_links":{"self":[{"href":"https:\/\/www.autonvaraosahaku.fi\/index.php?rest_route=\/wp\/v2\/product\/93013","targetHints":{"allow":["GET"]}}],"collection":[{"href":"https:\/\/www.autonvaraosahaku.fi\/index.php?rest_route=\/wp\/v2\/product"}],"about":[{"href":"https:\/\/www.autonvaraosahaku.fi\/index.php?rest_route=\/wp\/v2\/types\/product"}],"wp:attachment":[{"href":"https:\/\/www.autonvaraosahaku.fi\/index.php?rest_route=%2Fwp%2Fv2%2Fmedia&parent=93013"}],"wp:term":[{"taxonomy":"pwb-brand","embeddable":true,"href":"https:\/\/www.autonvaraosahaku.fi\/index.php?rest_route=%2Fwp%2Fv2%2Fpwb-brand&post=93013"},{"taxonomy":"product_cat","embeddable":true,"href":"https:\/\/www.autonvaraosahaku.fi\/index.php?rest_route=%2Fwp%2Fv2%2Fproduct_cat&post=93013"},{"taxonomy":"product_tag","embeddable":true,"href":"https:\/\/www.autonvaraosahaku.fi\/index.php?rest_route=%2Fwp%2Fv2%2Fproduct_tag&post=93013"}],"curies":[{"name":"wp","href":"https:\/\/api.w.org\/{rel}","templated":true}]}}