{"id":93014,"date":"2021-02-21T21:42:24","date_gmt":"2021-02-21T21:42:24","guid":{"rendered":"https:\/\/www.autonvaraosahaku.fi\/?product=ridex-3213b0006-kampiakselin-hihnapyora"},"modified":"2021-02-21T21:42:27","modified_gmt":"2021-02-21T21:42:27","slug":"ridex-3213b0006-kampiakselin-hihnapyora","status":"publish","type":"product","link":"https:\/\/www.autonvaraosahaku.fi\/?product=ridex-3213b0006-kampiakselin-hihnapyora","title":{"rendered":"RIDEX 3213B0006 Kampiakselin hihnapy\u00f6r\u00e4"},"content":{"rendered":"<p>Ulkol\u00e4pimitta [mm]: 167,2; Materiaali: Kumi-metalli; Reikien m\u00e4\u00e4r\u00e4: 3; kiiloja: 6; Leveys 1 (mm): 37,5; Tunnusluku: 6PK; Alustanumerosta: J04931; JAGUAR: X-TYPE CF1,X-TYPE Estate; FORD: MONDEO III Kombi BWY,MONDEO III B5Y,MONDEO III Stufenheck B4Y,TRANSIT Kasten FA_ _,TRANSIT Bus FD_ _, FB_ _, FS_ _, FZ_ _, FC_ _,TRANSIT Pritsche\/Fahrgestell FM_ _, FN_ _; 1124891, 1151394, 1226637, 1226638, 1329203, 1329205, 1349993, 1351731, 1491748, 1594853, 1S7Q6B319AB, 1S7Q6B319AC, 1S7Q6B319BA, 1S7Q6B319BB, 4C1Q6B319C1A, 4C1Q6B319C1B, 4C1Q6B319DA, 4C1Q6B319DB, 4C1Q6B319DC, JDE10108; Hihnapy\u00f6r\u00e4, Kampiakseli<\/p>\n","protected":false},"excerpt":{"rendered":"<p>RIDEX Kampiakselin Hihnapy\u00f6r\u00e4 3213B0006 Hihnapy\u00f6r\u00e4, Kampiakseli JAGUAR,FORD,X-TYPE CF1,X-TYPE Estate,MONDEO III Kombi BWY,MONDEO III B5Y<\/p>\n","protected":false},"featured_media":0,"template":"","meta":{"site-sidebar-layout":"default","site-content-layout":"default","ast-global-header-display":"","ast-main-header-display":"","ast-hfb-above-header-display":"","ast-hfb-below-header-display":"","ast-hfb-mobile-header-display":"","site-post-title":"","ast-breadcrumbs-content":"","ast-featured-img":"","footer-sml-layout":"","theme-transparent-header-meta":"","adv-header-id-meta":"","stick-header-meta":"","header-above-stick-meta":"","header-main-stick-meta":"","header-below-stick-meta":""},"pwb-brand":[157],"product_cat":[219],"product_tag":[],"class_list":{"0":"post-93014","1":"product","2":"type-product","3":"status-publish","5":"pwb-brand-ridex","6":"product_cat-kampiakselin-hihnapyora","7":"desktop-align-left","8":"tablet-align-left","9":"mobile-align-left","11":"first","12":"instock","13":"product-type-external"},"brands":[{"id":157,"name":"RIDEX","slug":"ridex"}],"_links":{"self":[{"href":"https:\/\/www.autonvaraosahaku.fi\/index.php?rest_route=\/wp\/v2\/product\/93014","targetHints":{"allow":["GET"]}}],"collection":[{"href":"https:\/\/www.autonvaraosahaku.fi\/index.php?rest_route=\/wp\/v2\/product"}],"about":[{"href":"https:\/\/www.autonvaraosahaku.fi\/index.php?rest_route=\/wp\/v2\/types\/product"}],"wp:attachment":[{"href":"https:\/\/www.autonvaraosahaku.fi\/index.php?rest_route=%2Fwp%2Fv2%2Fmedia&parent=93014"}],"wp:term":[{"taxonomy":"pwb-brand","embeddable":true,"href":"https:\/\/www.autonvaraosahaku.fi\/index.php?rest_route=%2Fwp%2Fv2%2Fpwb-brand&post=93014"},{"taxonomy":"product_cat","embeddable":true,"href":"https:\/\/www.autonvaraosahaku.fi\/index.php?rest_route=%2Fwp%2Fv2%2Fproduct_cat&post=93014"},{"taxonomy":"product_tag","embeddable":true,"href":"https:\/\/www.autonvaraosahaku.fi\/index.php?rest_route=%2Fwp%2Fv2%2Fproduct_tag&post=93014"}],"curies":[{"name":"wp","href":"https:\/\/api.w.org\/{rel}","templated":true}]}}