{"id":93015,"date":"2021-02-21T21:42:24","date_gmt":"2021-02-21T21:42:24","guid":{"rendered":"https:\/\/www.autonvaraosahaku.fi\/?product=vaico-v22-80008-jarrulevyt"},"modified":"2021-02-21T21:42:27","modified_gmt":"2021-02-21T21:42:27","slug":"vaico-v22-80008-jarrulevyt","status":"publish","type":"product","link":"https:\/\/www.autonvaraosahaku.fi\/?product=vaico-v22-80008-jarrulevyt","title":{"rendered":"VAICO V22-80008 Jarrulevyt"},"content":{"rendered":"<p>Jarrulevyn navan korkeus [mm]: 21,7; Asennuspuoli: Etuakseli, Etuakseli, Vorderachse; Vanne, aukkoja: 5; Korkeus (mm): 45,5; Jarrulevytyyppi: Tuuletettu; Jarrulevyn paksuus (mm): 24; V\u00e4himm\u00e4ispaksuus (mm): 22,4; Ulkol\u00e4pimitta [mm]: 294; keskitt\u00e4misl\u00e4pimitta [mm]: 69; Reik\u00e4ympyr\u00e4-\u00d8 [mm]: 114,3; Pakkausleveys [cm]: 30; Pakkauskorkeus [mm]: 10, 10; Pakkaussyvyys [cm]: 30, 30; lis\u00e4tieto: CST99; CITRO\u00cbN: C-CROSSER EP_,C-CROSSER ENTERPRISE; PEUGEOT: 4007 GP_; MITSUBISHI: OUTLANDER XL II CW_W,OUTLANDER III GG_W, GF_W, ZJ,OUTLANDER I CU_W,LANCER SPORTBACK CX_A,LANCER Stufenheck CY\/Z_A,LANCER VI CJ-CP_,LANCER V CB\/D_A; 1606375780, 1611429880, 424959, 4249F3, 4615A006, 4615A179, MR128659, MR205215, 1606375780, 424958, 4249F3; Jarrulevy<\/p>\n","protected":false},"excerpt":{"rendered":"<p>VAICO Jarrulevyt V22-80008 Jarrulevy CITRO\u00cbN,PEUGEOT,MITSUBISHI,C-CROSSER EP_,C-CROSSER ENTERPRISE,4007 GP_,OUTLANDER XL II CW_W<\/p>\n","protected":false},"featured_media":0,"template":"","meta":{"site-sidebar-layout":"default","site-content-layout":"default","ast-global-header-display":"","ast-main-header-display":"","ast-hfb-above-header-display":"","ast-hfb-below-header-display":"","ast-hfb-mobile-header-display":"","site-post-title":"","ast-breadcrumbs-content":"","ast-featured-img":"","footer-sml-layout":"","theme-transparent-header-meta":"","adv-header-id-meta":"","stick-header-meta":"","header-above-stick-meta":"","header-main-stick-meta":"","header-below-stick-meta":""},"pwb-brand":[330],"product_cat":[66],"product_tag":[],"class_list":{"0":"post-93015","1":"product","2":"type-product","3":"status-publish","5":"pwb-brand-vaico","6":"product_cat-jarrulevyt","7":"desktop-align-left","8":"tablet-align-left","9":"mobile-align-left","11":"first","12":"instock","13":"product-type-external"},"brands":[{"id":330,"name":"VAICO","slug":"vaico"}],"_links":{"self":[{"href":"https:\/\/www.autonvaraosahaku.fi\/index.php?rest_route=\/wp\/v2\/product\/93015","targetHints":{"allow":["GET"]}}],"collection":[{"href":"https:\/\/www.autonvaraosahaku.fi\/index.php?rest_route=\/wp\/v2\/product"}],"about":[{"href":"https:\/\/www.autonvaraosahaku.fi\/index.php?rest_route=\/wp\/v2\/types\/product"}],"wp:attachment":[{"href":"https:\/\/www.autonvaraosahaku.fi\/index.php?rest_route=%2Fwp%2Fv2%2Fmedia&parent=93015"}],"wp:term":[{"taxonomy":"pwb-brand","embeddable":true,"href":"https:\/\/www.autonvaraosahaku.fi\/index.php?rest_route=%2Fwp%2Fv2%2Fpwb-brand&post=93015"},{"taxonomy":"product_cat","embeddable":true,"href":"https:\/\/www.autonvaraosahaku.fi\/index.php?rest_route=%2Fwp%2Fv2%2Fproduct_cat&post=93015"},{"taxonomy":"product_tag","embeddable":true,"href":"https:\/\/www.autonvaraosahaku.fi\/index.php?rest_route=%2Fwp%2Fv2%2Fproduct_tag&post=93015"}],"curies":[{"name":"wp","href":"https:\/\/api.w.org\/{rel}","templated":true}]}}