{"id":93032,"date":"2021-02-21T21:42:33","date_gmt":"2021-02-21T21:42:33","guid":{"rendered":"https:\/\/www.autonvaraosahaku.fi\/?product=ate-24-0110-0323-1-jarrulevyt"},"modified":"2021-02-21T21:42:34","modified_gmt":"2021-02-21T21:42:34","slug":"ate-24-0110-0323-1-jarrulevyt","status":"publish","type":"product","link":"https:\/\/www.autonvaraosahaku.fi\/?product=ate-24-0110-0323-1-jarrulevyt","title":{"rendered":"ATE 24.0110-0323.1 Jarrulevyt"},"content":{"rendered":"<p>Ulkol\u00e4pimitta [mm]: 264,0; Jarrulevyn paksuus (mm): 10,0; V\u00e4himm\u00e4ispaksuus (mm): 8,0; Jarrulevytyyppi: Vakiomalli; Pinta: pinnoitettu; Reikien m\u00e4\u00e4r\u00e4: 4; Reik\u00e4lukum\u00e4\u00e4r\u00e4 2: 6; Reik\u00e4ympyr\u00e4-\u00d8 [mm]: 100,0; Korkeus (mm): 40,5; keskitt\u00e4misl\u00e4pimitta [mm]: 60,0; Sis\u00e4l\u00e4pimitta [mm]: 136,8; Reik\u00e4-\u00d8 [mm]: 14,0; MAPP-koodi saatavilla: ; Tarkistuskilpi: E1 90R-02C0165\/0717; Asennuspuoli: Hinterachse; ABARTH: PUNTO 199_,PUNTO EVO 199_; OPEL: ADAM,CORSA E,CORSA E Van; FIAT: GRANDE PUNTO 199,PUNTO 188,PUNTO EVO 199,PUNTO 199,PUNTO Van 199,PUNTO EVO Van 199_; VAUXHALL: ADAM,CORSA Mk IV E; 55700592, 55700593, 569097, 93167282, 569097, 93167282; Jarrulevy<\/p>\n","protected":false},"excerpt":{"rendered":"<p>ATE Jarrulevyt 24.0110-0323.1 Jarrulevy ABARTH,OPEL,FIAT,PUNTO 199_,PUNTO EVO 199_,ADAM,CORSA E,CORSA E Van,GRANDE PUNTO 199,PUNTO 188,PUNTO EVO 199<\/p>\n","protected":false},"featured_media":0,"template":"","meta":{"site-sidebar-layout":"default","site-content-layout":"default","ast-global-header-display":"","ast-main-header-display":"","ast-hfb-above-header-display":"","ast-hfb-below-header-display":"","ast-hfb-mobile-header-display":"","site-post-title":"","ast-breadcrumbs-content":"","ast-featured-img":"","footer-sml-layout":"","theme-transparent-header-meta":"","adv-header-id-meta":"","stick-header-meta":"","header-above-stick-meta":"","header-main-stick-meta":"","header-below-stick-meta":""},"pwb-brand":[108],"product_cat":[66],"product_tag":[],"class_list":{"0":"post-93032","1":"product","2":"type-product","3":"status-publish","5":"pwb-brand-ate","6":"product_cat-jarrulevyt","7":"desktop-align-left","8":"tablet-align-left","9":"mobile-align-left","11":"first","12":"instock","13":"product-type-external"},"brands":[{"id":108,"name":"ATE","slug":"ate"}],"_links":{"self":[{"href":"https:\/\/www.autonvaraosahaku.fi\/index.php?rest_route=\/wp\/v2\/product\/93032","targetHints":{"allow":["GET"]}}],"collection":[{"href":"https:\/\/www.autonvaraosahaku.fi\/index.php?rest_route=\/wp\/v2\/product"}],"about":[{"href":"https:\/\/www.autonvaraosahaku.fi\/index.php?rest_route=\/wp\/v2\/types\/product"}],"wp:attachment":[{"href":"https:\/\/www.autonvaraosahaku.fi\/index.php?rest_route=%2Fwp%2Fv2%2Fmedia&parent=93032"}],"wp:term":[{"taxonomy":"pwb-brand","embeddable":true,"href":"https:\/\/www.autonvaraosahaku.fi\/index.php?rest_route=%2Fwp%2Fv2%2Fpwb-brand&post=93032"},{"taxonomy":"product_cat","embeddable":true,"href":"https:\/\/www.autonvaraosahaku.fi\/index.php?rest_route=%2Fwp%2Fv2%2Fproduct_cat&post=93032"},{"taxonomy":"product_tag","embeddable":true,"href":"https:\/\/www.autonvaraosahaku.fi\/index.php?rest_route=%2Fwp%2Fv2%2Fproduct_tag&post=93032"}],"curies":[{"name":"wp","href":"https:\/\/api.w.org\/{rel}","templated":true}]}}