{"id":93033,"date":"2021-02-21T21:42:33","date_gmt":"2021-02-21T21:42:33","guid":{"rendered":"https:\/\/www.autonvaraosahaku.fi\/?product=hella-8et-009-142-891-ilmamassamittari"},"modified":"2021-02-21T21:42:34","modified_gmt":"2021-02-21T21:42:34","slug":"hella-8et-009-142-891-ilmamassamittari","status":"publish","type":"product","link":"https:\/\/www.autonvaraosahaku.fi\/?product=hella-8et-009-142-891-ilmamassamittari","title":{"rendered":"HELLA 8ET 009 142-891 Ilmamassamittari"},"content":{"rendered":"<p>Asennusmalli: Poltti\/ruuvi; Liittimi\u00e4: 5; Uusi osa: ; TOYOTA: AVENSIS _T22_,AVENSIS Station Wagon _T22_,AVENSIS Liftback _T22_,LAND CRUISER 90 _J9_,CAMRY MCV3_, ACV3_, _XV3_,PRIUS Stufenheck NHW11_,4 RUNNER KZN18_, VZN18_, RZN18_; MAZDA: 5 CR19,3 BK,6 Station Wagon GY,6 Kombi GH,2 DE,323 F VI BJ,PREMACY CP,CX-7 ER,6 Hatchback GG,6 GG,3 BL,5 CW,3 BM,MX-5 III NC,6 Schr\u00e4gheck GH,RX 8 SE17,626 V Hatchback GF,3 Stufenheck BK,6 GH,MPV II LW,626 V GF,626 V Station Wagon GW,3 Stufenheck BL,3 Stufenheck BM,B-SERIE UN,BT-50 CD, UN; VOLVO: V70 II SW,V50 MW,XC60,XC90 I,S60 I,V70 III BW,C30,S80 I TS, XY,S40 II MS,C70 II Cabriolet,XC70 II,S80 II AS; MITSUBISHI: PAJERO IV V8_W, V9_W,L 200 KB_T, KA_T,PAJERO IV Van V90, V80,L 200 Pritsche\/Fahrgestell KA_T, KB_T,PAJERO SPORT II KH_, KG_; SUZUKI: SWIFT III MZ, EZ,JIMNY FJ,GRAND VITARA II JT,SX4 EY, GY,WAGON R+ MM,LIANA Schr\u00e4gheck,LIANA ER,SX4 Stufenheck GY,WAGON R,JIMNY Gel\u00e4ndewagen offen SN; LAND ROVER: RANGE ROVER SPORT LS,RANGE ROVER III LM,DISCOVERY III TAA; JAGUAR: S-TYPE CCX,XF _J05_, CC9,X-TYPE CF1,X-TYPE Estate,XJ X350, X358,XK 8 Convertible QDV,XK 8 Coupe QEV,XJ X35_, _J12_, _J24_; LEXUS: RX MCU15; C2S2670, PHF000140, L32113215, WLS113215, WLS113215A, ZL0113215, ZLY113215, 1525A016, MR547077, 1380063J00, 1380084E00, 2220407010, 222040D020, 2220421010, 30713512, 8658471, 9202199; Ilmam\u00e4\u00e4r\u00e4mittari,MAF Anturi<\/p>\n","protected":false},"excerpt":{"rendered":"<p>HELLA Ilmamassamittari 8ET 009 142-891 Ilmam\u00e4\u00e4r\u00e4mittari,MAF Anturi TOYOTA,MAZDA,VOLVO,AVENSIS _T22_,AVENSIS Station Wagon _T22_,AVENSIS Liftback _T22_<\/p>\n","protected":false},"featured_media":0,"template":"","meta":{"site-sidebar-layout":"default","site-content-layout":"default","ast-global-header-display":"","ast-main-header-display":"","ast-hfb-above-header-display":"","ast-hfb-below-header-display":"","ast-hfb-mobile-header-display":"","site-post-title":"","ast-breadcrumbs-content":"","ast-featured-img":"","footer-sml-layout":"","theme-transparent-header-meta":"","adv-header-id-meta":"","stick-header-meta":"","header-above-stick-meta":"","header-main-stick-meta":"","header-below-stick-meta":""},"pwb-brand":[24],"product_cat":[270],"product_tag":[],"class_list":{"0":"post-93033","1":"product","2":"type-product","3":"status-publish","5":"pwb-brand-hella","6":"product_cat-ilmamassamittari","7":"desktop-align-left","8":"tablet-align-left","9":"mobile-align-left","11":"first","12":"instock","13":"product-type-external"},"brands":[{"id":24,"name":"HELLA","slug":"hella"}],"_links":{"self":[{"href":"https:\/\/www.autonvaraosahaku.fi\/index.php?rest_route=\/wp\/v2\/product\/93033","targetHints":{"allow":["GET"]}}],"collection":[{"href":"https:\/\/www.autonvaraosahaku.fi\/index.php?rest_route=\/wp\/v2\/product"}],"about":[{"href":"https:\/\/www.autonvaraosahaku.fi\/index.php?rest_route=\/wp\/v2\/types\/product"}],"wp:attachment":[{"href":"https:\/\/www.autonvaraosahaku.fi\/index.php?rest_route=%2Fwp%2Fv2%2Fmedia&parent=93033"}],"wp:term":[{"taxonomy":"pwb-brand","embeddable":true,"href":"https:\/\/www.autonvaraosahaku.fi\/index.php?rest_route=%2Fwp%2Fv2%2Fpwb-brand&post=93033"},{"taxonomy":"product_cat","embeddable":true,"href":"https:\/\/www.autonvaraosahaku.fi\/index.php?rest_route=%2Fwp%2Fv2%2Fproduct_cat&post=93033"},{"taxonomy":"product_tag","embeddable":true,"href":"https:\/\/www.autonvaraosahaku.fi\/index.php?rest_route=%2Fwp%2Fv2%2Fproduct_tag&post=93033"}],"curies":[{"name":"wp","href":"https:\/\/api.w.org\/{rel}","templated":true}]}}