{"id":93035,"date":"2021-02-21T21:42:33","date_gmt":"2021-02-21T21:42:33","guid":{"rendered":"https:\/\/www.autonvaraosahaku.fi\/?product=hella-6zl-003-259-601-oljynpaineanturi"},"modified":"2021-02-21T21:42:35","modified_gmt":"2021-02-21T21:42:35","slug":"hella-6zl-003-259-601-oljynpaineanturi","status":"publish","type":"product","link":"https:\/\/www.autonvaraosahaku.fi\/?product=hella-6zl-003-259-601-oljynpaineanturi","title":{"rendered":"HELLA 6ZL 003 259-601 \u00d6ljynpaineanturi"},"content":{"rendered":"<p>Nimellisj\u00e4nnite (V): 12; Liittimi\u00e4: 1; Kierremitta: M14x1,5; Kytkent\u00e4paine (bar): 0,3; Yhdistelm\u00e4kytkintoiminto: Avaaja; Avainv\u00e4li: 21; Valmistusvuoteen: 10\/2011; CHEVROLET: CAPTIVA C100, C140,ORLANDO J309,CRUZE J300,AVEO Schr\u00e4gheck T300,CRUZE Schr\u00e4gheck J305,AVEO Stufenheck T300; JEEP: RENEGADE Gel\u00e4ndewagen geschlossen BU,COMPASS; ABARTH: 500 \/ 595 312_,500C \/ 595C 312_,PUNTO EVO 199_; SAAB: 9-3 YS3F,9-3 Kombi YS3F,9-3 Cabriolet YS3F,9-5 YS3G,9-3X; SUZUKI: SWIFT IV FZ, NZ,SPLASH; OPEL: CORSA D,CORSA C F08, F68,ZAFIRA B A05,ASTRA H Caravan L35,MERIVA,ASTRA H L48,ASTRA J Sports Tourer,INSIGNIA Caravan,VECTRA C Caravan,ASTRA J,ASTRA H GTC L08,MERIVA B,SIGNUM,VECTRA C,ZAFIRA TOURER C P12,VECTRA C GTS,ANTARA,TIGRA TwinTop,ASTRA H TwinTop L67,INSIGNIA,INSIGNIA Stufenheck,COMBO Kasten\/Kombi,ZAFIRA B Van,ASTRA GTC J,COMBO Tour,AGILA B H08,ASTRA J Stufenheck,CORSA D Van,CASCADA W13,CORSA C Kasten F08, W5L,ASTRA H Stufenheck L69,COMBO Kasten\/Kombi X12,ASTRA H Kasten L70,COMBO Tour X12,INSIGNIA A Country Tourer G09,ASTRA CLASSIC L48; LANCIA: YPSILON 843,DELTA III 844,Y 840A,MUSA 350,THESIS 841AX,LYBRA SW 839BX,KAPPA 838A,LYBRA 839AX,YPSILON 312, 846,KAPPA SW 838B,KAPPA Coupe 838,DEDRA 835,DEDRA SW 835; FORD: KA RU8; FIAT: GRANDE PUNTO 199,PUNTO 188,PANDA 169,DUCATO Kasten 250,500 312,STILO 192,BRAVO II 198,SEICENTO 187,DUCATO Pritsche\/Fahrgestell 250,FREEMONT JF_,DUCATO Pritsche\/Fahrgestell 230,PUNTO EVO 199,DUCATO Bus 250,DUCATO Bus 230,DUCATO Kasten 244,BARCHETTA 183,DOBLO Cargo 223,500 C 312,STILO Multi Wagon 192,DOBLO 119,CROMA 194,DUCATO Pritsche\/Fahrgestell 244,DUCATO Kasten 290,DUCATO Pritsche\/Fahrgestell 290,DOBLO Kasten\/Kombi 263,PANDA Van 169,DUCATO Kasten 230L,PUNTO 199,DUCATO Bus 244, Z_,IDEA,PANDA 312,COUPE FA\/175,SEDICI,STRADA Pick-up 178E,MULTIPLA 186,QUBO 225,500L,DOBLO Gro\u00dfraumlimousine 152, 263,PUNTO Van 188AX,BRAVO I 182,BRAVA 182,SCUDO Kasten 220L,MAREA Weekend 185,DUCATO Panorama 290,FIORINO Kasten\/Kombi 225,SCUDO Combinato 220P,PALIO Weekend 178DX,LINEA 323,PUNTO Van 199,FIORINO Kasten 146,SEICENTO Van 187,DOBLO Pritsche\/Fahrgestell 263,STRADA Pick-up 578_,MAREA 185,TALENTO Pritsche\/Fahrgestell 290,TEMPRA 159,TEMPRA S.W. 159,FIORINO Pick up 146,TA; CITRO\u00cbN: JUMPER Kasten 244,JUMPER Kasten 230L,JUMPER Bus 244, Z_,JUMPER Bus 230P,JUMPER Pritsche\/Fahrgestell 244,JUMPER Pritsche\/Fahrgestell 230; 46420838, 4859914, 50008757, 500312468, 55202374, 60593844, 60593845, 60807244, 60808371, 60813321, 71749462, 7681395, 7705830, 7706596, K68070741AA, K68096456AA, K68275324AA, 25180905, 55202374, 93177490, 93193582, 55202374, 68096456AA, 113198, 1131C7, 46420838, 4859914, 50008757, 500312468, 55202374, 60593844, 60593845, 60807244, 60808371, 71749462, 7681395, 7705830, 7706596, K68070741AA, K68096456AA, K68275324AA, 46420838, 4859914, 50008757, 500312468, 55202374, 60593844, 60593845, 60807244, 60808371, 71749462, 7681395, 7705830, 7706596, K68070741AA, K68096456AA, K68275324AA, 1535416, 9S519278AA, 25180905, 4708758, 4818219, 5520237, 55202374, 6240251, 6240415, 9317749, 93177490, 93193582, 60593845, 4859914, 55202374, 55275013, 7705830, K68070741AA, K68096456AA, K68275324AA, 46420838, 4859914, 50008757, 500312468, 55202374, 60593844, 60593845, 60807244, 60808371, 71749462, 7681395, 7705830, 7706596, K68070741AA, K68096456AA, K68275324AA, 25180905, 4708758, 4818219, 5520237, 5520237&#8230;; \u00d6ljynpainekytkin<\/p>\n","protected":false},"excerpt":{"rendered":"<p>HELLA \u00d6ljynpaineanturi 6ZL 003 259-601 \u00d6ljynpainekytkin CHEVROLET,JEEP,ABARTH,CAPTIVA C100, C140,ORLANDO J309,CRUZE J300,AVEO Schr\u00e4gheck T300<\/p>\n","protected":false},"featured_media":0,"template":"","meta":{"site-sidebar-layout":"default","site-content-layout":"default","ast-global-header-display":"","ast-main-header-display":"","ast-hfb-above-header-display":"","ast-hfb-below-header-display":"","ast-hfb-mobile-header-display":"","site-post-title":"","ast-breadcrumbs-content":"","ast-featured-img":"","footer-sml-layout":"","theme-transparent-header-meta":"","adv-header-id-meta":"","stick-header-meta":"","header-above-stick-meta":"","header-main-stick-meta":"","header-below-stick-meta":""},"pwb-brand":[24],"product_cat":[235],"product_tag":[],"class_list":{"0":"post-93035","1":"product","2":"type-product","3":"status-publish","5":"pwb-brand-hella","6":"product_cat-oljynpaineanturi","7":"desktop-align-left","8":"tablet-align-left","9":"mobile-align-left","11":"first","12":"instock","13":"product-type-external"},"brands":[{"id":24,"name":"HELLA","slug":"hella"}],"_links":{"self":[{"href":"https:\/\/www.autonvaraosahaku.fi\/index.php?rest_route=\/wp\/v2\/product\/93035","targetHints":{"allow":["GET"]}}],"collection":[{"href":"https:\/\/www.autonvaraosahaku.fi\/index.php?rest_route=\/wp\/v2\/product"}],"about":[{"href":"https:\/\/www.autonvaraosahaku.fi\/index.php?rest_route=\/wp\/v2\/types\/product"}],"wp:attachment":[{"href":"https:\/\/www.autonvaraosahaku.fi\/index.php?rest_route=%2Fwp%2Fv2%2Fmedia&parent=93035"}],"wp:term":[{"taxonomy":"pwb-brand","embeddable":true,"href":"https:\/\/www.autonvaraosahaku.fi\/index.php?rest_route=%2Fwp%2Fv2%2Fpwb-brand&post=93035"},{"taxonomy":"product_cat","embeddable":true,"href":"https:\/\/www.autonvaraosahaku.fi\/index.php?rest_route=%2Fwp%2Fv2%2Fproduct_cat&post=93035"},{"taxonomy":"product_tag","embeddable":true,"href":"https:\/\/www.autonvaraosahaku.fi\/index.php?rest_route=%2Fwp%2Fv2%2Fproduct_tag&post=93035"}],"curies":[{"name":"wp","href":"https:\/\/api.w.org\/{rel}","templated":true}]}}