{"id":9304,"date":"2021-02-21T14:05:31","date_gmt":"2021-02-21T14:05:31","guid":{"rendered":"https:\/\/www.autonvaraosahaku.fi\/?product=meyle-029-750-3000-pyyhkijansulat"},"modified":"2021-02-21T14:05:32","modified_gmt":"2021-02-21T14:05:32","slug":"meyle-029-750-3000-pyyhkijansulat","status":"publish","type":"product","link":"https:\/\/www.autonvaraosahaku.fi\/?product=meyle-029-750-3000-pyyhkijansulat","title":{"rendered":"MEYLE 029 750 3000 Pyyhkij\u00e4nsulat"},"content":{"rendered":"<p>Asennuspuoli: Edess\u00e4, fahrerseitig; Pituus (mm): 750; Pituus (tuumaa): 30; Huomioi huolto-ohjeet: ; Pyyhkij\u00e4nsulkatyyppi: Flatblade-pyyhinsulka (rungoton); AUDI: A2 8Z0; FORD: S-MAX WA6,GALAXY WA6,TRANSIT CUSTOM Kasten,TOURNEO CUSTOM Bus,TRANSIT CUSTOM Bus,TOURNEO CONNECT \/ GRAND TOURNEO CONNECT Kombi,TRANSIT CONNECT Kasten,S-MAX,TRANSIT Custom  Bus,GALAXY,TRANSIT Custom Pritsche\/Fahrgestell,TOURNEO COURIER Kombi,TRANSIT CONNECT Kombi; CITRO\u00cbN: C4 Picasso I UD_,C4 Grand Picasso I UA_,C4 II B7,C4 Grand Picasso II,C4 Picasso II,DS4; PEUGEOT: 308 SW,308 4A_, 4C_,308 CC; RENAULT: ESPACE IV JK0\/1_,SC\u00c9NIC III JZ0\/1_,GRAND SC\u00c9NIC III JZ0\/1_,VEL SATIS BJ0_; DS: DS 4 \/ DS 4 CROSSBACK; Tuulilasinpyyhkimet,Pyyhkij\u00e4t,Pyyhkij\u00e4nsulka<\/p>\n","protected":false},"excerpt":{"rendered":"<p>MEYLE Pyyhkij\u00e4nsulat 029 750 3000 Tuulilasinpyyhkimet,Pyyhkij\u00e4t AUDI,FORD,CITRO\u00cbN,A2 8Z0,S-MAX WA6,GALAXY WA6,TRANSIT CUSTOM Kasten,TOURNEO CUSTOM Bus<\/p>\n","protected":false},"featured_media":0,"template":"","meta":{"site-sidebar-layout":"default","site-content-layout":"default","ast-global-header-display":"","ast-main-header-display":"","ast-hfb-above-header-display":"","ast-hfb-below-header-display":"","ast-hfb-mobile-header-display":"","site-post-title":"","ast-breadcrumbs-content":"","ast-featured-img":"","footer-sml-layout":"","theme-transparent-header-meta":"","adv-header-id-meta":"","stick-header-meta":"","header-above-stick-meta":"","header-main-stick-meta":"","header-below-stick-meta":""},"pwb-brand":[84],"product_cat":[33],"product_tag":[],"class_list":{"0":"post-9304","1":"product","2":"type-product","3":"status-publish","5":"pwb-brand-meyle","6":"product_cat-pyyhkijansulat","7":"desktop-align-left","8":"tablet-align-left","9":"mobile-align-left","11":"first","12":"instock","13":"product-type-external"},"brands":[{"id":84,"name":"MEYLE","slug":"meyle"}],"_links":{"self":[{"href":"https:\/\/www.autonvaraosahaku.fi\/index.php?rest_route=\/wp\/v2\/product\/9304","targetHints":{"allow":["GET"]}}],"collection":[{"href":"https:\/\/www.autonvaraosahaku.fi\/index.php?rest_route=\/wp\/v2\/product"}],"about":[{"href":"https:\/\/www.autonvaraosahaku.fi\/index.php?rest_route=\/wp\/v2\/types\/product"}],"wp:attachment":[{"href":"https:\/\/www.autonvaraosahaku.fi\/index.php?rest_route=%2Fwp%2Fv2%2Fmedia&parent=9304"}],"wp:term":[{"taxonomy":"pwb-brand","embeddable":true,"href":"https:\/\/www.autonvaraosahaku.fi\/index.php?rest_route=%2Fwp%2Fv2%2Fpwb-brand&post=9304"},{"taxonomy":"product_cat","embeddable":true,"href":"https:\/\/www.autonvaraosahaku.fi\/index.php?rest_route=%2Fwp%2Fv2%2Fproduct_cat&post=9304"},{"taxonomy":"product_tag","embeddable":true,"href":"https:\/\/www.autonvaraosahaku.fi\/index.php?rest_route=%2Fwp%2Fv2%2Fproduct_tag&post=9304"}],"curies":[{"name":"wp","href":"https:\/\/api.w.org\/{rel}","templated":true}]}}