{"id":93047,"date":"2021-02-21T21:42:33","date_gmt":"2021-02-21T21:42:33","guid":{"rendered":"https:\/\/www.autonvaraosahaku.fi\/?product=meyle-29-14-323-0001-polttoainesuodatin"},"modified":"2021-02-21T21:42:39","modified_gmt":"2021-02-21T21:42:39","slug":"meyle-29-14-323-0001-polttoainesuodatin","status":"publish","type":"product","link":"https:\/\/www.autonvaraosahaku.fi\/?product=meyle-29-14-323-0001-polttoainesuodatin","title":{"rendered":"MEYLE 29-14 323 0001 Polttoainesuodatin"},"content":{"rendered":"<p>L\u00e4pimitta [mm]: 60; L\u00e4pimitta 1 [mm]: 55; Suodatintyyppi: Letkusuodatin; Materiaali: Metalli; Korkeus (mm): 163,5; Korkeus 1 (mm): 78,9; lis\u00e4tieto: ORIGINAL Quality; Valmistusvuosi alkaen: 01\/2000; CHEVROLET: CAPTIVA C100, C140,MATIZ M200, M250,SPARK M300,NUBIRA Kombi,KALOS,AVEO Schr\u00e4gheck T250, T255,AVEO Schr\u00e4gheck T300,EPICA KL1_,LACETTI J200,AVEO Stufenheck T250, T255,REZZO,KALOS Stufenheck,AVEO Stufenheck T300,EVANDA,NUBIRA Stufenheck,SPARK M200 M250,AVEO Stufenheck T200,LACETTI Kombi J200,AVEO Schr\u00e4gheck T200,LACETTI Stufenheck; DAEWOO: KALOS KLAS,MATIZ KLYA,REZZO KLAU,LANOS KLAT,EVANDA KLAL,LACETTI Schr\u00e4gheck KLAN,NUBIRA Stufenheck KLAN,KALOS Stufenheck KLAS,NUBIRA Wagon KLAN,NUBIRA Wagon KLAJ,LANOS Stufenheck KLAT,LEGANZA KLAV,NUBIRA Stufenheck KLAJ,ESPERO KLEJ,NUBIRA KLAJ; SSANGYONG: REXTON GAB_,KYRON; 96335719, 96444649, 96503420, 96507803, 96335719, 96503420, 96537170, 96335719<\/p>\n","protected":false},"excerpt":{"rendered":"<p>MEYLE Polttoainesuodatin 29-14 323 0001  CHEVROLET,DAEWOO,SSANGYONG,CAPTIVA C100, C140,MATIZ M200, M250,SPARK M300,NUBIRA Kombi,KALOS<\/p>\n","protected":false},"featured_media":0,"template":"","meta":{"site-sidebar-layout":"default","site-content-layout":"default","ast-global-header-display":"","ast-main-header-display":"","ast-hfb-above-header-display":"","ast-hfb-below-header-display":"","ast-hfb-mobile-header-display":"","site-post-title":"","ast-breadcrumbs-content":"","ast-featured-img":"","footer-sml-layout":"","theme-transparent-header-meta":"","adv-header-id-meta":"","stick-header-meta":"","header-above-stick-meta":"","header-main-stick-meta":"","header-below-stick-meta":""},"pwb-brand":[84],"product_cat":[29],"product_tag":[],"class_list":{"0":"post-93047","1":"product","2":"type-product","3":"status-publish","5":"pwb-brand-meyle","6":"product_cat-polttoainesuodatin","7":"desktop-align-left","8":"tablet-align-left","9":"mobile-align-left","11":"first","12":"instock","13":"product-type-external"},"brands":[{"id":84,"name":"MEYLE","slug":"meyle"}],"_links":{"self":[{"href":"https:\/\/www.autonvaraosahaku.fi\/index.php?rest_route=\/wp\/v2\/product\/93047","targetHints":{"allow":["GET"]}}],"collection":[{"href":"https:\/\/www.autonvaraosahaku.fi\/index.php?rest_route=\/wp\/v2\/product"}],"about":[{"href":"https:\/\/www.autonvaraosahaku.fi\/index.php?rest_route=\/wp\/v2\/types\/product"}],"wp:attachment":[{"href":"https:\/\/www.autonvaraosahaku.fi\/index.php?rest_route=%2Fwp%2Fv2%2Fmedia&parent=93047"}],"wp:term":[{"taxonomy":"pwb-brand","embeddable":true,"href":"https:\/\/www.autonvaraosahaku.fi\/index.php?rest_route=%2Fwp%2Fv2%2Fpwb-brand&post=93047"},{"taxonomy":"product_cat","embeddable":true,"href":"https:\/\/www.autonvaraosahaku.fi\/index.php?rest_route=%2Fwp%2Fv2%2Fproduct_cat&post=93047"},{"taxonomy":"product_tag","embeddable":true,"href":"https:\/\/www.autonvaraosahaku.fi\/index.php?rest_route=%2Fwp%2Fv2%2Fproduct_tag&post=93047"}],"curies":[{"name":"wp","href":"https:\/\/api.w.org\/{rel}","templated":true}]}}