{"id":93050,"date":"2021-02-21T21:42:41","date_gmt":"2021-02-21T21:42:41","guid":{"rendered":"https:\/\/www.autonvaraosahaku.fi\/?product=brembo-s-61-513-jarrukengat"},"modified":"2021-02-21T21:42:41","modified_gmt":"2021-02-21T21:42:41","slug":"brembo-s-61-513-jarrukengat","status":"publish","type":"product","link":"https:\/\/www.autonvaraosahaku.fi\/?product=brembo-s-61-513-jarrukengat","title":{"rendered":"BREMBO S 61 513 Jarrukeng\u00e4t"},"content":{"rendered":"<p>L\u00e4pimitta [mm]: 180; Leveys (mm): 32; Jarruj\u00e4rjestelm\u00e4: Bendix; Asennuspuoli: Hinterachse; CITRO\u00cbN: SAXO S0, S1,AX ZA-_,SAXO Hatchback van S3_; PEUGEOT: 106 II 1,106 I 1A, 1C,205 II 20A\/C,205 I Cabriolet 741B, 20D,205 I 741A\/C,106 Van 1_; 424173, 4241E8, 4241J6, 4241J9, 4241L3, 95659671, 424100, 424100000000, 424173, 4241E8, 4241J6, 4241J9, 95659671, RB337335; Jarrukenk\u00e4sarja<\/p>\n","protected":false},"excerpt":{"rendered":"<p>BREMBO Jarrukeng\u00e4t S 61 513 Jarrukenk\u00e4sarja CITRO\u00cbN,PEUGEOT,SAXO S0, S1,AX ZA-_,SAXO Hatchback van S3_,106 II 1,106 I 1A, 1C,205 II 20A\/C<\/p>\n","protected":false},"featured_media":0,"template":"","meta":{"site-sidebar-layout":"default","site-content-layout":"default","ast-global-header-display":"","ast-main-header-display":"","ast-hfb-above-header-display":"","ast-hfb-below-header-display":"","ast-hfb-mobile-header-display":"","site-post-title":"","ast-breadcrumbs-content":"","ast-featured-img":"","footer-sml-layout":"","theme-transparent-header-meta":"","adv-header-id-meta":"","stick-header-meta":"","header-above-stick-meta":"","header-main-stick-meta":"","header-below-stick-meta":""},"pwb-brand":[146],"product_cat":[176],"product_tag":[],"class_list":{"0":"post-93050","1":"product","2":"type-product","3":"status-publish","5":"pwb-brand-brembo","6":"product_cat-jarrukengat","7":"desktop-align-left","8":"tablet-align-left","9":"mobile-align-left","11":"first","12":"instock","13":"product-type-external"},"brands":[{"id":146,"name":"BREMBO","slug":"brembo"}],"_links":{"self":[{"href":"https:\/\/www.autonvaraosahaku.fi\/index.php?rest_route=\/wp\/v2\/product\/93050","targetHints":{"allow":["GET"]}}],"collection":[{"href":"https:\/\/www.autonvaraosahaku.fi\/index.php?rest_route=\/wp\/v2\/product"}],"about":[{"href":"https:\/\/www.autonvaraosahaku.fi\/index.php?rest_route=\/wp\/v2\/types\/product"}],"wp:attachment":[{"href":"https:\/\/www.autonvaraosahaku.fi\/index.php?rest_route=%2Fwp%2Fv2%2Fmedia&parent=93050"}],"wp:term":[{"taxonomy":"pwb-brand","embeddable":true,"href":"https:\/\/www.autonvaraosahaku.fi\/index.php?rest_route=%2Fwp%2Fv2%2Fpwb-brand&post=93050"},{"taxonomy":"product_cat","embeddable":true,"href":"https:\/\/www.autonvaraosahaku.fi\/index.php?rest_route=%2Fwp%2Fv2%2Fproduct_cat&post=93050"},{"taxonomy":"product_tag","embeddable":true,"href":"https:\/\/www.autonvaraosahaku.fi\/index.php?rest_route=%2Fwp%2Fv2%2Fproduct_tag&post=93050"}],"curies":[{"name":"wp","href":"https:\/\/api.w.org\/{rel}","templated":true}]}}