{"id":93064,"date":"2021-02-21T21:42:41","date_gmt":"2021-02-21T21:42:41","guid":{"rendered":"https:\/\/www.autonvaraosahaku.fi\/?product=denso-dox-0307-lambda-anturi"},"modified":"2021-02-21T21:42:46","modified_gmt":"2021-02-21T21:42:46","slug":"denso-dox-0307-lambda-anturi","status":"publish","type":"product","link":"https:\/\/www.autonvaraosahaku.fi\/?product=denso-dox-0307-lambda-anturi","title":{"rendered":"DENSO DOX-0307 Lambda anturi"},"content":{"rendered":"<p>Laatu: OE; Valmistaja rajaus: DENSO; Kierremitta: M18x1.5; Kaapelinmitta (mm): 510; Napojen m\u00e4\u00e4r\u00e4: 4; Paino [g]: 108; Tuotelinja: Direct Fit; Valmistusvuosi alkaen: 02\/2002; SUBARU: FORESTER SG,LEGACY IV Station Wagon BL, BP, B13_,LEGACY III Station Wagon BE, BH,LEGACY IV BL, BP,OUTBACK BE, BH,LEGACY III BE, BH; 22641AA140, 22641AA230, 22641AA280; Lambdatunnistin,Happianturi<\/p>\n","protected":false},"excerpt":{"rendered":"<p>DENSO Lambda Anturi DOX-0307 Lambdatunnistin,Happianturi SUBARU,FORESTER SG,LEGACY IV Station Wagon BL, BP, B13_,LEGACY III Station Wagon BE, BH<\/p>\n","protected":false},"featured_media":0,"template":"","meta":{"site-sidebar-layout":"default","site-content-layout":"default","ast-global-header-display":"","ast-main-header-display":"","ast-hfb-above-header-display":"","ast-hfb-below-header-display":"","ast-hfb-mobile-header-display":"","site-post-title":"","ast-breadcrumbs-content":"","ast-featured-img":"","footer-sml-layout":"","theme-transparent-header-meta":"","adv-header-id-meta":"","stick-header-meta":"","header-above-stick-meta":"","header-main-stick-meta":"","header-below-stick-meta":""},"pwb-brand":[278],"product_cat":[264],"product_tag":[],"class_list":{"0":"post-93064","1":"product","2":"type-product","3":"status-publish","5":"pwb-brand-denso","6":"product_cat-lambda-anturi","7":"desktop-align-left","8":"tablet-align-left","9":"mobile-align-left","11":"first","12":"instock","13":"product-type-external"},"brands":[{"id":278,"name":"DENSO","slug":"denso"}],"_links":{"self":[{"href":"https:\/\/www.autonvaraosahaku.fi\/index.php?rest_route=\/wp\/v2\/product\/93064","targetHints":{"allow":["GET"]}}],"collection":[{"href":"https:\/\/www.autonvaraosahaku.fi\/index.php?rest_route=\/wp\/v2\/product"}],"about":[{"href":"https:\/\/www.autonvaraosahaku.fi\/index.php?rest_route=\/wp\/v2\/types\/product"}],"wp:attachment":[{"href":"https:\/\/www.autonvaraosahaku.fi\/index.php?rest_route=%2Fwp%2Fv2%2Fmedia&parent=93064"}],"wp:term":[{"taxonomy":"pwb-brand","embeddable":true,"href":"https:\/\/www.autonvaraosahaku.fi\/index.php?rest_route=%2Fwp%2Fv2%2Fpwb-brand&post=93064"},{"taxonomy":"product_cat","embeddable":true,"href":"https:\/\/www.autonvaraosahaku.fi\/index.php?rest_route=%2Fwp%2Fv2%2Fproduct_cat&post=93064"},{"taxonomy":"product_tag","embeddable":true,"href":"https:\/\/www.autonvaraosahaku.fi\/index.php?rest_route=%2Fwp%2Fv2%2Fproduct_tag&post=93064"}],"curies":[{"name":"wp","href":"https:\/\/api.w.org\/{rel}","templated":true}]}}