{"id":93066,"date":"2021-02-21T21:42:41","date_gmt":"2021-02-21T21:42:41","guid":{"rendered":"https:\/\/www.autonvaraosahaku.fi\/?product=brembo-s-83-542-kasijarrukengat"},"modified":"2021-02-21T21:42:47","modified_gmt":"2021-02-21T21:42:47","slug":"brembo-s-83-542-kasijarrukengat","status":"publish","type":"product","link":"https:\/\/www.autonvaraosahaku.fi\/?product=brembo-s-83-542-kasijarrukengat","title":{"rendered":"BREMBO S 83 542 K\u00e4sijarrukeng\u00e4t"},"content":{"rendered":"<p>L\u00e4pimitta [mm]: 190; Leveys (mm): 45; Asennuspuoli: Hinterachse; TOYOTA: RAV 4 II CLA2_, XA2_, ZCA2_, ACA2_,PREVIA MCR3_, ACR3_, CLR3_,AVENSIS VERSO _CLM2_, _ACM2_,SUPRA JZA80,PREVIA TCR2_, TCR1_; LEXUS: RX MHU3_, GSU3_, MCU3_,IS I JCE1_, GXE1_,GS UZS161, JZS160,IS SportCross,LS UCF20,SC UZZ40_,GS JZS147; 4654044010, 4654048010, 4654048020, 4655028010, 4655048010, 4655048020, 4655050010, 4659028010, 4659048010, 4659048020, 4654028010, 4654028020, 4654044010, 4654050010, 4655008010, 465500E010, 4655028010, 4655044010, 4655050010, 4658050010, 4659028010, 4659028020, 4659044010, 4659050010; Jarrukenk\u00e4sarja, K\u00e4sijarru<\/p>\n","protected":false},"excerpt":{"rendered":"<p>BREMBO K\u00e4sijarrukeng\u00e4t S 83 542 Jarrukenk\u00e4sarja, K\u00e4sijarru TOYOTA,LEXUS,RAV 4 II CLA2_, XA2_, ZCA2_, ACA2_,PREVIA MCR3_, ACR3_, CLR3_<\/p>\n","protected":false},"featured_media":0,"template":"","meta":{"site-sidebar-layout":"default","site-content-layout":"default","ast-global-header-display":"","ast-main-header-display":"","ast-hfb-above-header-display":"","ast-hfb-below-header-display":"","ast-hfb-mobile-header-display":"","site-post-title":"","ast-breadcrumbs-content":"","ast-featured-img":"","footer-sml-layout":"","theme-transparent-header-meta":"","adv-header-id-meta":"","stick-header-meta":"","header-above-stick-meta":"","header-main-stick-meta":"","header-below-stick-meta":""},"pwb-brand":[146],"product_cat":[236],"product_tag":[],"class_list":{"0":"post-93066","1":"product","2":"type-product","3":"status-publish","5":"pwb-brand-brembo","6":"product_cat-kasijarrukengat","7":"desktop-align-left","8":"tablet-align-left","9":"mobile-align-left","11":"first","12":"instock","13":"product-type-external"},"brands":[{"id":146,"name":"BREMBO","slug":"brembo"}],"_links":{"self":[{"href":"https:\/\/www.autonvaraosahaku.fi\/index.php?rest_route=\/wp\/v2\/product\/93066","targetHints":{"allow":["GET"]}}],"collection":[{"href":"https:\/\/www.autonvaraosahaku.fi\/index.php?rest_route=\/wp\/v2\/product"}],"about":[{"href":"https:\/\/www.autonvaraosahaku.fi\/index.php?rest_route=\/wp\/v2\/types\/product"}],"wp:attachment":[{"href":"https:\/\/www.autonvaraosahaku.fi\/index.php?rest_route=%2Fwp%2Fv2%2Fmedia&parent=93066"}],"wp:term":[{"taxonomy":"pwb-brand","embeddable":true,"href":"https:\/\/www.autonvaraosahaku.fi\/index.php?rest_route=%2Fwp%2Fv2%2Fpwb-brand&post=93066"},{"taxonomy":"product_cat","embeddable":true,"href":"https:\/\/www.autonvaraosahaku.fi\/index.php?rest_route=%2Fwp%2Fv2%2Fproduct_cat&post=93066"},{"taxonomy":"product_tag","embeddable":true,"href":"https:\/\/www.autonvaraosahaku.fi\/index.php?rest_route=%2Fwp%2Fv2%2Fproduct_tag&post=93066"}],"curies":[{"name":"wp","href":"https:\/\/api.w.org\/{rel}","templated":true}]}}