{"id":93074,"date":"2021-02-21T21:42:49","date_gmt":"2021-02-21T21:42:49","guid":{"rendered":"https:\/\/www.autonvaraosahaku.fi\/?product=a-b-s-230839-raidetangon-paa"},"modified":"2021-02-21T21:42:51","modified_gmt":"2021-02-21T21:42:51","slug":"a-b-s-230839-raidetangon-paa","status":"publish","type":"product","link":"https:\/\/www.autonvaraosahaku.fi\/?product=a-b-s-230839-raidetangon-paa","title":{"rendered":"A.B.S. 230839 Raidetangon p\u00e4\u00e4"},"content":{"rendered":"<p>Asennuspuoli: Edess\u00e4, links; Kierremitta: FM14X1.5 RHT; Kartiomitta (mm): 12; Pituus (mm): 166; Paino [kg]: 0,53; CITRO\u00cbN: BERLINGO B9,BERLINGO Kasten M_,C4 II B7,BERLINGO Kasten B9,DS4,BERLINGO Pritsche\/Fahrgestell B9,C4 Stufenheck N; PEUGEOT: 308 SW,308 4A_, 4C_,5008,3008,PARTNER Tepee,308 CC,EXPERT Tepee VF3V_,PARTNER Kasten,PARTNER Pritsche\/Fahrgestell; DS: DS 4 \/ DS 4 CROSSBACK; 1610936880, 381776, 381789, 1610936880, 381776, 381789<\/p>\n","protected":false},"excerpt":{"rendered":"<p>A.B.S. Raidetangon P\u00e4\u00e4 230839  CITRO\u00cbN,PEUGEOT,DS,BERLINGO B9,BERLINGO Kasten M_,C4 II B7,BERLINGO Kasten B9,DS4,BERLINGO Pritsche\/Fahrgestell B9<\/p>\n","protected":false},"featured_media":0,"template":"","meta":{"site-sidebar-layout":"default","site-content-layout":"default","ast-global-header-display":"","ast-main-header-display":"","ast-hfb-above-header-display":"","ast-hfb-below-header-display":"","ast-hfb-mobile-header-display":"","site-post-title":"","ast-breadcrumbs-content":"","ast-featured-img":"","footer-sml-layout":"","theme-transparent-header-meta":"","adv-header-id-meta":"","stick-header-meta":"","header-above-stick-meta":"","header-main-stick-meta":"","header-below-stick-meta":""},"pwb-brand":[326],"product_cat":[96],"product_tag":[],"class_list":{"0":"post-93074","1":"product","2":"type-product","3":"status-publish","5":"pwb-brand-a-b-s","6":"product_cat-raidetangon-paa","7":"desktop-align-left","8":"tablet-align-left","9":"mobile-align-left","11":"first","12":"instock","13":"product-type-external"},"brands":[{"id":326,"name":"A.B.S.","slug":"a-b-s"}],"_links":{"self":[{"href":"https:\/\/www.autonvaraosahaku.fi\/index.php?rest_route=\/wp\/v2\/product\/93074","targetHints":{"allow":["GET"]}}],"collection":[{"href":"https:\/\/www.autonvaraosahaku.fi\/index.php?rest_route=\/wp\/v2\/product"}],"about":[{"href":"https:\/\/www.autonvaraosahaku.fi\/index.php?rest_route=\/wp\/v2\/types\/product"}],"wp:attachment":[{"href":"https:\/\/www.autonvaraosahaku.fi\/index.php?rest_route=%2Fwp%2Fv2%2Fmedia&parent=93074"}],"wp:term":[{"taxonomy":"pwb-brand","embeddable":true,"href":"https:\/\/www.autonvaraosahaku.fi\/index.php?rest_route=%2Fwp%2Fv2%2Fpwb-brand&post=93074"},{"taxonomy":"product_cat","embeddable":true,"href":"https:\/\/www.autonvaraosahaku.fi\/index.php?rest_route=%2Fwp%2Fv2%2Fproduct_cat&post=93074"},{"taxonomy":"product_tag","embeddable":true,"href":"https:\/\/www.autonvaraosahaku.fi\/index.php?rest_route=%2Fwp%2Fv2%2Fproduct_tag&post=93074"}],"curies":[{"name":"wp","href":"https:\/\/api.w.org\/{rel}","templated":true}]}}