{"id":93084,"date":"2021-02-21T21:42:49","date_gmt":"2021-02-21T21:42:49","guid":{"rendered":"https:\/\/www.autonvaraosahaku.fi\/?product=febi-bilstein-116147-jarrupalat"},"modified":"2021-02-21T21:42:55","modified_gmt":"2021-02-21T21:42:55","slug":"febi-bilstein-116147-jarrupalat","status":"publish","type":"product","link":"https:\/\/www.autonvaraosahaku.fi\/?product=febi-bilstein-116147-jarrupalat","title":{"rendered":"FEBI BILSTEIN 116147 Jarrupalat"},"content":{"rendered":"<p>Pituus (mm): 106,3; Leveys (mm): 47,2; Tarkistuskilpi: ECE R90 Approved; Asennuspuoli: Taka-akseli; Paksuus 1 [mm]: 16,6; Paino [kg]: 1,2; Kulumisenilmaisimen liitos: akustisella kulumavaroittimella; M\u00e4\u00e4r\u00e4yksikk\u00f6: Akselisarja; Jarrulevytyyppi: bel\u00fcftet; CHEVROLET: MALIBU V300; OPEL: INSIGNIA Caravan,INSIGNIA,INSIGNIA Stufenheck,INSIGNIA A Country Tourer G09; SAAB: 9-5 YS3G; VAUXHALL: INSIGNIA Mk I A,INSIGNIA Mk I A Estate,INSIGNIA Mk I A Sedan,INSIGNIA Mk I A Country Tourer G09; 22846359, 22846362, 22846363, 016586609, 0542027, 0542125, 1605103, 1605104, 1605130, 1605179, 1605221, 1605223, 1605319, 1605320, 1605366, 1605367, 16586609, 542027, 542125, 13237767, 13237768, 13338368, 013237765, 013237766, 013338368, 013343450, 013343451, 013365958, 039021482, 039021483, 095514644, 095515497, 095515498, 13237765, 13237766, 13338368, 13343450, 13343451, 13365958, 39021482, 39021483, 95514644, 95515497, 95515498; Jarrupalasarja,Jarrupala, Levyjarru<\/p>\n","protected":false},"excerpt":{"rendered":"<p>FEBI BILSTEIN Jarrupalat 116147 Jarrupalasarja,Jarrupala, Levyjarru CHEVROLET,OPEL,SAAB,MALIBU V300,INSIGNIA Caravan,INSIGNIA,INSIGNIA Stufenheck<\/p>\n","protected":false},"featured_media":0,"template":"","meta":{"site-sidebar-layout":"default","site-content-layout":"default","ast-global-header-display":"","ast-main-header-display":"","ast-hfb-above-header-display":"","ast-hfb-below-header-display":"","ast-hfb-mobile-header-display":"","site-post-title":"","ast-breadcrumbs-content":"","ast-featured-img":"","footer-sml-layout":"","theme-transparent-header-meta":"","adv-header-id-meta":"","stick-header-meta":"","header-above-stick-meta":"","header-main-stick-meta":"","header-below-stick-meta":""},"pwb-brand":[50],"product_cat":[100],"product_tag":[],"class_list":{"0":"post-93084","1":"product","2":"type-product","3":"status-publish","5":"pwb-brand-febi-bilstein","6":"product_cat-jarrupalat","7":"desktop-align-left","8":"tablet-align-left","9":"mobile-align-left","11":"first","12":"instock","13":"product-type-external"},"brands":[{"id":50,"name":"FEBI BILSTEIN","slug":"febi-bilstein"}],"_links":{"self":[{"href":"https:\/\/www.autonvaraosahaku.fi\/index.php?rest_route=\/wp\/v2\/product\/93084","targetHints":{"allow":["GET"]}}],"collection":[{"href":"https:\/\/www.autonvaraosahaku.fi\/index.php?rest_route=\/wp\/v2\/product"}],"about":[{"href":"https:\/\/www.autonvaraosahaku.fi\/index.php?rest_route=\/wp\/v2\/types\/product"}],"wp:attachment":[{"href":"https:\/\/www.autonvaraosahaku.fi\/index.php?rest_route=%2Fwp%2Fv2%2Fmedia&parent=93084"}],"wp:term":[{"taxonomy":"pwb-brand","embeddable":true,"href":"https:\/\/www.autonvaraosahaku.fi\/index.php?rest_route=%2Fwp%2Fv2%2Fpwb-brand&post=93084"},{"taxonomy":"product_cat","embeddable":true,"href":"https:\/\/www.autonvaraosahaku.fi\/index.php?rest_route=%2Fwp%2Fv2%2Fproduct_cat&post=93084"},{"taxonomy":"product_tag","embeddable":true,"href":"https:\/\/www.autonvaraosahaku.fi\/index.php?rest_route=%2Fwp%2Fv2%2Fproduct_tag&post=93084"}],"curies":[{"name":"wp","href":"https:\/\/api.w.org\/{rel}","templated":true}]}}