{"id":9310,"date":"2021-02-21T14:05:31","date_gmt":"2021-02-21T14:05:31","guid":{"rendered":"https:\/\/www.autonvaraosahaku.fi\/?product=mahle-original-021-ps-20002-000-muut-luokat"},"modified":"2021-02-21T14:05:32","modified_gmt":"2021-02-21T14:05:32","slug":"mahle-original-021-ps-20002-000-muut-luokat","status":"publish","type":"product","link":"https:\/\/www.autonvaraosahaku.fi\/?product=mahle-original-021-ps-20002-000-muut-luokat","title":{"rendered":"MAHLE ORIGINAL 021 PS 20002 000 Muut luokat"},"content":{"rendered":"<p>Komponenttinumero: 021PL19981000; Lakkeriv\u00e4lykselle alkaen [mm]: 0,031; Laakeriv\u00e4lykseen [mm]: 0,089; Kotelol\u00e4pimitalle alkaen [mm]: 51,587; Kotelol\u00e4pimittaan [mm]: 51,6; Leveys alkaen [mm]: 20,5; sein\u00e4paksuudelle alkaen [mm]: 1,768; Akselil\u00e4pimitalle v\u00e4h. [mm]: 48,0; Akselil\u00e4pimittaan [mm]: 48,02; Moottorinumero: F2N.7.10; NISSAN: PRIMERA Kombi WP12,PRIMERA P12,PRIMERA Hatchback P12,PRIMASTAR Bus X83,PRIMASTAR Kasten X83,INTERSTAR Kasten X70,INTERSTAR Bus X70,PRIMASTAR Pritsche\/Fahrgestell; VOLVO: 440 K 445,460 L 464,140 142, 144,140 Kombi 145; SUZUKI: GRAND VITARA II JT; OPEL: VIVARO Kasten F7,VIVARO Combi J7,MOVANO Kasten F9,MOVANO Combi J9,VIVARO Pritsche\/Fahrgestell E7,ARENA Kasten TB, TF; RENAULT: CLIO II BB0\/1\/2_, CB0\/1\/2_,CLIO III BR0\/1, CR0\/1,SC\u00c9NIC II JM0\/1_,KANGOO KC0\/1_,MEGANE III Grandtour KZ0\/1,ESPACE IV JK0\/1_,LAGUNA II Grandtour KG0\/1_,MEGANE II Kombi KM0\/1_,SC\u00c9NIC I JA0\/1_,MEGANE II Coup\u00e9-Cabriolet EM0\/1_,SC\u00c9NIC III JZ0\/1_,ESPACE III JE0_,LAGUNA III Grandtour KT0\/1,MEGANE Scenic JA0\/1_,MEGANE III Schr\u00e4gheck BZ0_,LAGUNA II BG0\/1_,MEGANE II BM0\/1_, CM0\/1_,TRAFIC II Bus JL,GRAND SC\u00c9NIC III JZ0\/1_,MEGANE I BA0\/1_,MASTER II Kasten FD,TRAFIC II Kasten FL,MEGANE III Coupe DZ0\/1_,KANGOO Express FC0\/1_,GRAND SC\u00c9NIC II JM0\/1_,MEGANE I Grandtour KA0\/1_,MEGANE I Cabriolet EA0\/1_,LAGUNA I B56_, 556_,CLIO I B\/C57_, 5\/357_,CAPTUR,LAGUNA I Grandtour K56_,LAGUNA III BT0\/1,MEGANE II Stufenheck LM0\/1_,MEGANE I Classic LA0\/1_,MEGANE I Coach DA0\/1_,MEGANE CC EZ0\/1_,VEL SATIS BJ0_,MASTER II Bus JD,CLIO II Kasten SB0\/1\/2_,LAGUNA Coupe DT0\/1,19 II B\/C53_,19 II Cabriolet D53_, 853_,SUPER 5 B\/C40_,RAPID Kasten F40_, G40_,19 I B\/C53_,FLUENCE L30_,AVANTIME DE0_,9 L4; MITSUBISHI: SPACE STAR DG_A,CARISMA DA_,CARISMA Stufenheck DA_; VAUXHALL: VIVARO Kasten F7,MOVANO Mk I A Van FD,MOVANO Mk I A Combi JD,VIVARO Combi J7,VIVARO Pritsche\/Fahrgestell E7; 7711130061, 7711130062, 7711130073<\/p>\n","protected":false},"excerpt":{"rendered":"<p>MAHLE ORIGINAL Kiertokankilaakerisarja 021 PS 20002 000  NISSAN,VOLVO,SUZUKI,PRIMERA Kombi WP12,PRIMERA P12,PRIMERA Hatchback P12,PRIMASTAR Bus X83<\/p>\n","protected":false},"featured_media":0,"template":"","meta":{"site-sidebar-layout":"default","site-content-layout":"default","ast-global-header-display":"","ast-main-header-display":"","ast-hfb-above-header-display":"","ast-hfb-below-header-display":"","ast-hfb-mobile-header-display":"","site-post-title":"","ast-breadcrumbs-content":"","ast-featured-img":"","footer-sml-layout":"","theme-transparent-header-meta":"","adv-header-id-meta":"","stick-header-meta":"","header-above-stick-meta":"","header-main-stick-meta":"","header-below-stick-meta":""},"pwb-brand":[153],"product_cat":[37],"product_tag":[],"class_list":{"0":"post-9310","1":"product","2":"type-product","3":"status-publish","5":"pwb-brand-mahle-original","6":"product_cat-muut-luokat","7":"desktop-align-left","8":"tablet-align-left","9":"mobile-align-left","11":"first","12":"instock","13":"product-type-external"},"brands":[{"id":153,"name":"MAHLE ORIGINAL","slug":"mahle-original"}],"_links":{"self":[{"href":"https:\/\/www.autonvaraosahaku.fi\/index.php?rest_route=\/wp\/v2\/product\/9310","targetHints":{"allow":["GET"]}}],"collection":[{"href":"https:\/\/www.autonvaraosahaku.fi\/index.php?rest_route=\/wp\/v2\/product"}],"about":[{"href":"https:\/\/www.autonvaraosahaku.fi\/index.php?rest_route=\/wp\/v2\/types\/product"}],"wp:attachment":[{"href":"https:\/\/www.autonvaraosahaku.fi\/index.php?rest_route=%2Fwp%2Fv2%2Fmedia&parent=9310"}],"wp:term":[{"taxonomy":"pwb-brand","embeddable":true,"href":"https:\/\/www.autonvaraosahaku.fi\/index.php?rest_route=%2Fwp%2Fv2%2Fpwb-brand&post=9310"},{"taxonomy":"product_cat","embeddable":true,"href":"https:\/\/www.autonvaraosahaku.fi\/index.php?rest_route=%2Fwp%2Fv2%2Fproduct_cat&post=9310"},{"taxonomy":"product_tag","embeddable":true,"href":"https:\/\/www.autonvaraosahaku.fi\/index.php?rest_route=%2Fwp%2Fv2%2Fproduct_tag&post=9310"}],"curies":[{"name":"wp","href":"https:\/\/api.w.org\/{rel}","templated":true}]}}