{"id":93102,"date":"2021-02-21T21:42:57","date_gmt":"2021-02-21T21:42:57","guid":{"rendered":"https:\/\/www.autonvaraosahaku.fi\/?product=ridex-854s0704-iskunvaimennin"},"modified":"2021-02-21T21:43:02","modified_gmt":"2021-02-21T21:43:02","slug":"ridex-854s0704-iskunvaimennin","status":"publish","type":"product","link":"https:\/\/www.autonvaraosahaku.fi\/?product=ridex-854s0704-iskunvaimennin","title":{"rendered":"RIDEX 854S0704 Iskunvaimennin"},"content":{"rendered":"<p>Asennuspuoli: Taka-akseli; Iskunvaimennin tyyppi: Kaasupaine; Iskunvaimennusj\u00e4rjestelm\u00e4: Kaksiputki; Iskunvaimennin asennustapa: Tappi ylh\u00e4\u00e4ll\u00e4, Silmukka alhaalla; parilliset tuotenumerot: 854S0704; Varusteet: f\u00fcr Fahrzeuge ohne Niveauregulierung; OPEL: VECTRA B 36_,VECTRA B Caravan 31_,VECTRA B CC 38_; VAUXHALL: VECTRA B CC,VECTRA B Estate,VECTRA B; 4343264, 436158, 436159, 436160, 436178, 436232, 436247, 436257, 436258, 436263, 436268, 436269, 436271, 72118774, 72118798, 72119024, 72119030, 72119078, 90495396, 90495402, 90512981, 90538932, 90538998, 90539705, 90541272, 90542706, 90542737, 90575235, 9156794, 9156795, 9192326, 9192327, 9200967; Iskarit,Iskunvaimennin<\/p>\n","protected":false},"excerpt":{"rendered":"<p>RIDEX Iskunvaimentimet 854S0704 Iskarit,Iskunvaimennin OPEL,VAUXHALL,VECTRA B 36_,VECTRA B Caravan 31_,VECTRA B CC 38_,VECTRA B CC,VECTRA B Estate<\/p>\n","protected":false},"featured_media":0,"template":"","meta":{"site-sidebar-layout":"default","site-content-layout":"default","ast-global-header-display":"","ast-main-header-display":"","ast-hfb-above-header-display":"","ast-hfb-below-header-display":"","ast-hfb-mobile-header-display":"","site-post-title":"","ast-breadcrumbs-content":"","ast-featured-img":"","footer-sml-layout":"","theme-transparent-header-meta":"","adv-header-id-meta":"","stick-header-meta":"","header-above-stick-meta":"","header-main-stick-meta":"","header-below-stick-meta":""},"pwb-brand":[157],"product_cat":[80],"product_tag":[],"class_list":{"0":"post-93102","1":"product","2":"type-product","3":"status-publish","5":"pwb-brand-ridex","6":"product_cat-iskunvaimennin","7":"desktop-align-left","8":"tablet-align-left","9":"mobile-align-left","11":"first","12":"instock","13":"product-type-external"},"brands":[{"id":157,"name":"RIDEX","slug":"ridex"}],"_links":{"self":[{"href":"https:\/\/www.autonvaraosahaku.fi\/index.php?rest_route=\/wp\/v2\/product\/93102","targetHints":{"allow":["GET"]}}],"collection":[{"href":"https:\/\/www.autonvaraosahaku.fi\/index.php?rest_route=\/wp\/v2\/product"}],"about":[{"href":"https:\/\/www.autonvaraosahaku.fi\/index.php?rest_route=\/wp\/v2\/types\/product"}],"wp:attachment":[{"href":"https:\/\/www.autonvaraosahaku.fi\/index.php?rest_route=%2Fwp%2Fv2%2Fmedia&parent=93102"}],"wp:term":[{"taxonomy":"pwb-brand","embeddable":true,"href":"https:\/\/www.autonvaraosahaku.fi\/index.php?rest_route=%2Fwp%2Fv2%2Fpwb-brand&post=93102"},{"taxonomy":"product_cat","embeddable":true,"href":"https:\/\/www.autonvaraosahaku.fi\/index.php?rest_route=%2Fwp%2Fv2%2Fproduct_cat&post=93102"},{"taxonomy":"product_tag","embeddable":true,"href":"https:\/\/www.autonvaraosahaku.fi\/index.php?rest_route=%2Fwp%2Fv2%2Fproduct_tag&post=93102"}],"curies":[{"name":"wp","href":"https:\/\/api.w.org\/{rel}","templated":true}]}}