{"id":93106,"date":"2021-02-21T21:42:57","date_gmt":"2021-02-21T21:42:57","guid":{"rendered":"https:\/\/www.autonvaraosahaku.fi\/?product=ridex-854s0228-iskunvaimennin"},"modified":"2021-02-21T21:43:03","modified_gmt":"2021-02-21T21:43:03","slug":"ridex-854s0228-iskunvaimennin","status":"publish","type":"product","link":"https:\/\/www.autonvaraosahaku.fi\/?product=ridex-854s0228-iskunvaimennin","title":{"rendered":"RIDEX 854S0228 Iskunvaimennin"},"content":{"rendered":"<p>Asennuspuoli: Etuakseli, oikea; Iskunvaimennin tyyppi: Kaasupaine; Iskunvaimennin malli: Joustintuki; Iskunvaimennusj\u00e4rjestelm\u00e4: Kaksiputki; Pituus 2 (mm): 349; Pituus 1 (mm): 527; Varusteet: f\u00fcr Fahrzeuge ohne Spurhalteassistent; OPEL: ZAFIRA B A05,ASTRA H Caravan L35,ASTRA H L48,ASTRA H GTC L08,ZAFIRA TOURER C P12,ASTRA H TwinTop L67,ZAFIRA B Van,ASTRA H Stufenheck L69,ASTRA H Kasten L70,ASTRA CLASSIC L48; VAUXHALL: ZAFIRA Mk II B M75,ASTRA Mk V H CC,ASTRA Mk V H Estate,ZAFIRA Mk III P12,ASTRA Mk V H Convertible,ASTRAVAN Mk V H; 344099, 344155, 344160, 344351, 344353, 344357, 344380, 344384, 344398, 344429, 344432, 344667, 344669, 344671, 344673, 344677, 344679, 344684, 344686, 93179397, 93179661, 93179679, 93179685, 93179687, 93179693, 93183826, 93183851, 93185142, 93185157, 93185815, 93195747, 93195912, 93195915, 93195917, 93195965, 93195972, 93195976, 93195982, 344099, 344155, 344160, 344351, 344353, 344357, 344380, 344384, 344398, 344429, 344432, 344667, 344669, 344671, 344673, 344677, 344679, 344684, 344686, 93179397, 93179661, 93179679, 93179685, 93179687, 93179693, 93183826, 93183851, 93185142, 93185157, 93185815, 93195747, 93195912, 93195915, 93195917, 93195965, 93195972, 93195976, 93195982; Iskarit,Iskunvaimennin<\/p>\n","protected":false},"excerpt":{"rendered":"<p>RIDEX Iskunvaimentimet 854S0228 Iskarit,Iskunvaimennin OPEL,VAUXHALL,ZAFIRA B A05,ASTRA H Caravan L35,ASTRA H L48,ASTRA H GTC L08,ZAFIRA TOURER C P12<\/p>\n","protected":false},"featured_media":0,"template":"","meta":{"site-sidebar-layout":"default","site-content-layout":"default","ast-global-header-display":"","ast-main-header-display":"","ast-hfb-above-header-display":"","ast-hfb-below-header-display":"","ast-hfb-mobile-header-display":"","site-post-title":"","ast-breadcrumbs-content":"","ast-featured-img":"","footer-sml-layout":"","theme-transparent-header-meta":"","adv-header-id-meta":"","stick-header-meta":"","header-above-stick-meta":"","header-main-stick-meta":"","header-below-stick-meta":""},"pwb-brand":[157],"product_cat":[80],"product_tag":[],"class_list":{"0":"post-93106","1":"product","2":"type-product","3":"status-publish","5":"pwb-brand-ridex","6":"product_cat-iskunvaimennin","7":"desktop-align-left","8":"tablet-align-left","9":"mobile-align-left","11":"first","12":"instock","13":"product-type-external"},"brands":[{"id":157,"name":"RIDEX","slug":"ridex"}],"_links":{"self":[{"href":"https:\/\/www.autonvaraosahaku.fi\/index.php?rest_route=\/wp\/v2\/product\/93106","targetHints":{"allow":["GET"]}}],"collection":[{"href":"https:\/\/www.autonvaraosahaku.fi\/index.php?rest_route=\/wp\/v2\/product"}],"about":[{"href":"https:\/\/www.autonvaraosahaku.fi\/index.php?rest_route=\/wp\/v2\/types\/product"}],"wp:attachment":[{"href":"https:\/\/www.autonvaraosahaku.fi\/index.php?rest_route=%2Fwp%2Fv2%2Fmedia&parent=93106"}],"wp:term":[{"taxonomy":"pwb-brand","embeddable":true,"href":"https:\/\/www.autonvaraosahaku.fi\/index.php?rest_route=%2Fwp%2Fv2%2Fpwb-brand&post=93106"},{"taxonomy":"product_cat","embeddable":true,"href":"https:\/\/www.autonvaraosahaku.fi\/index.php?rest_route=%2Fwp%2Fv2%2Fproduct_cat&post=93106"},{"taxonomy":"product_tag","embeddable":true,"href":"https:\/\/www.autonvaraosahaku.fi\/index.php?rest_route=%2Fwp%2Fv2%2Fproduct_tag&post=93106"}],"curies":[{"name":"wp","href":"https:\/\/api.w.org\/{rel}","templated":true}]}}