{"id":93110,"date":"2021-02-21T21:43:06","date_gmt":"2021-02-21T21:43:06","guid":{"rendered":"https:\/\/www.autonvaraosahaku.fi\/?product=autofren-seinsa-d4935-jarrusatula-korjaussarja"},"modified":"2021-02-21T21:43:06","modified_gmt":"2021-02-21T21:43:06","slug":"autofren-seinsa-d4935-jarrusatula-korjaussarja","status":"publish","type":"product","link":"https:\/\/www.autonvaraosahaku.fi\/?product=autofren-seinsa-d4935-jarrusatula-korjaussarja","title":{"rendered":"AUTOFREN SEINSA D4935 Jarrusatula korjaussarja"},"content":{"rendered":"<p>Asennuspuoli: Etuakseli; L\u00e4pimitta [mm]: 54; Jarruj\u00e4rjestelm\u00e4: ATE; Erittely: MINOR KIT, CON ABS; OE-numerolle: 1K0698471B; VW: GOLF IV 1J1,GOLF V 1K1,TOURAN 1T1, 1T2,GOLF VI 5K1,PASSAT Variant 3C5,GOLF PLUS 5M1, 521,PASSAT 3C2,POLO 6R, 6C,PASSAT Variant 365,GOLF IV Variant 1J5,CADDY III Kombi 2KB, 2KJ, 2CB, 2CJ,TOURAN 1T3,GOLF VI Variant AJ5,GOLF V Variant 1K5,CADDY III Kasten 2KA, 2KH, 2CA, 2CH,EOS 1F7, 1F8,SCIROCCO 137, 138,PASSAT CC 357,JETTA III 1K2,PASSAT 362,CC 358,GOLF VI Cabriolet 517,BEETLE 5C1,JETTA IV 162, 163,PASSAT ALLTRACK 365,BEETLE Cabriolet 5C7; AUDI: A3 8P1,A3 Sportback 8PA,TT 8J3,A1 8X1, 8XF,A1 Sportback 8XA, 8XK,TT Roadster 8J9,A3 Cabriolet 8P7; MERCEDES-BENZ: R-CLASS W251, V251,T2\/L Kipper; BMW: 3 Touring E91,3 E90,1 E87,1 E81,3 Coupe E92,3 Cabriolet E93,1 Cabriolet E88,1 Coupe E82; FORD: FIESTA V JH_, JD_,FOCUS II Kombi DA_,FOCUS Kombi DNW,FOCUS II DA_,FOCUS DAW, DBW,FOCUS C-MAX,FIESTA IV JA_, JB_,FUSION JU_,KA RB_,C-MAX DM2,FOCUS Stufenheck DFW,STREET KA RL2,TRANSIT CONNECT P65_, P70_, P80_,FOCUS II Stufenheck DA_,TOURNEO CONNECT,PUMA EC_,FIESTA V Van,FIESTA Kasten J5_, J3_,FIESTA Kasten JV_; RENAULT: CLIO III BR0\/1, CR0\/1,SC\u00c9NIC II JM0\/1_,MEGANE III Grandtour KZ0\/1,MEGANE II Kombi KM0\/1_,MEGANE II Coup\u00e9-Cabriolet EM0\/1_,SC\u00c9NIC III JZ0\/1_,MEGANE III Schr\u00e4gheck BZ0_,MEGANE II BM0\/1_, CM0\/1_,GRAND SC\u00c9NIC III JZ0\/1_,MEGANE III Coupe DZ0\/1_,GRAND SC\u00c9NIC II JM0\/1_,CAPTUR,MEGANE II Stufenheck LM0\/1_,MEGANE CC EZ0\/1_,FLUENCE L30_,DUSTER; FIAT: 500 312,PUNTO EVO 199,500 C 312,PUNTO 199,PANDA 312,PUNTO Van 188AX,PUNTO Van 199,PANDA VAN 312; SKODA: OCTAVIA Combi 1Z5,FABIA,FABIA Combi,ROOMSTER 5J,YETI 5L,SUPERB Kombi 3T5,OCTAVIA 1Z3,SUPERB 3T4,RAPID Spaceback NH1,ROOMSTER Praktik 5J,RAPID NH3,FABIA NJ3,FABIA Kombi NJ5; SEAT: LEON 1P1,IBIZA V 6J5, 6P5,ALTEA 5P1,ALTEA XL 5P5, 5P8,IBIZA V ST 6J8, 6P8,IBIZA V SPORTCOUPE 6J1, 6P1,TOLEDO III 5P2,TOLEDO IV KG3; TOYOTA: YARIS SCP9_, NSP9_, KSP9_, NCP9_, ZSP9_,RAV 4 III ACA3_, ACE_, ALA3_, GSA3_, ZSA3_,YARIS NHP13_, NSP13_, NCP13_, KSP13_, NLP13_; YS612B107BA; Korjaussarja, Jarrusatula<\/p>\n","protected":false},"excerpt":{"rendered":"<p>AUTOFREN SEINSA Jarrusatula Korjaussarja D4935 Korjaussarja, Jarrusatula VW,AUDI,MERCEDES-BENZ,GOLF IV 1J1,GOLF V 1K1,TOURAN 1T1, 1T2,GOLF VI 5K1<\/p>\n","protected":false},"featured_media":0,"template":"","meta":{"site-sidebar-layout":"default","site-content-layout":"default","ast-global-header-display":"","ast-main-header-display":"","ast-hfb-above-header-display":"","ast-hfb-below-header-display":"","ast-hfb-mobile-header-display":"","site-post-title":"","ast-breadcrumbs-content":"","ast-featured-img":"","footer-sml-layout":"","theme-transparent-header-meta":"","adv-header-id-meta":"","stick-header-meta":"","header-above-stick-meta":"","header-main-stick-meta":"","header-below-stick-meta":""},"pwb-brand":[243],"product_cat":[57],"product_tag":[],"class_list":{"0":"post-93110","1":"product","2":"type-product","3":"status-publish","5":"pwb-brand-autofren-seinsa","6":"product_cat-jarrusatula-korjaussarja","7":"desktop-align-left","8":"tablet-align-left","9":"mobile-align-left","11":"first","12":"instock","13":"product-type-external"},"brands":[{"id":243,"name":"AUTOFREN SEINSA","slug":"autofren-seinsa"}],"_links":{"self":[{"href":"https:\/\/www.autonvaraosahaku.fi\/index.php?rest_route=\/wp\/v2\/product\/93110","targetHints":{"allow":["GET"]}}],"collection":[{"href":"https:\/\/www.autonvaraosahaku.fi\/index.php?rest_route=\/wp\/v2\/product"}],"about":[{"href":"https:\/\/www.autonvaraosahaku.fi\/index.php?rest_route=\/wp\/v2\/types\/product"}],"wp:attachment":[{"href":"https:\/\/www.autonvaraosahaku.fi\/index.php?rest_route=%2Fwp%2Fv2%2Fmedia&parent=93110"}],"wp:term":[{"taxonomy":"pwb-brand","embeddable":true,"href":"https:\/\/www.autonvaraosahaku.fi\/index.php?rest_route=%2Fwp%2Fv2%2Fpwb-brand&post=93110"},{"taxonomy":"product_cat","embeddable":true,"href":"https:\/\/www.autonvaraosahaku.fi\/index.php?rest_route=%2Fwp%2Fv2%2Fproduct_cat&post=93110"},{"taxonomy":"product_tag","embeddable":true,"href":"https:\/\/www.autonvaraosahaku.fi\/index.php?rest_route=%2Fwp%2Fv2%2Fproduct_tag&post=93110"}],"curies":[{"name":"wp","href":"https:\/\/api.w.org\/{rel}","templated":true}]}}