{"id":93112,"date":"2021-02-21T21:43:06","date_gmt":"2021-02-21T21:43:06","guid":{"rendered":"https:\/\/www.autonvaraosahaku.fi\/?product=autofren-seinsa-d4008-jarrusatula-korjaussarja"},"modified":"2021-02-21T21:43:07","modified_gmt":"2021-02-21T21:43:07","slug":"autofren-seinsa-d4008-jarrusatula-korjaussarja","status":"publish","type":"product","link":"https:\/\/www.autonvaraosahaku.fi\/?product=autofren-seinsa-d4008-jarrusatula-korjaussarja","title":{"rendered":"AUTOFREN SEINSA D4008 Jarrusatula korjaussarja"},"content":{"rendered":"<p>Asennuspuoli: Etuakseli; L\u00e4pimitta [mm]: 48; Jarruj\u00e4rjestelm\u00e4: LUCAS; OE-numerolle: 04479-20031; Jarrusatulatyyppi: Bremssattel(2-Kolben); MAZDA: 1300; LADA: 1200-1600,1200-1500 Kombi,NOVA 2105,TOSCANA 2107,NOVA Kombi 2104; LAND ROVER: DEFENDER Station Wagon LD,DEFENDER Pick-up LD_,DEFENDER Cabrio LD,90\/110 DHMC; OPEL: KADETT C Coupe,MANTA B 58_, 59_,KADETT B,KADETT C,ASCONA B 81_, 86_, 87_, 88_,REKORD E 17_-19_, 11_, 14_, 16_,MANTA A 58_, 59_,KADETT B Coupe,REKORD D,ASCONA A 81_, 86_, 87_, 88_,MANTA B CC 53_, 55_,KADETT C City,KADETT A,REKORD E Caravan 61_, 66_, 67_,REKORD D Coupe,KADETT C Caravan,KADETT B Caravan,KADETT A Coupe,REKORD D Caravan,ASCONA A Voyage 84_, 89_,KADETT A Caravan; TOYOTA: CORONA Station Wagon RT118; BMW: 3 E30,3 E21; VOLVO: 340-360 343, 345; FORD: CAPRI III GECP,ESCORT I AFH, ATH,CAPRI II GECP,ESCORT I Kombi ADH; PEUGEOT: 304 Cabriolet _04B_,204,204 Cabriolet,304 _04M_,204 Break,304 Coupe _04C_,304 Break _04D_,204 Coupe; VAUXHALL: CHEVETTE; 8942169490, 45976Z, 0447920031; Korjaussarja, Jarrusatula<\/p>\n","protected":false},"excerpt":{"rendered":"<p>AUTOFREN SEINSA Jarrusatula Korjaussarja D4008 Korjaussarja, Jarrusatula MAZDA,LADA,LAND ROVER,1300,1200-1600,1200-1500 Kombi,NOVA 2105,TOSCANA 2107<\/p>\n","protected":false},"featured_media":0,"template":"","meta":{"site-sidebar-layout":"default","site-content-layout":"default","ast-global-header-display":"","ast-main-header-display":"","ast-hfb-above-header-display":"","ast-hfb-below-header-display":"","ast-hfb-mobile-header-display":"","site-post-title":"","ast-breadcrumbs-content":"","ast-featured-img":"","footer-sml-layout":"","theme-transparent-header-meta":"","adv-header-id-meta":"","stick-header-meta":"","header-above-stick-meta":"","header-main-stick-meta":"","header-below-stick-meta":""},"pwb-brand":[243],"product_cat":[57],"product_tag":[],"class_list":{"0":"post-93112","1":"product","2":"type-product","3":"status-publish","5":"pwb-brand-autofren-seinsa","6":"product_cat-jarrusatula-korjaussarja","7":"desktop-align-left","8":"tablet-align-left","9":"mobile-align-left","11":"first","12":"instock","13":"product-type-external"},"brands":[{"id":243,"name":"AUTOFREN SEINSA","slug":"autofren-seinsa"}],"_links":{"self":[{"href":"https:\/\/www.autonvaraosahaku.fi\/index.php?rest_route=\/wp\/v2\/product\/93112","targetHints":{"allow":["GET"]}}],"collection":[{"href":"https:\/\/www.autonvaraosahaku.fi\/index.php?rest_route=\/wp\/v2\/product"}],"about":[{"href":"https:\/\/www.autonvaraosahaku.fi\/index.php?rest_route=\/wp\/v2\/types\/product"}],"wp:attachment":[{"href":"https:\/\/www.autonvaraosahaku.fi\/index.php?rest_route=%2Fwp%2Fv2%2Fmedia&parent=93112"}],"wp:term":[{"taxonomy":"pwb-brand","embeddable":true,"href":"https:\/\/www.autonvaraosahaku.fi\/index.php?rest_route=%2Fwp%2Fv2%2Fpwb-brand&post=93112"},{"taxonomy":"product_cat","embeddable":true,"href":"https:\/\/www.autonvaraosahaku.fi\/index.php?rest_route=%2Fwp%2Fv2%2Fproduct_cat&post=93112"},{"taxonomy":"product_tag","embeddable":true,"href":"https:\/\/www.autonvaraosahaku.fi\/index.php?rest_route=%2Fwp%2Fv2%2Fproduct_tag&post=93112"}],"curies":[{"name":"wp","href":"https:\/\/api.w.org\/{rel}","templated":true}]}}