{"id":93134,"date":"2021-02-21T21:43:14","date_gmt":"2021-02-21T21:43:14","guid":{"rendered":"https:\/\/www.autonvaraosahaku.fi\/?product=meyle-100-860-0000-hehkutulppa"},"modified":"2021-02-21T21:43:16","modified_gmt":"2021-02-21T21:43:16","slug":"meyle-100-860-0000-hehkutulppa","status":"publish","type":"product","link":"https:\/\/www.autonvaraosahaku.fi\/?product=meyle-100-860-0000-hehkutulppa","title":{"rendered":"MEYLE 100 860 0000 Hehkutulppa"},"content":{"rendered":"<p>J\u00e4nnite (V): 11; Kierremitta: M10 x 1; Nimellisvirta [A]: 14,5; L\u00e4pimitta [mm]: 5,1; Hehkutulppatyyppi: j\u00e4lkihehkutuksenkest\u00e4v\u00e4, Hehkutulppa, puikko; Kokonaispituus (mm): 126; Avainv\u00e4li: 10; Liittimet: \u00d8 4 mm; Asennussyvyys (mm): 34; Kartionousu: 63\u00b0; lis\u00e4tieto: ORIGINAL Quality; Valmistusvuosi alkaen: 06\/1997; VW: PASSAT Variant 3B6,PASSAT Variant 3B5,PASSAT 3B2,PASSAT 3B3; AUDI: A4 8D2, B5,A4 Avant 8ED, B7,A4 Avant 8E5, B6,A6 Avant 4B5, C5,A4 Avant 8D5, B5,A4 8E2, B6,A6 4B2, C5,A4 Cabriolet 8H7, B6, 8HE, B7,A4 8EC, B7,A8 4E_,A8 4D2, 4D8,ALLROAD 4BH, C5; SKODA: SUPERB 3U4; 059963319H, 059963319H, 056963319A, 059963319, 059963319H<\/p>\n","protected":false},"excerpt":{"rendered":"<p>MEYLE Hehkutulppa 100 860 0000  VW,AUDI,SKODA,PASSAT Variant 3B6,PASSAT Variant 3B5,PASSAT 3B2,PASSAT 3B3,A4 8D2, B5,A4 Avant 8ED, B7,A4 Avant 8E5, B6<\/p>\n","protected":false},"featured_media":0,"template":"","meta":{"site-sidebar-layout":"default","site-content-layout":"default","ast-global-header-display":"","ast-main-header-display":"","ast-hfb-above-header-display":"","ast-hfb-below-header-display":"","ast-hfb-mobile-header-display":"","site-post-title":"","ast-breadcrumbs-content":"","ast-featured-img":"","footer-sml-layout":"","theme-transparent-header-meta":"","adv-header-id-meta":"","stick-header-meta":"","header-above-stick-meta":"","header-main-stick-meta":"","header-below-stick-meta":""},"pwb-brand":[84],"product_cat":[52],"product_tag":[],"class_list":{"0":"post-93134","1":"product","2":"type-product","3":"status-publish","5":"pwb-brand-meyle","6":"product_cat-hehkutulppa","7":"desktop-align-left","8":"tablet-align-left","9":"mobile-align-left","11":"first","12":"instock","13":"product-type-external"},"brands":[{"id":84,"name":"MEYLE","slug":"meyle"}],"_links":{"self":[{"href":"https:\/\/www.autonvaraosahaku.fi\/index.php?rest_route=\/wp\/v2\/product\/93134","targetHints":{"allow":["GET"]}}],"collection":[{"href":"https:\/\/www.autonvaraosahaku.fi\/index.php?rest_route=\/wp\/v2\/product"}],"about":[{"href":"https:\/\/www.autonvaraosahaku.fi\/index.php?rest_route=\/wp\/v2\/types\/product"}],"wp:attachment":[{"href":"https:\/\/www.autonvaraosahaku.fi\/index.php?rest_route=%2Fwp%2Fv2%2Fmedia&parent=93134"}],"wp:term":[{"taxonomy":"pwb-brand","embeddable":true,"href":"https:\/\/www.autonvaraosahaku.fi\/index.php?rest_route=%2Fwp%2Fv2%2Fpwb-brand&post=93134"},{"taxonomy":"product_cat","embeddable":true,"href":"https:\/\/www.autonvaraosahaku.fi\/index.php?rest_route=%2Fwp%2Fv2%2Fproduct_cat&post=93134"},{"taxonomy":"product_tag","embeddable":true,"href":"https:\/\/www.autonvaraosahaku.fi\/index.php?rest_route=%2Fwp%2Fv2%2Fproduct_tag&post=93134"}],"curies":[{"name":"wp","href":"https:\/\/api.w.org\/{rel}","templated":true}]}}