{"id":93156,"date":"2021-02-21T21:43:22","date_gmt":"2021-02-21T21:43:22","guid":{"rendered":"https:\/\/www.autonvaraosahaku.fi\/?product=brembo-09-a868-10-jarrulevyt"},"modified":"2021-02-21T21:43:25","modified_gmt":"2021-02-21T21:43:25","slug":"brembo-09-a868-10-jarrulevyt","status":"publish","type":"product","link":"https:\/\/www.autonvaraosahaku.fi\/?product=brembo-09-a868-10-jarrulevyt","title":{"rendered":"BREMBO 09.A868.10 Jarrulevyt"},"content":{"rendered":"<p>Kiristysmomentti: 98; keskitt\u00e4misl\u00e4pimitta [mm]: 94; Reikien m\u00e4\u00e4r\u00e4: 6; V\u00e4himm\u00e4ispaksuus (mm): 26,4; Jarrulevyn paksuus (mm): 28; Jarrulevytyyppi: Tuuletettu, sis\u00e4; Korkeus (mm): 46,4; L\u00e4pimitta [mm]: 294; Asennuspuoli: Vorderachse; FIAT: FULLBACK Pick-up 502_, 503_; MITSUBISHI: L 200 KB_T, KA_T,PAJERO SPORT II KH_, KG_,L200 KJ_; 6000609712, 4615A201, MN102276; Jarrulevy<\/p>\n","protected":false},"excerpt":{"rendered":"<p>BREMBO Jarrulevyt 09.A868.10 Jarrulevy FIAT,MITSUBISHI,FULLBACK Pick-up 502_, 503_,L 200 KB_T, KA_T,PAJERO SPORT II KH_, KG_,L200 KJ_<\/p>\n","protected":false},"featured_media":0,"template":"","meta":{"site-sidebar-layout":"default","site-content-layout":"default","ast-global-header-display":"","ast-main-header-display":"","ast-hfb-above-header-display":"","ast-hfb-below-header-display":"","ast-hfb-mobile-header-display":"","site-post-title":"","ast-breadcrumbs-content":"","ast-featured-img":"","footer-sml-layout":"","theme-transparent-header-meta":"","adv-header-id-meta":"","stick-header-meta":"","header-above-stick-meta":"","header-main-stick-meta":"","header-below-stick-meta":""},"pwb-brand":[146],"product_cat":[66],"product_tag":[],"class_list":{"0":"post-93156","1":"product","2":"type-product","3":"status-publish","5":"pwb-brand-brembo","6":"product_cat-jarrulevyt","7":"desktop-align-left","8":"tablet-align-left","9":"mobile-align-left","11":"first","12":"instock","13":"product-type-external"},"brands":[{"id":146,"name":"BREMBO","slug":"brembo"}],"_links":{"self":[{"href":"https:\/\/www.autonvaraosahaku.fi\/index.php?rest_route=\/wp\/v2\/product\/93156","targetHints":{"allow":["GET"]}}],"collection":[{"href":"https:\/\/www.autonvaraosahaku.fi\/index.php?rest_route=\/wp\/v2\/product"}],"about":[{"href":"https:\/\/www.autonvaraosahaku.fi\/index.php?rest_route=\/wp\/v2\/types\/product"}],"wp:attachment":[{"href":"https:\/\/www.autonvaraosahaku.fi\/index.php?rest_route=%2Fwp%2Fv2%2Fmedia&parent=93156"}],"wp:term":[{"taxonomy":"pwb-brand","embeddable":true,"href":"https:\/\/www.autonvaraosahaku.fi\/index.php?rest_route=%2Fwp%2Fv2%2Fpwb-brand&post=93156"},{"taxonomy":"product_cat","embeddable":true,"href":"https:\/\/www.autonvaraosahaku.fi\/index.php?rest_route=%2Fwp%2Fv2%2Fproduct_cat&post=93156"},{"taxonomy":"product_tag","embeddable":true,"href":"https:\/\/www.autonvaraosahaku.fi\/index.php?rest_route=%2Fwp%2Fv2%2Fproduct_tag&post=93156"}],"curies":[{"name":"wp","href":"https:\/\/api.w.org\/{rel}","templated":true}]}}