{"id":93167,"date":"2021-02-21T21:43:22","date_gmt":"2021-02-21T21:43:22","guid":{"rendered":"https:\/\/www.autonvaraosahaku.fi\/?product=textar-92116203-jarrulevyt"},"modified":"2021-02-21T21:43:29","modified_gmt":"2021-02-21T21:43:29","slug":"textar-92116203-jarrulevyt","status":"publish","type":"product","link":"https:\/\/www.autonvaraosahaku.fi\/?product=textar-92116203-jarrulevyt","title":{"rendered":"TEXTAR 92116203 Jarrulevyt"},"content":{"rendered":"<p>Ulkol\u00e4pimitta [mm]: 280; Jarrulevyn paksuus (mm): 16; Jarrulevytyyppi: Vakiomalli; V\u00e4himm\u00e4ispaksuus (mm): 14,2; Korkeus (mm): 82; Reik\u00e4kuvio\/-m\u00e4\u00e4r\u00e4: 05\/10; Reik\u00e4ympyr\u00e4-\u00d8 [mm]: 130; keskitt\u00e4misl\u00e4pimitta [mm]: 79; Paino [kg]: 7,3; Korvaava tuote\/korvaava tiedote 2: Ilman py\u00f6r\u00e4nnapaa, Ilman py\u00f6r\u00e4nkiinnityspultteja; Pinta: pinnoitettu; Pakkauspituus [cm]: 33; Pakkausleveys [cm]: 31,5; Pakkauskorkeus [mm]: 18; Teknisten tietojen numero: 98200 1162 0 1 PRO; Tuotelinja: PRO; Asennuspuoli: Hinterachse; FIAT: DUCATO Kasten 250,DUCATO Pritsche\/Fahrgestell 250,DUCATO Pritsche\/Fahrgestell 230,DUCATO Bus 250,DUCATO Bus 230,DUCATO Kasten 244,DUCATO Pritsche\/Fahrgestell 244,DUCATO Kasten 230L,DUCATO Bus 244, Z_; CITRO\u00cbN: JUMPER Kasten,JUMPER Kasten 244,JUMPER Bus,JUMPER Pritsche\/Fahrgestell,JUMPER Kasten 230L,JUMPER Bus 244, Z_,JUMPER Bus 230P,JUMPER Pritsche\/Fahrgestell 244,JUMPER Pritsche\/Fahrgestell 230; PEUGEOT: BOXER Kasten,BOXER Kasten 230L,BOXER Kasten 244,BOXER Bus,BOXER Pritsche\/Fahrgestell,BOXER Bus 230P,BOXER Bus 244, Z_,BOXER Pritsche\/Fahrgestell ZCT_,BOXER Pritsche\/Fahrgestell 244; 1606401780, 1607880580, 1618863480, 4246Z1, 4246Z3, 424939, 424940, 4249A2, 4249E7, 4249G6, 4249K8, 4249K9, 1341047080, 46833807, 51740248, 51749275, 51856411, 51856412, 71740117, 71772276, 71773399, 1606401780, 1607880580, 1618863480, 4246Z1, 4246Z3, 424939, 424940, 4249A2, 4249E7, 4249K8, 4249K9; Jarrulevy<\/p>\n","protected":false},"excerpt":{"rendered":"<p>TEXTAR Jarrulevyt 92116203 Jarrulevy FIAT,CITRO\u00cbN,PEUGEOT,DUCATO Kasten 250,DUCATO Pritsche\/Fahrgestell 250,DUCATO Pritsche\/Fahrgestell 230<\/p>\n","protected":false},"featured_media":0,"template":"","meta":{"site-sidebar-layout":"default","site-content-layout":"default","ast-global-header-display":"","ast-main-header-display":"","ast-hfb-above-header-display":"","ast-hfb-below-header-display":"","ast-hfb-mobile-header-display":"","site-post-title":"","ast-breadcrumbs-content":"","ast-featured-img":"","footer-sml-layout":"","theme-transparent-header-meta":"","adv-header-id-meta":"","stick-header-meta":"","header-above-stick-meta":"","header-main-stick-meta":"","header-below-stick-meta":""},"pwb-brand":[288],"product_cat":[66],"product_tag":[],"class_list":{"0":"post-93167","1":"product","2":"type-product","3":"status-publish","5":"pwb-brand-textar","6":"product_cat-jarrulevyt","7":"desktop-align-left","8":"tablet-align-left","9":"mobile-align-left","11":"first","12":"instock","13":"product-type-external"},"brands":[{"id":288,"name":"TEXTAR","slug":"textar"}],"_links":{"self":[{"href":"https:\/\/www.autonvaraosahaku.fi\/index.php?rest_route=\/wp\/v2\/product\/93167","targetHints":{"allow":["GET"]}}],"collection":[{"href":"https:\/\/www.autonvaraosahaku.fi\/index.php?rest_route=\/wp\/v2\/product"}],"about":[{"href":"https:\/\/www.autonvaraosahaku.fi\/index.php?rest_route=\/wp\/v2\/types\/product"}],"wp:attachment":[{"href":"https:\/\/www.autonvaraosahaku.fi\/index.php?rest_route=%2Fwp%2Fv2%2Fmedia&parent=93167"}],"wp:term":[{"taxonomy":"pwb-brand","embeddable":true,"href":"https:\/\/www.autonvaraosahaku.fi\/index.php?rest_route=%2Fwp%2Fv2%2Fpwb-brand&post=93167"},{"taxonomy":"product_cat","embeddable":true,"href":"https:\/\/www.autonvaraosahaku.fi\/index.php?rest_route=%2Fwp%2Fv2%2Fproduct_cat&post=93167"},{"taxonomy":"product_tag","embeddable":true,"href":"https:\/\/www.autonvaraosahaku.fi\/index.php?rest_route=%2Fwp%2Fv2%2Fproduct_tag&post=93167"}],"curies":[{"name":"wp","href":"https:\/\/api.w.org\/{rel}","templated":true}]}}