{"id":93170,"date":"2021-02-21T21:43:31","date_gmt":"2021-02-21T21:43:31","guid":{"rendered":"https:\/\/www.autonvaraosahaku.fi\/?product=payen-pa5025-venttiilinvarren-kumit"},"modified":"2021-02-21T21:43:31","modified_gmt":"2021-02-21T21:43:31","slug":"payen-pa5025-venttiilinvarren-kumit","status":"publish","type":"product","link":"https:\/\/www.autonvaraosahaku.fi\/?product=payen-pa5025-venttiilinvarren-kumit","title":{"rendered":"PAYEN PA5025 Venttiilinvarren kumit"},"content":{"rendered":"<p>Korkeus (mm): 8,00; Materiaali: FPM (fluori-kumi); Sis\u00e4l\u00e4pimitta [mm]: 5,00; Ulkol\u00e4pimitta [mm]: 11,00; Akselitiivisteen malli: 866N; Sis\u00e4l\u00e4pimitta 1 [mm]: 7,80; TECDOC-moottorinumero: 17476; BMW: 3 E90,5 E60,5 Touring E61,3 Coupe E92,3 Cabriolet E93,6 E63,6 Cabriolet E64; CHEVROLET: ORLANDO J309,CRUZE J300,CRUZE Station Wagon J308,AVEO Schr\u00e4gheck T300,CRUZE Schr\u00e4gheck J305,TRAX,AVEO Stufenheck T300,VOLT; SAAB: 9-3 YS3F,9-3 Kombi YS3F,9-3 Cabriolet YS3F; SUZUKI: WAGON R; OPEL: CORSA D,CORSA C F08, F68,ASTRA H Caravan L35,MERIVA,ZAFIRA A F75_,ASTRA G CC F48_, F08_,ASTRA H L48,ASTRA J Sports Tourer,ASTRA G Caravan F35_,CORSA B 73_, 78_, 79_,INSIGNIA Caravan,VECTRA C Caravan,ASTRA J,ASTRA H GTC L08,MERIVA B,SIGNUM,VECTRA C,AGILA A H00,ZAFIRA TOURER C P12,VECTRA B 36_,MOKKA,ADAM,VECTRA C GTS,TIGRA TwinTop,VECTRA B Caravan 31_,ASTRA H TwinTop L67,INSIGNIA,ASTRA G Cabriolet F67,INSIGNIA Stufenheck,ASTRA G Coupe F07_,COMBO Kasten\/Kombi,ASTRA G Stufenheck F69_,ASTRA GTC J,VECTRA B CC 38_,COMBO Tour,CORSA CLASSIC Stufenheck,ASTRA J Stufenheck,CORSA D Van,CASCADA W13,CORSA C Kasten F08, W5L,ASTRA H Stufenheck L69,ASTRA H Kasten L70,CORSA C Utility Pick-up,AMPERA,ASTRA G Kasten F70,CORSA B Kombi F35,CORSA E,CORSA E Van,ASTRA CLASSIC Caravan,ASTRA CLASSIC L48; LANCIA: YPSILON 843,Y 840A,MUSA 350,YPSILON 312, 846; FORD: KA RU8; SMART: FORTWO Coupe 451,FORFOUR 454,FORTWO Cabrio 451; FIAT: GRANDE PUNTO 199,PUNTO 188,PANDA 169,500 312,SEICENTO 187,PUNTO EVO 199,DOBLO Cargo 223,500 C 312,PUNTO 176,DOBLO 119,PANDA Van 169,PUNTO 199,PANDA 141A_,IDEA,PANDA 312,STRADA Pick-up 178E,QUBO 225,DOBLO Gro\u00dfraumlimousine 152, 263,PUNTO Van 188AX,PUNTO Cabriolet 176C,FIORINO Kasten\/Kombi 225,PALIO Weekend 178DX,LINEA 323,PUNTO Van 199,FIORINO Kasten 146,PANDA Van 141_,PALIO 178BX,UNO 146 A\/E,SIENA 178_,PANDA VAN 312,PUNTO EVO Van 199_; ALFA ROMEO: MITO 955; 55190344, 11341340849, 55190344, 1535535, 1350530058, MR984262, 09158057, 642500, 90531106, 9158057, 9158057, 1923284E00<\/p>\n","protected":false},"excerpt":{"rendered":"<p>PAYEN Tiiviste, Venttiilivarsi PA5025  BMW,CHEVROLET,SAAB,3 E90,5 E60,5 Touring E61,3 Coupe E92,3 Cabriolet E93,6 E63,6 Cabriolet E64,ORLANDO J309<\/p>\n","protected":false},"featured_media":0,"template":"","meta":{"site-sidebar-layout":"default","site-content-layout":"default","ast-global-header-display":"","ast-main-header-display":"","ast-hfb-above-header-display":"","ast-hfb-below-header-display":"","ast-hfb-mobile-header-display":"","site-post-title":"","ast-breadcrumbs-content":"","ast-featured-img":"","footer-sml-layout":"","theme-transparent-header-meta":"","adv-header-id-meta":"","stick-header-meta":"","header-above-stick-meta":"","header-main-stick-meta":"","header-below-stick-meta":""},"pwb-brand":[329],"product_cat":[170],"product_tag":[],"class_list":{"0":"post-93170","1":"product","2":"type-product","3":"status-publish","5":"pwb-brand-payen","6":"product_cat-venttiilinvarren-kumit","7":"desktop-align-left","8":"tablet-align-left","9":"mobile-align-left","11":"first","12":"instock","13":"product-type-external"},"brands":[{"id":329,"name":"PAYEN","slug":"payen"}],"_links":{"self":[{"href":"https:\/\/www.autonvaraosahaku.fi\/index.php?rest_route=\/wp\/v2\/product\/93170","targetHints":{"allow":["GET"]}}],"collection":[{"href":"https:\/\/www.autonvaraosahaku.fi\/index.php?rest_route=\/wp\/v2\/product"}],"about":[{"href":"https:\/\/www.autonvaraosahaku.fi\/index.php?rest_route=\/wp\/v2\/types\/product"}],"wp:attachment":[{"href":"https:\/\/www.autonvaraosahaku.fi\/index.php?rest_route=%2Fwp%2Fv2%2Fmedia&parent=93170"}],"wp:term":[{"taxonomy":"pwb-brand","embeddable":true,"href":"https:\/\/www.autonvaraosahaku.fi\/index.php?rest_route=%2Fwp%2Fv2%2Fpwb-brand&post=93170"},{"taxonomy":"product_cat","embeddable":true,"href":"https:\/\/www.autonvaraosahaku.fi\/index.php?rest_route=%2Fwp%2Fv2%2Fproduct_cat&post=93170"},{"taxonomy":"product_tag","embeddable":true,"href":"https:\/\/www.autonvaraosahaku.fi\/index.php?rest_route=%2Fwp%2Fv2%2Fproduct_tag&post=93170"}],"curies":[{"name":"wp","href":"https:\/\/api.w.org\/{rel}","templated":true}]}}