{"id":93171,"date":"2021-02-21T21:43:31","date_gmt":"2021-02-21T21:43:31","guid":{"rendered":"https:\/\/www.autonvaraosahaku.fi\/?product=ferodo-ddf1180-jarrulevyt"},"modified":"2021-02-21T21:43:32","modified_gmt":"2021-02-21T21:43:32","slug":"ferodo-ddf1180-jarrulevyt","status":"publish","type":"product","link":"https:\/\/www.autonvaraosahaku.fi\/?product=ferodo-ddf1180-jarrulevyt","title":{"rendered":"FERODO DDF1180 Jarrulevyt"},"content":{"rendered":"<p>Korkeus (mm): 44; Paino [kg]: 19,26; Jarrulevytyyppi: Tuuletettu; Jarrulevyn paksuus (mm): 32; V\u00e4himm\u00e4ispaksuus (mm): 30; Ulkol\u00e4pimitta [mm]: 310; Reikien m\u00e4\u00e4r\u00e4: 5; keskitt\u00e4misl\u00e4pimitta [mm]: 59; Kiristysmomentti: 100; Reik\u00e4ympyr\u00e4-\u00d8 [mm]: 98; M\u00e4\u00e4r\u00e4yksikk\u00f6: Sarja; Korvaava tuote\/korvaava tiedote 2: ilman ruuveja; Pakkauspituus [cm]: 30; Pakkausleveys [cm]: 30; Pakkauskorkeus [mm]: 11; Tuotelinja: PREMIER; Asennuspuoli: Vorderachse; LANCIA: PHEDRA 179; FIAT: ULYSSE 179AX; CITRO\u00cbN: C8 EA_, EB_; PEUGEOT: 807 E; 1489738080, 1606309580, 1618863180, 4246Z7, 4246Z8, 424979, 4249A8, 4249F2, 4249H3, E169245, 1355376080, 1355376088, 1489738080, 71772549, 9464640587, 9464640588, 1355376080, 1355376088, 1489738080, 9464640587, 9464640588, B37F3325X, B37F3325XA, 1489738080, 1606309580, 1618863180, 4246Z7, 4246Z8, 424978, 424979, 4249A8, 4249F2, 4249H3, 9464640587, E169245; Jarrulevy<\/p>\n","protected":false},"excerpt":{"rendered":"<p>FERODO Jarrulevyt DDF1180 Jarrulevy LANCIA,FIAT,CITRO\u00cbN,PHEDRA 179,ULYSSE 179AX,C8 EA_, EB_,807 E<\/p>\n","protected":false},"featured_media":0,"template":"","meta":{"site-sidebar-layout":"default","site-content-layout":"default","ast-global-header-display":"","ast-main-header-display":"","ast-hfb-above-header-display":"","ast-hfb-below-header-display":"","ast-hfb-mobile-header-display":"","site-post-title":"","ast-breadcrumbs-content":"","ast-featured-img":"","footer-sml-layout":"","theme-transparent-header-meta":"","adv-header-id-meta":"","stick-header-meta":"","header-above-stick-meta":"","header-main-stick-meta":"","header-below-stick-meta":""},"pwb-brand":[298],"product_cat":[66],"product_tag":[],"class_list":{"0":"post-93171","1":"product","2":"type-product","3":"status-publish","5":"pwb-brand-ferodo","6":"product_cat-jarrulevyt","7":"desktop-align-left","8":"tablet-align-left","9":"mobile-align-left","11":"first","12":"instock","13":"product-type-external"},"brands":[{"id":298,"name":"FERODO","slug":"ferodo"}],"_links":{"self":[{"href":"https:\/\/www.autonvaraosahaku.fi\/index.php?rest_route=\/wp\/v2\/product\/93171","targetHints":{"allow":["GET"]}}],"collection":[{"href":"https:\/\/www.autonvaraosahaku.fi\/index.php?rest_route=\/wp\/v2\/product"}],"about":[{"href":"https:\/\/www.autonvaraosahaku.fi\/index.php?rest_route=\/wp\/v2\/types\/product"}],"wp:attachment":[{"href":"https:\/\/www.autonvaraosahaku.fi\/index.php?rest_route=%2Fwp%2Fv2%2Fmedia&parent=93171"}],"wp:term":[{"taxonomy":"pwb-brand","embeddable":true,"href":"https:\/\/www.autonvaraosahaku.fi\/index.php?rest_route=%2Fwp%2Fv2%2Fpwb-brand&post=93171"},{"taxonomy":"product_cat","embeddable":true,"href":"https:\/\/www.autonvaraosahaku.fi\/index.php?rest_route=%2Fwp%2Fv2%2Fproduct_cat&post=93171"},{"taxonomy":"product_tag","embeddable":true,"href":"https:\/\/www.autonvaraosahaku.fi\/index.php?rest_route=%2Fwp%2Fv2%2Fproduct_tag&post=93171"}],"curies":[{"name":"wp","href":"https:\/\/api.w.org\/{rel}","templated":true}]}}