{"id":93174,"date":"2021-02-21T21:43:31","date_gmt":"2021-02-21T21:43:31","guid":{"rendered":"https:\/\/www.autonvaraosahaku.fi\/?product=ferodo-ddf464-jarrulevyt"},"modified":"2021-02-21T21:43:33","modified_gmt":"2021-02-21T21:43:33","slug":"ferodo-ddf464-jarrulevyt","status":"publish","type":"product","link":"https:\/\/www.autonvaraosahaku.fi\/?product=ferodo-ddf464-jarrulevyt","title":{"rendered":"FERODO DDF464 Jarrulevyt"},"content":{"rendered":"<p>Korkeus (mm): 39; Paino [kg]: 14,58; Jarrulevytyyppi: Tuuletettu; Jarrulevyn paksuus (mm): 26; V\u00e4himm\u00e4ispaksuus (mm): 24; Ulkol\u00e4pimitta [mm]: 277; Reikien m\u00e4\u00e4r\u00e4: 6; keskitt\u00e4misl\u00e4pimitta [mm]: 100; Kiristysmomentti: 133; Reik\u00e4ympyr\u00e4-\u00d8 [mm]: 0; M\u00e4\u00e4r\u00e4yksikk\u00f6: Sarja; Korvaava tuote\/korvaava tiedote 2: ilman ruuveja; Pakkauspituus [cm]: 27; Pakkausleveys [cm]: 27; Pakkauskorkeus [mm]: 6,9; Tuotelinja: PREMIER; Asennuspuoli: Vorderachse; NISSAN: TERRANO II R20,PICK UP D22,PATHFINDER R50,PICK UP D21,TERRANO I WD21,TERRANO Van R20,PATHFINDER; FORD: MAVERICK UDS, UNS,MAVERICK VAN; 1954433, 1954434, 402060F000, 4020631G01, 40206VJ200, 402060F000, 402060F001, 4020631G00, 4020631G01, 40206VJ200; Jarrulevy<\/p>\n","protected":false},"excerpt":{"rendered":"<p>FERODO Jarrulevyt DDF464 Jarrulevy NISSAN,FORD,TERRANO II R20,PICK UP D22,PATHFINDER R50,PICK UP D21,TERRANO I WD21,TERRANO Van R20,PATHFINDER<\/p>\n","protected":false},"featured_media":0,"template":"","meta":{"site-sidebar-layout":"default","site-content-layout":"default","ast-global-header-display":"","ast-main-header-display":"","ast-hfb-above-header-display":"","ast-hfb-below-header-display":"","ast-hfb-mobile-header-display":"","site-post-title":"","ast-breadcrumbs-content":"","ast-featured-img":"","footer-sml-layout":"","theme-transparent-header-meta":"","adv-header-id-meta":"","stick-header-meta":"","header-above-stick-meta":"","header-main-stick-meta":"","header-below-stick-meta":""},"pwb-brand":[298],"product_cat":[66],"product_tag":[],"class_list":{"0":"post-93174","1":"product","2":"type-product","3":"status-publish","5":"pwb-brand-ferodo","6":"product_cat-jarrulevyt","7":"desktop-align-left","8":"tablet-align-left","9":"mobile-align-left","11":"first","12":"instock","13":"product-type-external"},"brands":[{"id":298,"name":"FERODO","slug":"ferodo"}],"_links":{"self":[{"href":"https:\/\/www.autonvaraosahaku.fi\/index.php?rest_route=\/wp\/v2\/product\/93174","targetHints":{"allow":["GET"]}}],"collection":[{"href":"https:\/\/www.autonvaraosahaku.fi\/index.php?rest_route=\/wp\/v2\/product"}],"about":[{"href":"https:\/\/www.autonvaraosahaku.fi\/index.php?rest_route=\/wp\/v2\/types\/product"}],"wp:attachment":[{"href":"https:\/\/www.autonvaraosahaku.fi\/index.php?rest_route=%2Fwp%2Fv2%2Fmedia&parent=93174"}],"wp:term":[{"taxonomy":"pwb-brand","embeddable":true,"href":"https:\/\/www.autonvaraosahaku.fi\/index.php?rest_route=%2Fwp%2Fv2%2Fpwb-brand&post=93174"},{"taxonomy":"product_cat","embeddable":true,"href":"https:\/\/www.autonvaraosahaku.fi\/index.php?rest_route=%2Fwp%2Fv2%2Fproduct_cat&post=93174"},{"taxonomy":"product_tag","embeddable":true,"href":"https:\/\/www.autonvaraosahaku.fi\/index.php?rest_route=%2Fwp%2Fv2%2Fproduct_tag&post=93174"}],"curies":[{"name":"wp","href":"https:\/\/api.w.org\/{rel}","templated":true}]}}