{"id":93187,"date":"2021-02-21T21:43:31","date_gmt":"2021-02-21T21:43:31","guid":{"rendered":"https:\/\/www.autonvaraosahaku.fi\/?product=denso-dox-0231-lambda-anturi"},"modified":"2021-02-21T21:43:37","modified_gmt":"2021-02-21T21:43:37","slug":"denso-dox-0231-lambda-anturi","status":"publish","type":"product","link":"https:\/\/www.autonvaraosahaku.fi\/?product=denso-dox-0231-lambda-anturi","title":{"rendered":"DENSO DOX-0231 Lambda anturi"},"content":{"rendered":"<p>Laatu: OE; Valmistaja rajaus: DENSO; Kierremitta: M18x1.5; Kaapelinmitta (mm): 735; Napojen m\u00e4\u00e4r\u00e4: 4; Paino [g]: 112; Tuotelinja: Direct Fit; Valmistusvuoteen: 11\/2008; TOYOTA: YARIS SCP9_, NSP9_, KSP9_, NCP9_, ZSP9_,YARIS SCP1_, NLP1_, NCP1_; LEXUS: IS I JCE1_, GXE1_,GS UZS161, JZS160,IS SportCross; 894650D030, 894650D070, 894650D120, 8946553150, 8946553200; Lambdatunnistin,Happianturi<\/p>\n","protected":false},"excerpt":{"rendered":"<p>DENSO Lambda Anturi DOX-0231 Lambdatunnistin,Happianturi TOYOTA,LEXUS,YARIS SCP9_, NSP9_, KSP9_, NCP9_, ZSP9_,YARIS SCP1_, NLP1_, NCP1_<\/p>\n","protected":false},"featured_media":0,"template":"","meta":{"site-sidebar-layout":"default","site-content-layout":"default","ast-global-header-display":"","ast-main-header-display":"","ast-hfb-above-header-display":"","ast-hfb-below-header-display":"","ast-hfb-mobile-header-display":"","site-post-title":"","ast-breadcrumbs-content":"","ast-featured-img":"","footer-sml-layout":"","theme-transparent-header-meta":"","adv-header-id-meta":"","stick-header-meta":"","header-above-stick-meta":"","header-main-stick-meta":"","header-below-stick-meta":""},"pwb-brand":[278],"product_cat":[264],"product_tag":[],"class_list":{"0":"post-93187","1":"product","2":"type-product","3":"status-publish","5":"pwb-brand-denso","6":"product_cat-lambda-anturi","7":"desktop-align-left","8":"tablet-align-left","9":"mobile-align-left","11":"first","12":"instock","13":"product-type-external"},"brands":[{"id":278,"name":"DENSO","slug":"denso"}],"_links":{"self":[{"href":"https:\/\/www.autonvaraosahaku.fi\/index.php?rest_route=\/wp\/v2\/product\/93187","targetHints":{"allow":["GET"]}}],"collection":[{"href":"https:\/\/www.autonvaraosahaku.fi\/index.php?rest_route=\/wp\/v2\/product"}],"about":[{"href":"https:\/\/www.autonvaraosahaku.fi\/index.php?rest_route=\/wp\/v2\/types\/product"}],"wp:attachment":[{"href":"https:\/\/www.autonvaraosahaku.fi\/index.php?rest_route=%2Fwp%2Fv2%2Fmedia&parent=93187"}],"wp:term":[{"taxonomy":"pwb-brand","embeddable":true,"href":"https:\/\/www.autonvaraosahaku.fi\/index.php?rest_route=%2Fwp%2Fv2%2Fpwb-brand&post=93187"},{"taxonomy":"product_cat","embeddable":true,"href":"https:\/\/www.autonvaraosahaku.fi\/index.php?rest_route=%2Fwp%2Fv2%2Fproduct_cat&post=93187"},{"taxonomy":"product_tag","embeddable":true,"href":"https:\/\/www.autonvaraosahaku.fi\/index.php?rest_route=%2Fwp%2Fv2%2Fproduct_tag&post=93187"}],"curies":[{"name":"wp","href":"https:\/\/api.w.org\/{rel}","templated":true}]}}