{"id":93191,"date":"2021-02-21T21:43:39","date_gmt":"2021-02-21T21:43:39","guid":{"rendered":"https:\/\/www.autonvaraosahaku.fi\/?product=denso-dcp20021-ilmastoinnin-kompressori"},"modified":"2021-02-21T21:43:40","modified_gmt":"2021-02-21T21:43:40","slug":"denso-dcp20021-ilmastoinnin-kompressori","status":"publish","type":"product","link":"https:\/\/www.autonvaraosahaku.fi\/?product=denso-dcp20021-ilmastoinnin-kompressori","title":{"rendered":"DENSO DCP20021 Ilmastoinnin kompressori"},"content":{"rendered":"<p>Laatu: OE; Valmistaja rajaus: DENSO, GM; Pituus (mm): 215; Korkeus (mm): 120; kiiloja: 5; Asennusmalli: Poltti\/ruuvi; Hihnapy\u00f6r\u00e4-\u00d8[mm]: 110; Paino [g]: 7000; Sis\u00e4\u00e4ntulol\u00e4pimitta [mm]: 17,7; Ulostulon l\u00e4pimitta [mm]: 11,8; \u00d6ljynt\u00e4ytt\u00f6m\u00e4\u00e4r\u00e4 [ml]: 80; Kompressori\u00f6ljy: PAG 46; Kompressorin tunnus: 5SL12C; t\u00e4ytetty: ; Kylm\u00e4aine: R 134a; Valmistusvuosi alkaen: 07\/2006; OPEL: CORSA D,CORSA D Van,CORSA E,CORSA E Van; VAUXHALL: CORSA Mk III D L_8,CORSA Mk II C W5L, F08,CORSAVAN Mk III D,CORSA Mk IV E; 6854091, 6854102; AC Kompressori,Kompressori, Ilmastointilaite<\/p>\n","protected":false},"excerpt":{"rendered":"<p>DENSO Ilmastoinnin Kompressori DCP20021 AC Kompressori,Kompressori, Ilmastointilaite OPEL,VAUXHALL,CORSA D,CORSA D Van,CORSA E,CORSA E Van<\/p>\n","protected":false},"featured_media":0,"template":"","meta":{"site-sidebar-layout":"default","site-content-layout":"default","ast-global-header-display":"","ast-main-header-display":"","ast-hfb-above-header-display":"","ast-hfb-below-header-display":"","ast-hfb-mobile-header-display":"","site-post-title":"","ast-breadcrumbs-content":"","ast-featured-img":"","footer-sml-layout":"","theme-transparent-header-meta":"","adv-header-id-meta":"","stick-header-meta":"","header-above-stick-meta":"","header-main-stick-meta":"","header-below-stick-meta":""},"pwb-brand":[278],"product_cat":[444],"product_tag":[],"class_list":{"0":"post-93191","1":"product","2":"type-product","3":"status-publish","5":"pwb-brand-denso","6":"product_cat-ilmastoinnin-kompressori","7":"desktop-align-left","8":"tablet-align-left","9":"mobile-align-left","11":"first","12":"instock","13":"product-type-external"},"brands":[{"id":278,"name":"DENSO","slug":"denso"}],"_links":{"self":[{"href":"https:\/\/www.autonvaraosahaku.fi\/index.php?rest_route=\/wp\/v2\/product\/93191","targetHints":{"allow":["GET"]}}],"collection":[{"href":"https:\/\/www.autonvaraosahaku.fi\/index.php?rest_route=\/wp\/v2\/product"}],"about":[{"href":"https:\/\/www.autonvaraosahaku.fi\/index.php?rest_route=\/wp\/v2\/types\/product"}],"wp:attachment":[{"href":"https:\/\/www.autonvaraosahaku.fi\/index.php?rest_route=%2Fwp%2Fv2%2Fmedia&parent=93191"}],"wp:term":[{"taxonomy":"pwb-brand","embeddable":true,"href":"https:\/\/www.autonvaraosahaku.fi\/index.php?rest_route=%2Fwp%2Fv2%2Fpwb-brand&post=93191"},{"taxonomy":"product_cat","embeddable":true,"href":"https:\/\/www.autonvaraosahaku.fi\/index.php?rest_route=%2Fwp%2Fv2%2Fproduct_cat&post=93191"},{"taxonomy":"product_tag","embeddable":true,"href":"https:\/\/www.autonvaraosahaku.fi\/index.php?rest_route=%2Fwp%2Fv2%2Fproduct_tag&post=93191"}],"curies":[{"name":"wp","href":"https:\/\/api.w.org\/{rel}","templated":true}]}}