{"id":93203,"date":"2021-02-21T21:43:39","date_gmt":"2021-02-21T21:43:39","guid":{"rendered":"https:\/\/www.autonvaraosahaku.fi\/?product=ufi-25-151-00-oljynsuodatin"},"modified":"2021-02-21T21:43:44","modified_gmt":"2021-02-21T21:43:44","slug":"ufi-25-151-00-oljynsuodatin","status":"publish","type":"product","link":"https:\/\/www.autonvaraosahaku.fi\/?product=ufi-25-151-00-oljynsuodatin","title":{"rendered":"UFI 25.151.00 \u00d6ljynsuodatin"},"content":{"rendered":"<p>Ulkol\u00e4pimitta [mm]: 65,0; Sis\u00e4l\u00e4pimitta 1 [mm]: 19,0; Sis\u00e4l\u00e4pimitta 2 [mm]: 19,0; Korkeus (mm): 104,0; Valmistusvuosi alkaen: 09\/2007; KIA: SORENTO I JC,SPORTAGE SL,RIO III UB,CEE&#8217;D JD,CARENS III UN,CEE`D Sportswagon JD,CARENS IV,SOUL AM,PRO CEE\u00b4D JD,OPTIMA,SPORTAGE QL,SOUL II PS,RIO IV YB,STONIC YB; HYUNDAI: ix35 LM, EL, ELH,i30 FD,i20 PB, PBT,i30 CW FD,i40 CW VF,i30 GD,ix20 JC,i30 CW GD,i30 Coupe,GENESIS Coupe,i40 VF,TUCSON,i20 GB,GENESIS BH,ACCENT IV Stufenheck RB,i30 PDE,i30 Kombi PDE,i20 ACTIVE GB,i20 Coupe; 263202A500, 263202A501, 263203C250, 263203C300, 263203C30A, 263203C700, 263203F100, 263202A500, 263202A501, 263203C250, 263203C300, 263203C30A<\/p>\n","protected":false},"excerpt":{"rendered":"<p>UFI \u00d6ljynsuodatin 25.151.00  KIA,HYUNDAI,SORENTO I JC,SPORTAGE SL,RIO III UB,CEE&#8217;D JD,CARENS III UN,CEE`D Sportswagon JD,CARENS IV,SOUL AM<\/p>\n","protected":false},"featured_media":0,"template":"","meta":{"site-sidebar-layout":"default","site-content-layout":"default","ast-global-header-display":"","ast-main-header-display":"","ast-hfb-above-header-display":"","ast-hfb-below-header-display":"","ast-hfb-mobile-header-display":"","site-post-title":"","ast-breadcrumbs-content":"","ast-featured-img":"","footer-sml-layout":"","theme-transparent-header-meta":"","adv-header-id-meta":"","stick-header-meta":"","header-above-stick-meta":"","header-main-stick-meta":"","header-below-stick-meta":""},"pwb-brand":[109],"product_cat":[30],"product_tag":[],"class_list":{"0":"post-93203","1":"product","2":"type-product","3":"status-publish","5":"pwb-brand-ufi","6":"product_cat-oljynsuodatin","7":"desktop-align-left","8":"tablet-align-left","9":"mobile-align-left","11":"first","12":"instock","13":"product-type-external"},"brands":[{"id":109,"name":"UFI","slug":"ufi"}],"_links":{"self":[{"href":"https:\/\/www.autonvaraosahaku.fi\/index.php?rest_route=\/wp\/v2\/product\/93203","targetHints":{"allow":["GET"]}}],"collection":[{"href":"https:\/\/www.autonvaraosahaku.fi\/index.php?rest_route=\/wp\/v2\/product"}],"about":[{"href":"https:\/\/www.autonvaraosahaku.fi\/index.php?rest_route=\/wp\/v2\/types\/product"}],"wp:attachment":[{"href":"https:\/\/www.autonvaraosahaku.fi\/index.php?rest_route=%2Fwp%2Fv2%2Fmedia&parent=93203"}],"wp:term":[{"taxonomy":"pwb-brand","embeddable":true,"href":"https:\/\/www.autonvaraosahaku.fi\/index.php?rest_route=%2Fwp%2Fv2%2Fpwb-brand&post=93203"},{"taxonomy":"product_cat","embeddable":true,"href":"https:\/\/www.autonvaraosahaku.fi\/index.php?rest_route=%2Fwp%2Fv2%2Fproduct_cat&post=93203"},{"taxonomy":"product_tag","embeddable":true,"href":"https:\/\/www.autonvaraosahaku.fi\/index.php?rest_route=%2Fwp%2Fv2%2Fproduct_tag&post=93203"}],"curies":[{"name":"wp","href":"https:\/\/api.w.org\/{rel}","templated":true}]}}