{"id":93213,"date":"2021-02-21T21:43:47","date_gmt":"2021-02-21T21:43:47","guid":{"rendered":"https:\/\/www.autonvaraosahaku.fi\/?product=trw-jtc2227-alatukivarsi"},"modified":"2021-02-21T21:43:48","modified_gmt":"2021-02-21T21:43:48","slug":"trw-jtc2227-alatukivarsi","status":"publish","type":"product","link":"https:\/\/www.autonvaraosahaku.fi\/?product=trw-jtc2227-alatukivarsi","title":{"rendered":"TRW JTC2227 Alatukivarsi"},"content":{"rendered":"<p>Asennuspuoli: Etuakseli, Oikea; Ohjausmalli: Poikittaistukivarsi; Materiaali: Ter\u00e4slevy; Kartiomitta (mm): 20; Pituus (mm): 352,9; parilliset tuotenumerot: JTC2228; Valmistusvuoteen: 03\/2014; PEUGEOT: 4007 GP_,4008; CITRO\u00cbN: C-CROSSER EP_,C4 AIRCROSS,C-CROSSER ENTERPRISE; MITSUBISHI: ASX GA_W_,OUTLANDER XL II CW_W,OUTLANDER III GG_W, GF_W, ZJ,LANCER SPORTBACK CX_A,LANCER Stufenheck CY\/Z_A,LANCER Stufenheck CS_A, CT0,ASX Van GA_W_; 1612448480, 3521R1, 3521V0, 4013A010, 4013A218, 4013A280, 4013A282, 4013A428, 4013A430, 1612448480, 3521R1, 3521V0; Tukivarsi,Tukivarsi, Py\u00f6r\u00e4ntuenta<\/p>\n","protected":false},"excerpt":{"rendered":"<p>TRW Alatukivarsi JTC2227 Tukivarsi,Tukivarsi, Py\u00f6r\u00e4ntuenta PEUGEOT,CITRO\u00cbN,MITSUBISHI,4007 GP_,4008,C-CROSSER EP_,C4 AIRCROSS,C-CROSSER ENTERPRISE<\/p>\n","protected":false},"featured_media":0,"template":"","meta":{"site-sidebar-layout":"default","site-content-layout":"default","ast-global-header-display":"","ast-main-header-display":"","ast-hfb-above-header-display":"","ast-hfb-below-header-display":"","ast-hfb-mobile-header-display":"","site-post-title":"","ast-breadcrumbs-content":"","ast-featured-img":"","footer-sml-layout":"","theme-transparent-header-meta":"","adv-header-id-meta":"","stick-header-meta":"","header-above-stick-meta":"","header-main-stick-meta":"","header-below-stick-meta":""},"pwb-brand":[332],"product_cat":[62],"product_tag":[],"class_list":{"0":"post-93213","1":"product","2":"type-product","3":"status-publish","5":"pwb-brand-trw","6":"product_cat-alatukivarsi","7":"desktop-align-left","8":"tablet-align-left","9":"mobile-align-left","11":"first","12":"instock","13":"product-type-external"},"brands":[{"id":332,"name":"TRW","slug":"trw"}],"_links":{"self":[{"href":"https:\/\/www.autonvaraosahaku.fi\/index.php?rest_route=\/wp\/v2\/product\/93213","targetHints":{"allow":["GET"]}}],"collection":[{"href":"https:\/\/www.autonvaraosahaku.fi\/index.php?rest_route=\/wp\/v2\/product"}],"about":[{"href":"https:\/\/www.autonvaraosahaku.fi\/index.php?rest_route=\/wp\/v2\/types\/product"}],"wp:attachment":[{"href":"https:\/\/www.autonvaraosahaku.fi\/index.php?rest_route=%2Fwp%2Fv2%2Fmedia&parent=93213"}],"wp:term":[{"taxonomy":"pwb-brand","embeddable":true,"href":"https:\/\/www.autonvaraosahaku.fi\/index.php?rest_route=%2Fwp%2Fv2%2Fpwb-brand&post=93213"},{"taxonomy":"product_cat","embeddable":true,"href":"https:\/\/www.autonvaraosahaku.fi\/index.php?rest_route=%2Fwp%2Fv2%2Fproduct_cat&post=93213"},{"taxonomy":"product_tag","embeddable":true,"href":"https:\/\/www.autonvaraosahaku.fi\/index.php?rest_route=%2Fwp%2Fv2%2Fproduct_tag&post=93213"}],"curies":[{"name":"wp","href":"https:\/\/api.w.org\/{rel}","templated":true}]}}