{"id":93217,"date":"2021-02-21T21:43:47","date_gmt":"2021-02-21T21:43:47","guid":{"rendered":"https:\/\/www.autonvaraosahaku.fi\/?product=lobro-305781-vetonivelen-suojakumi"},"modified":"2021-02-21T21:43:50","modified_gmt":"2021-02-21T21:43:50","slug":"lobro-305781-vetonivelen-suojakumi","status":"publish","type":"product","link":"https:\/\/www.autonvaraosahaku.fi\/?product=lobro-305781-vetonivelen-suojakumi","title":{"rendered":"L\u00d6BRO 305781 Vetonivelen suojakumi"},"content":{"rendered":"<p>Korvaava tuote\/korvaava tiedote 2: kannella; Kierremitta: M27x1,5; Paljekumin materiaali: TPE (termoplastinen elastomeeri); M\u00e4\u00e4r\u00e4yksikk\u00f6: Sarja; Uusi osa: ; Asennuspuoli: radseitig; MERCEDES-BENZ: C-CLASS W203,E-CLASS W211,C-CLASS W204,C-CLASS T-Model S204,C-CLASS T-Model S203,E-CLASS T-Model S211,E-CLASS W212,C-CLASS Coupe CL203,E-CLASS T-Model S212,GLK-CLASS X204,SLK R171,S-CLASS W220,S-CLASS W221,CLS C219,SL R230,E-CLASS Coupe C207,C-CLASS Coupe C204,SLK R172,E-CLASS Cabriolet A207,CLC-CLASS CL203,CLS C218,CLS Shooting Brake X218,SL R231,SLC R172; 0003570191, A0000003570191<\/p>\n","protected":false},"excerpt":{"rendered":"<p>L\u00d6BRO Paljekumisarja, Vetoakseli 305781  MERCEDES-BENZ,C-CLASS W203,E-CLASS W211,C-CLASS W204,C-CLASS T-Model S204,C-CLASS T-Model S203<\/p>\n","protected":false},"featured_media":0,"template":"","meta":{"site-sidebar-layout":"default","site-content-layout":"default","ast-global-header-display":"","ast-main-header-display":"","ast-hfb-above-header-display":"","ast-hfb-below-header-display":"","ast-hfb-mobile-header-display":"","site-post-title":"","ast-breadcrumbs-content":"","ast-featured-img":"","footer-sml-layout":"","theme-transparent-header-meta":"","adv-header-id-meta":"","stick-header-meta":"","header-above-stick-meta":"","header-main-stick-meta":"","header-below-stick-meta":""},"pwb-brand":[272],"product_cat":[42],"product_tag":[],"class_list":{"0":"post-93217","1":"product","2":"type-product","3":"status-publish","5":"pwb-brand-lobro","6":"product_cat-vetonivelen-suojakumi","7":"desktop-align-left","8":"tablet-align-left","9":"mobile-align-left","11":"first","12":"instock","13":"product-type-external"},"brands":[{"id":272,"name":"L\u00d6BRO","slug":"lobro"}],"_links":{"self":[{"href":"https:\/\/www.autonvaraosahaku.fi\/index.php?rest_route=\/wp\/v2\/product\/93217","targetHints":{"allow":["GET"]}}],"collection":[{"href":"https:\/\/www.autonvaraosahaku.fi\/index.php?rest_route=\/wp\/v2\/product"}],"about":[{"href":"https:\/\/www.autonvaraosahaku.fi\/index.php?rest_route=\/wp\/v2\/types\/product"}],"wp:attachment":[{"href":"https:\/\/www.autonvaraosahaku.fi\/index.php?rest_route=%2Fwp%2Fv2%2Fmedia&parent=93217"}],"wp:term":[{"taxonomy":"pwb-brand","embeddable":true,"href":"https:\/\/www.autonvaraosahaku.fi\/index.php?rest_route=%2Fwp%2Fv2%2Fpwb-brand&post=93217"},{"taxonomy":"product_cat","embeddable":true,"href":"https:\/\/www.autonvaraosahaku.fi\/index.php?rest_route=%2Fwp%2Fv2%2Fproduct_cat&post=93217"},{"taxonomy":"product_tag","embeddable":true,"href":"https:\/\/www.autonvaraosahaku.fi\/index.php?rest_route=%2Fwp%2Fv2%2Fproduct_tag&post=93217"}],"curies":[{"name":"wp","href":"https:\/\/api.w.org\/{rel}","templated":true}]}}