{"id":93227,"date":"2021-02-21T21:43:47","date_gmt":"2021-02-21T21:43:47","guid":{"rendered":"https:\/\/www.autonvaraosahaku.fi\/?product=hjs-82-11-4317-pakoputken-asennussarja"},"modified":"2021-02-21T21:43:53","modified_gmt":"2021-02-21T21:43:53","slug":"hjs-82-11-4317-pakoputken-asennussarja","status":"publish","type":"product","link":"https:\/\/www.autonvaraosahaku.fi\/?product=hjs-82-11-4317-pakoputken-asennussarja","title":{"rendered":"HJS 82 11 4317 Pakoputken asennussarja"},"content":{"rendered":"<p>Pakoputkisto: keski\u00e4\u00e4nenvaimentajalle, Pakoputkelle; Vain jnk. yhteydess\u00e4: OE Schalld\u00e4mpfer, OE Abgasrohr; VW: GOLF IV 1J1,GOLF IV Variant 1J5,BORA 1J2,NEW BEETLE 9C1, 1C1,BORA Kombi 1J6,NEW BEETLE Cabriolet 1Y7; AUDI: A3 8L1,TT 8N3,TT Roadster 8N9; SKODA: OCTAVIA Combi 1U5,OCTAVIA 1U2; SEAT: LEON 1M1,TOLEDO II 1M2; 1J0253201, 1J0253201A, 1J0253209, 1J0253209B, 1J0253209C, 1J0253209D, 1J0253209M, 1J0253209N, 1J0253209P, 1J0253209Q, 8N0253209D, JZW253201, JZW253209, JZW253209A, JZW253209D, 1J0253201, 1J0253201A, 1J0253209, 1J0253209E, 1J0253209F, 1J0253209G, 1J0253209L, 1J0253209M, 1J0253209N, 1M0253209, 1M0253209C, JZW253201, JZW253209D, 1J0253201, 1J0253201A, 1J0253209, 1J0253209A, 1J0253209B, 1J0253209C, 1J0253209F, 1J0253209G, 1J0253209H, 1J0253209L, 1J0253209M, 1J0253209N, 1J0253209P, JZW253201, JZW253209, JZW253209A, JZW253209D, 1J0253201, 1J0253201A, 1J0253209, 1J0253209B, 1J0253209C, 1J0253209D, 1J0253209E, 1J0253209F, 1J0253209G, 1J0253209L, 1J0253209M, 1J0253209N, 1J0253209P, 1J0253209Q, 1J6253209J, JZW253201, JZW253209, JZW253209A, JZW253209D<\/p>\n","protected":false},"excerpt":{"rendered":"<p>HJS Pidike, Pakoputkisto 82 11 4317  VW,AUDI,SKODA,GOLF IV 1J1,GOLF IV Variant 1J5,BORA 1J2,NEW BEETLE 9C1, 1C1,BORA Kombi 1J6<\/p>\n","protected":false},"featured_media":0,"template":"","meta":{"site-sidebar-layout":"default","site-content-layout":"default","ast-global-header-display":"","ast-main-header-display":"","ast-hfb-above-header-display":"","ast-hfb-below-header-display":"","ast-hfb-mobile-header-display":"","site-post-title":"","ast-breadcrumbs-content":"","ast-featured-img":"","footer-sml-layout":"","theme-transparent-header-meta":"","adv-header-id-meta":"","stick-header-meta":"","header-above-stick-meta":"","header-main-stick-meta":"","header-below-stick-meta":""},"pwb-brand":[344],"product_cat":[101],"product_tag":[],"class_list":{"0":"post-93227","1":"product","2":"type-product","3":"status-publish","5":"pwb-brand-hjs","6":"product_cat-pakoputken-asennussarja","7":"desktop-align-left","8":"tablet-align-left","9":"mobile-align-left","11":"first","12":"instock","13":"product-type-external"},"brands":[{"id":344,"name":"HJS","slug":"hjs"}],"_links":{"self":[{"href":"https:\/\/www.autonvaraosahaku.fi\/index.php?rest_route=\/wp\/v2\/product\/93227","targetHints":{"allow":["GET"]}}],"collection":[{"href":"https:\/\/www.autonvaraosahaku.fi\/index.php?rest_route=\/wp\/v2\/product"}],"about":[{"href":"https:\/\/www.autonvaraosahaku.fi\/index.php?rest_route=\/wp\/v2\/types\/product"}],"wp:attachment":[{"href":"https:\/\/www.autonvaraosahaku.fi\/index.php?rest_route=%2Fwp%2Fv2%2Fmedia&parent=93227"}],"wp:term":[{"taxonomy":"pwb-brand","embeddable":true,"href":"https:\/\/www.autonvaraosahaku.fi\/index.php?rest_route=%2Fwp%2Fv2%2Fpwb-brand&post=93227"},{"taxonomy":"product_cat","embeddable":true,"href":"https:\/\/www.autonvaraosahaku.fi\/index.php?rest_route=%2Fwp%2Fv2%2Fproduct_cat&post=93227"},{"taxonomy":"product_tag","embeddable":true,"href":"https:\/\/www.autonvaraosahaku.fi\/index.php?rest_route=%2Fwp%2Fv2%2Fproduct_tag&post=93227"}],"curies":[{"name":"wp","href":"https:\/\/api.w.org\/{rel}","templated":true}]}}