{"id":93234,"date":"2021-02-21T21:43:55","date_gmt":"2021-02-21T21:43:55","guid":{"rendered":"https:\/\/www.autonvaraosahaku.fi\/?product=valeo-588038-laturin-vapaakytkin"},"modified":"2021-02-21T21:43:57","modified_gmt":"2021-02-21T21:43:57","slug":"valeo-588038-laturin-vapaakytkin","status":"publish","type":"product","link":"https:\/\/www.autonvaraosahaku.fi\/?product=valeo-588038-laturin-vapaakytkin","title":{"rendered":"VALEO 588038 Laturin vapaakytkin"},"content":{"rendered":"<p>L\u00e4pimitta [mm]: 48,8; Leveys (mm): 38,1; Kierremitta: M16; kiiloja: 5; Syvyys (mm): 16; Reik\u00e4-\u00d8 [mm]: 17; Ruuvikanta\/mutteriprofiili: Torx; Py\u00f6rimissuunta: Py\u00f6rimissuunta my\u00f6t\u00e4p\u00e4iv\u00e4\u00e4n; Korvaava tuote\/korvaava tiedote 2: Erikoisty\u00f6kalu tarpeen asennuksessa; Paino [kg]: 0,4; Valmistusvuosi alkaen: 06\/1996; NISSAN: PRIMASTAR Bus X83,PRIMASTAR Kasten X83,INTERSTAR Kasten X70,INTERSTAR Bus X70,INTERSTAR Pritsche\/Fahrgestell,CABSTAR E Pick-up US; OPEL: VIVARO Kasten F7,VIVARO Combi J7,MOVANO Kasten F9,MOVANO Combi J9,VIVARO Pritsche\/Fahrgestell E7; DACIA: SANDERO,LOGAN MCV KS_,LOGAN LS_,LOGAN EXPRESS FS_,LOGAN Pick-up US_; VOLVO: V40 Kombi VW,S40 I VS; RENAULT: CLIO II BB0\/1\/2_, CB0\/1\/2_,KANGOO KC0\/1_,TWINGO II CN0_,LAGUNA II Grandtour KG0\/1_,LAGUNA II BG0\/1_,MEGANE II BM0\/1_, CM0\/1_,TRAFIC II Bus JL,MASTER II Kasten FD,TRAFIC II Kasten FL,KANGOO Express FC0\/1_,LAGUNA I B56_, 556_,LAGUNA I Grandtour K56_,MASTER II Pritsche\/Fahrgestell ED\/HD\/UD,VEL SATIS BJ0_,MASTER II Bus JD,CLIO II Kasten SB0\/1\/2_,THALIA I LB0\/1\/2_,TRAFIC II Pritsche\/Fahrgestell EL,THALIA II LU1\/2_; MITSUBISHI: SPACE STAR DG_A,CARISMA DA_,CARISMA Stufenheck DA_; VAUXHALL: VIVARO Kasten F7,MOVANO Mk I A Van FD,VIVARO Pritsche\/Fahrgestell E7,MOVANO Mk I A Combi JD,VIVARO Combi J7; 2315100Q0A, 4417573, 7701477507, 8200584039, 93190867, 31251073; Laturin Hihnapy\u00f6r\u00e4,Vapaakytkin<\/p>\n","protected":false},"excerpt":{"rendered":"<p>VALEO Laturin Vapaakytkin NEW PART 588038 Laturin Hihnapy\u00f6r\u00e4,Vapaakytkin NISSAN,OPEL,DACIA,PRIMASTAR Bus X83,PRIMASTAR Kasten X83,INTERSTAR Kasten X70<\/p>\n","protected":false},"featured_media":0,"template":"","meta":{"site-sidebar-layout":"default","site-content-layout":"default","ast-global-header-display":"","ast-main-header-display":"","ast-hfb-above-header-display":"","ast-hfb-below-header-display":"","ast-hfb-mobile-header-display":"","site-post-title":"","ast-breadcrumbs-content":"","ast-featured-img":"","footer-sml-layout":"","theme-transparent-header-meta":"","adv-header-id-meta":"","stick-header-meta":"","header-above-stick-meta":"","header-main-stick-meta":"","header-below-stick-meta":""},"pwb-brand":[28],"product_cat":[443],"product_tag":[],"class_list":{"0":"post-93234","1":"product","2":"type-product","3":"status-publish","5":"pwb-brand-valeo","6":"product_cat-laturin-vapaakytkin","7":"desktop-align-left","8":"tablet-align-left","9":"mobile-align-left","11":"first","12":"instock","13":"product-type-external"},"brands":[{"id":28,"name":"VALEO","slug":"valeo"}],"_links":{"self":[{"href":"https:\/\/www.autonvaraosahaku.fi\/index.php?rest_route=\/wp\/v2\/product\/93234","targetHints":{"allow":["GET"]}}],"collection":[{"href":"https:\/\/www.autonvaraosahaku.fi\/index.php?rest_route=\/wp\/v2\/product"}],"about":[{"href":"https:\/\/www.autonvaraosahaku.fi\/index.php?rest_route=\/wp\/v2\/types\/product"}],"wp:attachment":[{"href":"https:\/\/www.autonvaraosahaku.fi\/index.php?rest_route=%2Fwp%2Fv2%2Fmedia&parent=93234"}],"wp:term":[{"taxonomy":"pwb-brand","embeddable":true,"href":"https:\/\/www.autonvaraosahaku.fi\/index.php?rest_route=%2Fwp%2Fv2%2Fpwb-brand&post=93234"},{"taxonomy":"product_cat","embeddable":true,"href":"https:\/\/www.autonvaraosahaku.fi\/index.php?rest_route=%2Fwp%2Fv2%2Fproduct_cat&post=93234"},{"taxonomy":"product_tag","embeddable":true,"href":"https:\/\/www.autonvaraosahaku.fi\/index.php?rest_route=%2Fwp%2Fv2%2Fproduct_tag&post=93234"}],"curies":[{"name":"wp","href":"https:\/\/api.w.org\/{rel}","templated":true}]}}