{"id":93235,"date":"2021-02-21T21:43:55","date_gmt":"2021-02-21T21:43:55","guid":{"rendered":"https:\/\/www.autonvaraosahaku.fi\/?product=valeo-588022-laturin-vapaakytkin"},"modified":"2021-02-21T21:43:57","modified_gmt":"2021-02-21T21:43:57","slug":"valeo-588022-laturin-vapaakytkin","status":"publish","type":"product","link":"https:\/\/www.autonvaraosahaku.fi\/?product=valeo-588022-laturin-vapaakytkin","title":{"rendered":"VALEO 588022 Laturin vapaakytkin"},"content":{"rendered":"<p>L\u00e4pimitta [mm]: 56; Leveys (mm): 38; Kierremitta: M16; kiiloja: 6; Syvyys (mm): 8; Reik\u00e4-\u00d8 [mm]: 17; Ruuvikanta\/mutteriprofiili: Torx; Py\u00f6rimissuunta: Py\u00f6rimissuunta vastap\u00e4iv\u00e4\u00e4n; Korvaava tuote\/korvaava tiedote 2: Erikoisty\u00f6kalu tarpeen asennuksessa; Paino [kg]: 0,59; Valmistusvuosi alkaen: 01\/2000; VOLVO: V40 Kombi VW,V70 II SW,V50 MW,XC90 I,V70 I LV,S60 I,V70 III BW,C30,S80 I TS, XY,V60,S40 II MS,XC70 CROSS COUNTRY,S40 I VS,XC70 II,S80 II AS,C70 I Cabriolet,C70 I Coupe,S70 LS; 30667878, 30737517, 36050262, 8602343, 8602629, 8602710, 8622786, 8658644, 8676496, 8676497, 8676498, 9459077, 9459747, 9472908; Laturin Hihnapy\u00f6r\u00e4,Vapaakytkin<\/p>\n","protected":false},"excerpt":{"rendered":"<p>VALEO Laturin Vapaakytkin NEW PART 588022 Laturin Hihnapy\u00f6r\u00e4,Vapaakytkin VOLVO,V40 Kombi VW,V70 II SW,V50 MW,XC90 I,V70 I LV,S60 I,V70 III BW,C30<\/p>\n","protected":false},"featured_media":0,"template":"","meta":{"site-sidebar-layout":"default","site-content-layout":"default","ast-global-header-display":"","ast-main-header-display":"","ast-hfb-above-header-display":"","ast-hfb-below-header-display":"","ast-hfb-mobile-header-display":"","site-post-title":"","ast-breadcrumbs-content":"","ast-featured-img":"","footer-sml-layout":"","theme-transparent-header-meta":"","adv-header-id-meta":"","stick-header-meta":"","header-above-stick-meta":"","header-main-stick-meta":"","header-below-stick-meta":""},"pwb-brand":[28],"product_cat":[443],"product_tag":[],"class_list":{"0":"post-93235","1":"product","2":"type-product","3":"status-publish","5":"pwb-brand-valeo","6":"product_cat-laturin-vapaakytkin","7":"desktop-align-left","8":"tablet-align-left","9":"mobile-align-left","11":"first","12":"instock","13":"product-type-external"},"brands":[{"id":28,"name":"VALEO","slug":"valeo"}],"_links":{"self":[{"href":"https:\/\/www.autonvaraosahaku.fi\/index.php?rest_route=\/wp\/v2\/product\/93235","targetHints":{"allow":["GET"]}}],"collection":[{"href":"https:\/\/www.autonvaraosahaku.fi\/index.php?rest_route=\/wp\/v2\/product"}],"about":[{"href":"https:\/\/www.autonvaraosahaku.fi\/index.php?rest_route=\/wp\/v2\/types\/product"}],"wp:attachment":[{"href":"https:\/\/www.autonvaraosahaku.fi\/index.php?rest_route=%2Fwp%2Fv2%2Fmedia&parent=93235"}],"wp:term":[{"taxonomy":"pwb-brand","embeddable":true,"href":"https:\/\/www.autonvaraosahaku.fi\/index.php?rest_route=%2Fwp%2Fv2%2Fpwb-brand&post=93235"},{"taxonomy":"product_cat","embeddable":true,"href":"https:\/\/www.autonvaraosahaku.fi\/index.php?rest_route=%2Fwp%2Fv2%2Fproduct_cat&post=93235"},{"taxonomy":"product_tag","embeddable":true,"href":"https:\/\/www.autonvaraosahaku.fi\/index.php?rest_route=%2Fwp%2Fv2%2Fproduct_tag&post=93235"}],"curies":[{"name":"wp","href":"https:\/\/api.w.org\/{rel}","templated":true}]}}