{"id":93238,"date":"2021-02-21T21:43:55","date_gmt":"2021-02-21T21:43:55","guid":{"rendered":"https:\/\/www.autonvaraosahaku.fi\/?product=magneti-marelli-313011300079-polttoainepumppu"},"modified":"2021-02-21T21:43:58","modified_gmt":"2021-02-21T21:43:58","slug":"magneti-marelli-313011300079-polttoainepumppu","status":"publish","type":"product","link":"https:\/\/www.autonvaraosahaku.fi\/?product=magneti-marelli-313011300079-polttoainepumppu","title":{"rendered":"MAGNETI MARELLI 313011300079 Polttoainepumppu"},"content":{"rendered":"<p>Siirtom\u00e4\u00e4r\u00e4 (l\/h): 120; K\u00e4ytt\u00f6: S\u00e4hk\u00f6inen; J\u00e4nnite sis\u00e4\u00e4n [V]: 12; K\u00e4ytt\u00f6paine (bar): 6; VW: GOLF II 19E, 1G1,PASSAT 3A2, 35I,JETTA II 19E, 1G2, 165; AUDI: 80 8C, B4,100 4A, C4,80 Avant 8C, B4,100 44, 44Q, C3,A6 Avant 4A, C4,A6 4A, C4,COUPE 89, 8B,100 Avant 4A, C4,100 Avant 44, 44Q, C3,V8 44_, 4C_,200 44, 44Q,200 Avant 44, 44Q; SEAT: TOLEDO I 1L; 1613157, 6052768, 6106539, 6150295, 78GB9350AA, 82GB9350AA, 83BB9350AA, 84BB9350AA, 0020919701, 1160900050, 116091020l, 1160910301, A0020919701, A1160900050, A1160910201, A1160910301, 145047<\/p>\n","protected":false},"excerpt":{"rendered":"<p>MAGNETI MARELLI Polttoainepumppu 313011300079  VW,AUDI,SEAT,GOLF II 19E, 1G1,PASSAT 3A2, 35I,JETTA II 19E, 1G2, 165,80 8C, B4,100 4A, C4<\/p>\n","protected":false},"featured_media":0,"template":"","meta":{"site-sidebar-layout":"default","site-content-layout":"default","ast-global-header-display":"","ast-main-header-display":"","ast-hfb-above-header-display":"","ast-hfb-below-header-display":"","ast-hfb-mobile-header-display":"","site-post-title":"","ast-breadcrumbs-content":"","ast-featured-img":"","footer-sml-layout":"","theme-transparent-header-meta":"","adv-header-id-meta":"","stick-header-meta":"","header-above-stick-meta":"","header-main-stick-meta":"","header-below-stick-meta":""},"pwb-brand":[34],"product_cat":[73],"product_tag":[],"class_list":{"0":"post-93238","1":"product","2":"type-product","3":"status-publish","5":"pwb-brand-magneti-marelli","6":"product_cat-polttoainepumppu","7":"desktop-align-left","8":"tablet-align-left","9":"mobile-align-left","11":"first","12":"instock","13":"product-type-external"},"brands":[{"id":34,"name":"MAGNETI MARELLI","slug":"magneti-marelli"}],"_links":{"self":[{"href":"https:\/\/www.autonvaraosahaku.fi\/index.php?rest_route=\/wp\/v2\/product\/93238","targetHints":{"allow":["GET"]}}],"collection":[{"href":"https:\/\/www.autonvaraosahaku.fi\/index.php?rest_route=\/wp\/v2\/product"}],"about":[{"href":"https:\/\/www.autonvaraosahaku.fi\/index.php?rest_route=\/wp\/v2\/types\/product"}],"wp:attachment":[{"href":"https:\/\/www.autonvaraosahaku.fi\/index.php?rest_route=%2Fwp%2Fv2%2Fmedia&parent=93238"}],"wp:term":[{"taxonomy":"pwb-brand","embeddable":true,"href":"https:\/\/www.autonvaraosahaku.fi\/index.php?rest_route=%2Fwp%2Fv2%2Fpwb-brand&post=93238"},{"taxonomy":"product_cat","embeddable":true,"href":"https:\/\/www.autonvaraosahaku.fi\/index.php?rest_route=%2Fwp%2Fv2%2Fproduct_cat&post=93238"},{"taxonomy":"product_tag","embeddable":true,"href":"https:\/\/www.autonvaraosahaku.fi\/index.php?rest_route=%2Fwp%2Fv2%2Fproduct_tag&post=93238"}],"curies":[{"name":"wp","href":"https:\/\/api.w.org\/{rel}","templated":true}]}}