{"id":93241,"date":"2021-02-21T21:43:55","date_gmt":"2021-02-21T21:43:55","guid":{"rendered":"https:\/\/www.autonvaraosahaku.fi\/?product=magneti-marelli-313011300021-polttoainepumppu"},"modified":"2021-02-21T21:43:59","modified_gmt":"2021-02-21T21:43:59","slug":"magneti-marelli-313011300021-polttoainepumppu","status":"publish","type":"product","link":"https:\/\/www.autonvaraosahaku.fi\/?product=magneti-marelli-313011300021-polttoainepumppu","title":{"rendered":"MAGNETI MARELLI 313011300021 Polttoainepumppu"},"content":{"rendered":"<p>Siirtom\u00e4\u00e4r\u00e4 (l\/h): 100; K\u00e4ytt\u00f6: S\u00e4hk\u00f6inen; J\u00e4nnite sis\u00e4\u00e4n [V]: 12; Polttoaine: Bensiini; K\u00e4ytt\u00f6paine (bar): 3; VW: TRANSPORTER IV Bus 70XB, 70XC, 7DB, 7DW,GOLF III 1H1,SHARAN 7M8, 7M9, 7M6,POLO 6N1,PASSAT Variant 3A5, 35I,GOLF I Cabriolet 155,GOLF III Cabriolet 1E7,TRANSPORTER IV Kasten 70XA,GOLF Mk III Cabriolet 1E7,GOLF III Variant 1H5,PASSAT 3A2, 35I,TRANSPORTER IV Pritsche\/Fahrgestell 70XD,POLO CLASSIC 6KV2,VENTO 1H2; SEAT: ALHAMBRA 7V8, 7V9,IBIZA II 6K1,CORDOBA 6K1, 6K2,CORDOBA Vario 6K1,INCA 6K9; FORD: GALAXY WGR; 1H0906091<\/p>\n","protected":false},"excerpt":{"rendered":"<p>MAGNETI MARELLI Polttoainepumppu 313011300021  VW,SEAT,FORD,TRANSPORTER IV Bus 70XB, 70XC, 7DB, 7DW,GOLF III 1H1,SHARAN 7M8, 7M9, 7M6,POLO 6N1<\/p>\n","protected":false},"featured_media":0,"template":"","meta":{"site-sidebar-layout":"default","site-content-layout":"default","ast-global-header-display":"","ast-main-header-display":"","ast-hfb-above-header-display":"","ast-hfb-below-header-display":"","ast-hfb-mobile-header-display":"","site-post-title":"","ast-breadcrumbs-content":"","ast-featured-img":"","footer-sml-layout":"","theme-transparent-header-meta":"","adv-header-id-meta":"","stick-header-meta":"","header-above-stick-meta":"","header-main-stick-meta":"","header-below-stick-meta":""},"pwb-brand":[34],"product_cat":[73],"product_tag":[],"class_list":{"0":"post-93241","1":"product","2":"type-product","3":"status-publish","5":"pwb-brand-magneti-marelli","6":"product_cat-polttoainepumppu","7":"desktop-align-left","8":"tablet-align-left","9":"mobile-align-left","11":"first","12":"instock","13":"product-type-external"},"brands":[{"id":34,"name":"MAGNETI MARELLI","slug":"magneti-marelli"}],"_links":{"self":[{"href":"https:\/\/www.autonvaraosahaku.fi\/index.php?rest_route=\/wp\/v2\/product\/93241","targetHints":{"allow":["GET"]}}],"collection":[{"href":"https:\/\/www.autonvaraosahaku.fi\/index.php?rest_route=\/wp\/v2\/product"}],"about":[{"href":"https:\/\/www.autonvaraosahaku.fi\/index.php?rest_route=\/wp\/v2\/types\/product"}],"wp:attachment":[{"href":"https:\/\/www.autonvaraosahaku.fi\/index.php?rest_route=%2Fwp%2Fv2%2Fmedia&parent=93241"}],"wp:term":[{"taxonomy":"pwb-brand","embeddable":true,"href":"https:\/\/www.autonvaraosahaku.fi\/index.php?rest_route=%2Fwp%2Fv2%2Fpwb-brand&post=93241"},{"taxonomy":"product_cat","embeddable":true,"href":"https:\/\/www.autonvaraosahaku.fi\/index.php?rest_route=%2Fwp%2Fv2%2Fproduct_cat&post=93241"},{"taxonomy":"product_tag","embeddable":true,"href":"https:\/\/www.autonvaraosahaku.fi\/index.php?rest_route=%2Fwp%2Fv2%2Fproduct_tag&post=93241"}],"curies":[{"name":"wp","href":"https:\/\/api.w.org\/{rel}","templated":true}]}}