{"id":93252,"date":"2021-02-21T21:44:04","date_gmt":"2021-02-21T21:44:04","guid":{"rendered":"https:\/\/www.autonvaraosahaku.fi\/?product=febi-bilstein-43481-kardaanin-kuminivel"},"modified":"2021-02-21T21:44:05","modified_gmt":"2021-02-21T21:44:05","slug":"febi-bilstein-43481-kardaanin-kuminivel","status":"publish","type":"product","link":"https:\/\/www.autonvaraosahaku.fi\/?product=febi-bilstein-43481-kardaanin-kuminivel","title":{"rendered":"FEBI BILSTEIN 43481 Kardaanin kuminivel"},"content":{"rendered":"<p>Reik\u00e4ympyr\u00e4-\u00d8 [mm]: 110; Materiaali: Kumi-metalli; Reikien m\u00e4\u00e4r\u00e4: 6; Paino [kg]: 1,91; Huomioi huolto-ohjeet: , ; Valmistusvuosi alkaen: 01\/1999; BMW: 3 E46,5 E39,3 Touring E46,5 Touring E39,7 E38; 26111229754, 26111229754S1, 26117572664, 26117572664S1; R\u00e4ttinivel,Nivel, Pitkitt\u00e4isakseli<\/p>\n","protected":false},"excerpt":{"rendered":"<p>FEBI BILSTEIN Kardaanin Kuminivel 43481 R\u00e4ttinivel,Nivel, Pitkitt\u00e4isakseli BMW,3 E46,5 E39,3 Touring E46,5 Touring E39,7 E38<\/p>\n","protected":false},"featured_media":0,"template":"","meta":{"site-sidebar-layout":"default","site-content-layout":"default","ast-global-header-display":"","ast-main-header-display":"","ast-hfb-above-header-display":"","ast-hfb-below-header-display":"","ast-hfb-mobile-header-display":"","site-post-title":"","ast-breadcrumbs-content":"","ast-featured-img":"","footer-sml-layout":"","theme-transparent-header-meta":"","adv-header-id-meta":"","stick-header-meta":"","header-above-stick-meta":"","header-main-stick-meta":"","header-below-stick-meta":""},"pwb-brand":[50],"product_cat":[56],"product_tag":[],"class_list":{"0":"post-93252","1":"product","2":"type-product","3":"status-publish","5":"pwb-brand-febi-bilstein","6":"product_cat-kardaanin-kuminivel","7":"desktop-align-left","8":"tablet-align-left","9":"mobile-align-left","11":"first","12":"instock","13":"product-type-external"},"brands":[{"id":50,"name":"FEBI BILSTEIN","slug":"febi-bilstein"}],"_links":{"self":[{"href":"https:\/\/www.autonvaraosahaku.fi\/index.php?rest_route=\/wp\/v2\/product\/93252","targetHints":{"allow":["GET"]}}],"collection":[{"href":"https:\/\/www.autonvaraosahaku.fi\/index.php?rest_route=\/wp\/v2\/product"}],"about":[{"href":"https:\/\/www.autonvaraosahaku.fi\/index.php?rest_route=\/wp\/v2\/types\/product"}],"wp:attachment":[{"href":"https:\/\/www.autonvaraosahaku.fi\/index.php?rest_route=%2Fwp%2Fv2%2Fmedia&parent=93252"}],"wp:term":[{"taxonomy":"pwb-brand","embeddable":true,"href":"https:\/\/www.autonvaraosahaku.fi\/index.php?rest_route=%2Fwp%2Fv2%2Fpwb-brand&post=93252"},{"taxonomy":"product_cat","embeddable":true,"href":"https:\/\/www.autonvaraosahaku.fi\/index.php?rest_route=%2Fwp%2Fv2%2Fproduct_cat&post=93252"},{"taxonomy":"product_tag","embeddable":true,"href":"https:\/\/www.autonvaraosahaku.fi\/index.php?rest_route=%2Fwp%2Fv2%2Fproduct_tag&post=93252"}],"curies":[{"name":"wp","href":"https:\/\/api.w.org\/{rel}","templated":true}]}}