{"id":9326,"date":"2021-02-21T14:05:35","date_gmt":"2021-02-21T14:05:35","guid":{"rendered":"https:\/\/www.autonvaraosahaku.fi\/?product=powerflex-pfr69-110-tukivarren-hela"},"modified":"2021-02-21T14:05:35","modified_gmt":"2021-02-21T14:05:35","slug":"powerflex-pfr69-110-tukivarren-hela","status":"publish","type":"product","link":"https:\/\/www.autonvaraosahaku.fi\/?product=powerflex-pfr69-110-tukivarren-hela","title":{"rendered":"Powerflex PFR69-110 Tukivarren hela"},"content":{"rendered":"<p>Asennuspuoli: Alla, Taka-akseli, molemminpuolinen, unten; Ohjausmalli: Poikittaistukivarsi; Materiaali: PU (polyuretaani); Kiinnitysmalli: Kumimetallilaakeri; M\u00e4\u00e4r\u00e4yksikk\u00f6: Kappale; Tarvittava kappalem\u00e4\u00e4r\u00e4: 6; Versio: Road Series; SUBARU: FORESTER SG,FORESTER SF,IMPREZA Stufenheck GD,IMPREZA Station Wagon GG,IMPREZA Stufenheck GC,LEGACY II Station Wagon BD, BG,IMPREZA Station Wagon GF,LEGACY III BE, BH,SVX CX,LEGACY I Station Wagon BC, BJF,LEGACY II BD, BG,IMPREZA Coupe GFC,LEGACY I BC,LEGACY OUTBACK BG; 20250AC100 , 20251AA000, 20255AA301 , 20255AA311<\/p>\n","protected":false},"excerpt":{"rendered":"<p>Powerflex Tukivarren Hela PFR69-110  SUBARU,FORESTER SG,FORESTER SF,IMPREZA Stufenheck GD,IMPREZA Station Wagon GG,IMPREZA Stufenheck GC<\/p>\n","protected":false},"featured_media":0,"template":"","meta":{"site-sidebar-layout":"default","site-content-layout":"default","ast-global-header-display":"","ast-main-header-display":"","ast-hfb-above-header-display":"","ast-hfb-below-header-display":"","ast-hfb-mobile-header-display":"","site-post-title":"","ast-breadcrumbs-content":"","ast-featured-img":"","footer-sml-layout":"","theme-transparent-header-meta":"","adv-header-id-meta":"","stick-header-meta":"","header-above-stick-meta":"","header-main-stick-meta":"","header-below-stick-meta":""},"pwb-brand":[268],"product_cat":[115],"product_tag":[],"class_list":{"0":"post-9326","1":"product","2":"type-product","3":"status-publish","5":"pwb-brand-powerflex","6":"product_cat-tukivarren-hela","7":"desktop-align-left","8":"tablet-align-left","9":"mobile-align-left","11":"first","12":"instock","13":"product-type-external"},"brands":[{"id":268,"name":"Powerflex","slug":"powerflex"}],"_links":{"self":[{"href":"https:\/\/www.autonvaraosahaku.fi\/index.php?rest_route=\/wp\/v2\/product\/9326","targetHints":{"allow":["GET"]}}],"collection":[{"href":"https:\/\/www.autonvaraosahaku.fi\/index.php?rest_route=\/wp\/v2\/product"}],"about":[{"href":"https:\/\/www.autonvaraosahaku.fi\/index.php?rest_route=\/wp\/v2\/types\/product"}],"wp:attachment":[{"href":"https:\/\/www.autonvaraosahaku.fi\/index.php?rest_route=%2Fwp%2Fv2%2Fmedia&parent=9326"}],"wp:term":[{"taxonomy":"pwb-brand","embeddable":true,"href":"https:\/\/www.autonvaraosahaku.fi\/index.php?rest_route=%2Fwp%2Fv2%2Fpwb-brand&post=9326"},{"taxonomy":"product_cat","embeddable":true,"href":"https:\/\/www.autonvaraosahaku.fi\/index.php?rest_route=%2Fwp%2Fv2%2Fproduct_cat&post=9326"},{"taxonomy":"product_tag","embeddable":true,"href":"https:\/\/www.autonvaraosahaku.fi\/index.php?rest_route=%2Fwp%2Fv2%2Fproduct_tag&post=9326"}],"curies":[{"name":"wp","href":"https:\/\/api.w.org\/{rel}","templated":true}]}}