{"id":93266,"date":"2021-02-21T21:44:04","date_gmt":"2021-02-21T21:44:04","guid":{"rendered":"https:\/\/www.autonvaraosahaku.fi\/?product=autofren-seinsa-d42248c-jarrusatula-korjaussarja"},"modified":"2021-02-21T21:44:10","modified_gmt":"2021-02-21T21:44:10","slug":"autofren-seinsa-d42248c-jarrusatula-korjaussarja","status":"publish","type":"product","link":"https:\/\/www.autonvaraosahaku.fi\/?product=autofren-seinsa-d42248c-jarrusatula-korjaussarja","title":{"rendered":"AUTOFREN SEINSA D42248C Jarrusatula korjaussarja"},"content":{"rendered":"<p>Asennuspuoli: Taka-akseli; L\u00e4pimitta [mm]: 38; Jarruj\u00e4rjestelm\u00e4: TRW; T\u00e4yssarja: ; OE-numerolle: 77367136; Varusteet: f\u00fcr Fahrzeuge mit elektrischer Feststellbremse; VW: PASSAT Variant 3C5,PASSAT 3C2,PASSAT CC 357; JEEP: RENEGADE Gel\u00e4ndewagen geschlossen BU; MERCEDES-BENZ: A-CLASS W176,CLA Coupe C117,CLA Shooting Brake X117; LANCIA: THESIS 841AX; VOLVO: V70 II SW,XC60,V70 III BW,V60,XC70 II,S80 II AS,S60 II; FORD: S-MAX WA6,GALAXY WA6; RENAULT: SC\u00c9NIC III JZ0\/1_,GRAND SC\u00c9NIC III JZ0\/1_,ESPACE V; FIAT: 500X; 77367135, 1426840, 1426847, 1491687, 1493796, 77367135, 77367136, 4233581, 4233681, A0004233581, 95522623, 440013546R, 440118013R, 3C0615403, 3C0615403E, 3C0615404, 3C0615404E, 3C0615403, 3C0615403E, 3C0615404, 3C0615404E, 36001379, 36001380, 36001381, 36001382, 8603726, 8603727; Korjaussarja, Jarrusatula<\/p>\n","protected":false},"excerpt":{"rendered":"<p>AUTOFREN SEINSA Jarrusatula Korjaussarja D42248C Korjaussarja, Jarrusatula VW,JEEP,MERCEDES-BENZ,PASSAT Variant 3C5,PASSAT 3C2,PASSAT CC 357<\/p>\n","protected":false},"featured_media":0,"template":"","meta":{"site-sidebar-layout":"default","site-content-layout":"default","ast-global-header-display":"","ast-main-header-display":"","ast-hfb-above-header-display":"","ast-hfb-below-header-display":"","ast-hfb-mobile-header-display":"","site-post-title":"","ast-breadcrumbs-content":"","ast-featured-img":"","footer-sml-layout":"","theme-transparent-header-meta":"","adv-header-id-meta":"","stick-header-meta":"","header-above-stick-meta":"","header-main-stick-meta":"","header-below-stick-meta":""},"pwb-brand":[243],"product_cat":[57],"product_tag":[],"class_list":{"0":"post-93266","1":"product","2":"type-product","3":"status-publish","5":"pwb-brand-autofren-seinsa","6":"product_cat-jarrusatula-korjaussarja","7":"desktop-align-left","8":"tablet-align-left","9":"mobile-align-left","11":"first","12":"instock","13":"product-type-external"},"brands":[{"id":243,"name":"AUTOFREN SEINSA","slug":"autofren-seinsa"}],"_links":{"self":[{"href":"https:\/\/www.autonvaraosahaku.fi\/index.php?rest_route=\/wp\/v2\/product\/93266","targetHints":{"allow":["GET"]}}],"collection":[{"href":"https:\/\/www.autonvaraosahaku.fi\/index.php?rest_route=\/wp\/v2\/product"}],"about":[{"href":"https:\/\/www.autonvaraosahaku.fi\/index.php?rest_route=\/wp\/v2\/types\/product"}],"wp:attachment":[{"href":"https:\/\/www.autonvaraosahaku.fi\/index.php?rest_route=%2Fwp%2Fv2%2Fmedia&parent=93266"}],"wp:term":[{"taxonomy":"pwb-brand","embeddable":true,"href":"https:\/\/www.autonvaraosahaku.fi\/index.php?rest_route=%2Fwp%2Fv2%2Fpwb-brand&post=93266"},{"taxonomy":"product_cat","embeddable":true,"href":"https:\/\/www.autonvaraosahaku.fi\/index.php?rest_route=%2Fwp%2Fv2%2Fproduct_cat&post=93266"},{"taxonomy":"product_tag","embeddable":true,"href":"https:\/\/www.autonvaraosahaku.fi\/index.php?rest_route=%2Fwp%2Fv2%2Fproduct_tag&post=93266"}],"curies":[{"name":"wp","href":"https:\/\/api.w.org\/{rel}","templated":true}]}}