{"id":93277,"date":"2021-02-21T21:44:12","date_gmt":"2021-02-21T21:44:12","guid":{"rendered":"https:\/\/www.autonvaraosahaku.fi\/?product=jp-group-1114308800-jaahdyttimen-letku"},"modified":"2021-02-21T21:44:15","modified_gmt":"2021-02-21T21:44:15","slug":"jp-group-1114308800-jaahdyttimen-letku","status":"publish","type":"product","link":"https:\/\/www.autonvaraosahaku.fi\/?product=jp-group-1114308800-jaahdyttimen-letku","title":{"rendered":"JP GROUP 1114308800 J\u00e4\u00e4hdyttimen letku"},"content":{"rendered":"<p>Asennuspuoli: Yl\u00e4puolella; J\u00e4\u00e4hdytysjohto: Moottorista l\u00e4mp\u00f6kennoon; lis\u00e4tieto: CLASSIC; Varusteet: f\u00fcr Fahrzeuge ohne Klimaanlage; VW: GOLF II 19E, 1G1,GOLF I Cabriolet 155,SCIROCCO 53B,CADDY I 14,JETTA II 19E, 1G2, 165; TOYOTA: COROLLA Liftback _E8_,COROLLA FX Compact E8B,CARINA II _T15_,COROLLA Station Wagon _E7_,CARINA II Stufenheck _T15_,COROLLA _E7_,COROLLA _E8_; 171121101AB, 171121101G, 533121101F<\/p>\n","protected":false},"excerpt":{"rendered":"<p>JP GROUP J\u00e4\u00e4hdyttimen Letku 1114308800  VW,TOYOTA,GOLF II 19E, 1G1,GOLF I Cabriolet 155,SCIROCCO 53B,CADDY I 14,JETTA II 19E, 1G2, 165<\/p>\n","protected":false},"featured_media":0,"template":"","meta":{"site-sidebar-layout":"default","site-content-layout":"default","ast-global-header-display":"","ast-main-header-display":"","ast-hfb-above-header-display":"","ast-hfb-below-header-display":"","ast-hfb-mobile-header-display":"","site-post-title":"","ast-breadcrumbs-content":"","ast-featured-img":"","footer-sml-layout":"","theme-transparent-header-meta":"","adv-header-id-meta":"","stick-header-meta":"","header-above-stick-meta":"","header-main-stick-meta":"","header-below-stick-meta":""},"pwb-brand":[131],"product_cat":[206],"product_tag":[],"class_list":{"0":"post-93277","1":"product","2":"type-product","3":"status-publish","5":"pwb-brand-jp-group","6":"product_cat-jaahdyttimen-letku","7":"desktop-align-left","8":"tablet-align-left","9":"mobile-align-left","11":"first","12":"instock","13":"product-type-external"},"brands":[{"id":131,"name":"JP GROUP","slug":"jp-group"}],"_links":{"self":[{"href":"https:\/\/www.autonvaraosahaku.fi\/index.php?rest_route=\/wp\/v2\/product\/93277","targetHints":{"allow":["GET"]}}],"collection":[{"href":"https:\/\/www.autonvaraosahaku.fi\/index.php?rest_route=\/wp\/v2\/product"}],"about":[{"href":"https:\/\/www.autonvaraosahaku.fi\/index.php?rest_route=\/wp\/v2\/types\/product"}],"wp:attachment":[{"href":"https:\/\/www.autonvaraosahaku.fi\/index.php?rest_route=%2Fwp%2Fv2%2Fmedia&parent=93277"}],"wp:term":[{"taxonomy":"pwb-brand","embeddable":true,"href":"https:\/\/www.autonvaraosahaku.fi\/index.php?rest_route=%2Fwp%2Fv2%2Fpwb-brand&post=93277"},{"taxonomy":"product_cat","embeddable":true,"href":"https:\/\/www.autonvaraosahaku.fi\/index.php?rest_route=%2Fwp%2Fv2%2Fproduct_cat&post=93277"},{"taxonomy":"product_tag","embeddable":true,"href":"https:\/\/www.autonvaraosahaku.fi\/index.php?rest_route=%2Fwp%2Fv2%2Fproduct_tag&post=93277"}],"curies":[{"name":"wp","href":"https:\/\/api.w.org\/{rel}","templated":true}]}}