{"id":93281,"date":"2021-02-21T21:44:12","date_gmt":"2021-02-21T21:44:12","guid":{"rendered":"https:\/\/www.autonvaraosahaku.fi\/?product=ridex-654w0198-pyoranlaakerit"},"modified":"2021-02-21T21:44:16","modified_gmt":"2021-02-21T21:44:16","slug":"ridex-654w0198-pyoranlaakerit","status":"publish","type":"product","link":"https:\/\/www.autonvaraosahaku.fi\/?product=ridex-654w0198-pyoranlaakerit","title":{"rendered":"RIDEX 654W0198 Py\u00f6r\u00e4nlaakerit"},"content":{"rendered":"<p>Leveys (mm): 68; Sis\u00e4l\u00e4pimitta [mm]: 27; Ulkol\u00e4pimitta [mm]: 134; Reik\u00e4ympyr\u00e4-\u00d8 [mm]: 100; Laakerityyppi: S\u00e4teitt\u00e4iskuulalaakeri; Korvaava tuote\/korvaava tiedote 2: Py\u00f6r\u00e4nlaakeri integroitu py\u00f6r\u00e4nnapaan; Asennuspuoli: Taka-akseli, molemminpuolinen; Paino [kg]: 1,67; Tarvittava kappalem\u00e4\u00e4r\u00e4: 2; Moottorinumero: GA16DS; NISSAN: ALMERA I Hatchback N15,ALMERA I N15,100 NX B13,SUNNY III N14,PULSAR V Schr\u00e4gheck N14,SUNNY III Liftback N14,SUNNY II Hatchback N13,SUNNY II N13; 432000M000, 432000M001, 4320050Y00, 4320050Y05; Py\u00f6r\u00e4nlaakerisarja<\/p>\n","protected":false},"excerpt":{"rendered":"<p>RIDEX Py\u00f6r\u00e4nlaakerit 654W0198 Py\u00f6r\u00e4nlaakerisarja NISSAN,ALMERA I Hatchback N15,ALMERA I N15,100 NX B13,SUNNY III N14,PULSAR V Schr\u00e4gheck N14<\/p>\n","protected":false},"featured_media":0,"template":"","meta":{"site-sidebar-layout":"default","site-content-layout":"default","ast-global-header-display":"","ast-main-header-display":"","ast-hfb-above-header-display":"","ast-hfb-below-header-display":"","ast-hfb-mobile-header-display":"","site-post-title":"","ast-breadcrumbs-content":"","ast-featured-img":"","footer-sml-layout":"","theme-transparent-header-meta":"","adv-header-id-meta":"","stick-header-meta":"","header-above-stick-meta":"","header-main-stick-meta":"","header-below-stick-meta":""},"pwb-brand":[157],"product_cat":[83],"product_tag":[],"class_list":{"0":"post-93281","1":"product","2":"type-product","3":"status-publish","5":"pwb-brand-ridex","6":"product_cat-pyoranlaakerit","7":"desktop-align-left","8":"tablet-align-left","9":"mobile-align-left","11":"first","12":"instock","13":"product-type-external"},"brands":[{"id":157,"name":"RIDEX","slug":"ridex"}],"_links":{"self":[{"href":"https:\/\/www.autonvaraosahaku.fi\/index.php?rest_route=\/wp\/v2\/product\/93281","targetHints":{"allow":["GET"]}}],"collection":[{"href":"https:\/\/www.autonvaraosahaku.fi\/index.php?rest_route=\/wp\/v2\/product"}],"about":[{"href":"https:\/\/www.autonvaraosahaku.fi\/index.php?rest_route=\/wp\/v2\/types\/product"}],"wp:attachment":[{"href":"https:\/\/www.autonvaraosahaku.fi\/index.php?rest_route=%2Fwp%2Fv2%2Fmedia&parent=93281"}],"wp:term":[{"taxonomy":"pwb-brand","embeddable":true,"href":"https:\/\/www.autonvaraosahaku.fi\/index.php?rest_route=%2Fwp%2Fv2%2Fpwb-brand&post=93281"},{"taxonomy":"product_cat","embeddable":true,"href":"https:\/\/www.autonvaraosahaku.fi\/index.php?rest_route=%2Fwp%2Fv2%2Fproduct_cat&post=93281"},{"taxonomy":"product_tag","embeddable":true,"href":"https:\/\/www.autonvaraosahaku.fi\/index.php?rest_route=%2Fwp%2Fv2%2Fproduct_tag&post=93281"}],"curies":[{"name":"wp","href":"https:\/\/api.w.org\/{rel}","templated":true}]}}