{"id":93286,"date":"2021-02-21T21:44:12","date_gmt":"2021-02-21T21:44:12","guid":{"rendered":"https:\/\/www.autonvaraosahaku.fi\/?product=ridex-458f0032-polttoainepumppu"},"modified":"2021-02-21T21:44:18","modified_gmt":"2021-02-21T21:44:18","slug":"ridex-458f0032-polttoainepumppu","status":"publish","type":"product","link":"https:\/\/www.autonvaraosahaku.fi\/?product=ridex-458f0032-polttoainepumppu","title":{"rendered":"RIDEX 458F0032 Polttoainepumppu"},"content":{"rendered":"<p>Asennuspuoli: polttoaines\u00e4ili\u00f6ss\u00e4; K\u00e4ytt\u00f6: S\u00e4hk\u00f6inen; Korvaava tuote\/korvaava tiedote 2: Liit\u00e4nt\u00e4osilla, Kiinnitysmateriaalilla; Liittimi\u00e4: 2; Siirtom\u00e4\u00e4r\u00e4 (l\/h): 80; Rakennemalli: ; TOYOTA: RAV 4 II CLA2_, XA2_, ZCA2_, ACA2_,STARLET EP91,COROLLA Kombi _E12J_, _E12T_,RAV 4 I SXA1_,CELICA ZZT23_,PREVIA MCR3_, ACR3_, CLR3_,COROLLA Stufenheck _E12J_, _E12T_,PICNIC _XM10,LAND CRUISER 90 _J9_,AVENSIS VERSO _CLM2_, _ACM2_,STARLET _P8_,PASEO Coupe EL54,COROLLA Compact _E10_,CARINA E _T19_,LAND CRUISER 100 UZJ100,CELICA ST20_, AT20_,CARINA E Stufenheck _T19_,CELICA Coupe AT18_, ST18_,CARINA E Sportswagon _T19_,PREVIA TCR2_, TCR1_,HILUX VI Pick-up _N1_,RAV 4 \u00a0 SXA1_,CAMRY MCV3_, ACV3_, _XV3_,CAMRY _CV2_, _XV2_,HILUX V Pick-up LN_, KZN1_, VZN1_,4 RUNNER RN10_, VZN13_, VZN10_, RN13_,COROLLA Liftback _E10_,COROLLA Liftback _E9_,HIACE IV Bus LH1_,PASEO Cabriolet EL54,COROLLA _E10_,HIACE IV Kasten LXH1_, RZH1_, LH1_,COROLLA Stufenheck E15_,CAMRY _CV1_, _XV1_, _V1_,4 RUNNER KZN18_, VZN18_, RZN18_,HIACE III Wagon LH1_, RZH1_,CAMRY Station Wagon _XV1_, _CV1_, _V10,COROLLA Wagon _E10_,CAMRY Stufenheck _XV4_,CELICA Cabriolet AT20_, ST20_,SIENNA MCL10_,ALPHARD ATH1_, MNH1_, ; LEXUS: GS JZS147,LX UZJ100,ES F1, F2; 2322128020, 2322146010, 2322120040, 2322128020, 2322146010, 2322150060, 2322174110<\/p>\n","protected":false},"excerpt":{"rendered":"<p>RIDEX Polttoainepumppu 458F0032  TOYOTA,LEXUS,RAV 4 II CLA2_, XA2_, ZCA2_, ACA2_,STARLET EP91,COROLLA Kombi _E12J_, _E12T_,RAV 4 I SXA1_,CELICA ZZT23_<\/p>\n","protected":false},"featured_media":0,"template":"","meta":{"site-sidebar-layout":"default","site-content-layout":"default","ast-global-header-display":"","ast-main-header-display":"","ast-hfb-above-header-display":"","ast-hfb-below-header-display":"","ast-hfb-mobile-header-display":"","site-post-title":"","ast-breadcrumbs-content":"","ast-featured-img":"","footer-sml-layout":"","theme-transparent-header-meta":"","adv-header-id-meta":"","stick-header-meta":"","header-above-stick-meta":"","header-main-stick-meta":"","header-below-stick-meta":""},"pwb-brand":[157],"product_cat":[73],"product_tag":[],"class_list":{"0":"post-93286","1":"product","2":"type-product","3":"status-publish","5":"pwb-brand-ridex","6":"product_cat-polttoainepumppu","7":"desktop-align-left","8":"tablet-align-left","9":"mobile-align-left","11":"first","12":"instock","13":"product-type-external"},"brands":[{"id":157,"name":"RIDEX","slug":"ridex"}],"_links":{"self":[{"href":"https:\/\/www.autonvaraosahaku.fi\/index.php?rest_route=\/wp\/v2\/product\/93286","targetHints":{"allow":["GET"]}}],"collection":[{"href":"https:\/\/www.autonvaraosahaku.fi\/index.php?rest_route=\/wp\/v2\/product"}],"about":[{"href":"https:\/\/www.autonvaraosahaku.fi\/index.php?rest_route=\/wp\/v2\/types\/product"}],"wp:attachment":[{"href":"https:\/\/www.autonvaraosahaku.fi\/index.php?rest_route=%2Fwp%2Fv2%2Fmedia&parent=93286"}],"wp:term":[{"taxonomy":"pwb-brand","embeddable":true,"href":"https:\/\/www.autonvaraosahaku.fi\/index.php?rest_route=%2Fwp%2Fv2%2Fpwb-brand&post=93286"},{"taxonomy":"product_cat","embeddable":true,"href":"https:\/\/www.autonvaraosahaku.fi\/index.php?rest_route=%2Fwp%2Fv2%2Fproduct_cat&post=93286"},{"taxonomy":"product_tag","embeddable":true,"href":"https:\/\/www.autonvaraosahaku.fi\/index.php?rest_route=%2Fwp%2Fv2%2Fproduct_tag&post=93286"}],"curies":[{"name":"wp","href":"https:\/\/api.w.org\/{rel}","templated":true}]}}