{"id":93289,"date":"2021-02-21T21:44:12","date_gmt":"2021-02-21T21:44:12","guid":{"rendered":"https:\/\/www.autonvaraosahaku.fi\/?product=goetze-engine-08-146100-00-mannanrenkaat"},"modified":"2021-02-21T21:44:19","modified_gmt":"2021-02-21T21:44:19","slug":"goetze-engine-08-146100-00-mannanrenkaat","status":"publish","type":"product","link":"https:\/\/www.autonvaraosahaku.fi\/?product=goetze-engine-08-146100-00-mannanrenkaat","title":{"rendered":"GOETZE ENGINE 08-146100-00 M\u00e4nn\u00e4nrenkaat"},"content":{"rendered":"<p>Sylinterin halkaisija [mm]: 82,00; Komponenttinumero: 2.0mm 001 CK P KV1, 2.0mm 023IWU P F14, 2.0mm 231 CK P GOE12; Vakiomitta (STD): ; TECDOC-moottorinumero: 18014; OPEL: ZAFIRA B A05,ASTRA H Caravan L35,ASTRA H L48,VECTRA C Caravan,ASTRA H GTC L08,SIGNUM,VECTRA C,VECTRA C GTS,ASTRA H TwinTop L67,ZAFIRA B Van,ASTRA H Kasten L70; FIAT: STILO 192,BRAVO II 198,STILO Multi Wagon 192,CROMA 194; ALFA ROMEO: 147 937,159 Sportwagon 939,156 Sportwagon 932,156 932,159 939,GT 937,166 936,BRERA,SPIDER 939; SAAB: 9-3 YS3F,9-5 Kombi YS3E,9-3 Kombi YS3F,9-5 YS3E,9-3 Cabriolet YS3F; LANCIA: THESIS 841AX; CADILLAC: BLS,BLS Wagon; VAUXHALL: ZAFIRA Mk II B M75,ASTRA Mk V H CC,VECTRA Mk II C CC,ASTRA Mk V H Estate,VECTRA Mk II C Estate,ASTRA Mk V H Convertible,VECTRA Mk II C,SIGNUM,ASTRAVAN Mk V H; 71730218; M\u00e4nn\u00e4nrengassarja<\/p>\n","protected":false},"excerpt":{"rendered":"<p>GOETZE ENGINE M\u00e4nn\u00e4nrenkaat 08-146100-00 M\u00e4nn\u00e4nrengassarja OPEL,FIAT,ALFA ROMEO,ZAFIRA B A05,ASTRA H Caravan L35,ASTRA H L48,VECTRA C Caravan<\/p>\n","protected":false},"featured_media":0,"template":"","meta":{"site-sidebar-layout":"default","site-content-layout":"default","ast-global-header-display":"","ast-main-header-display":"","ast-hfb-above-header-display":"","ast-hfb-below-header-display":"","ast-hfb-mobile-header-display":"","site-post-title":"","ast-breadcrumbs-content":"","ast-featured-img":"","footer-sml-layout":"","theme-transparent-header-meta":"","adv-header-id-meta":"","stick-header-meta":"","header-above-stick-meta":"","header-main-stick-meta":"","header-below-stick-meta":""},"pwb-brand":[224],"product_cat":[154],"product_tag":[],"class_list":{"0":"post-93289","1":"product","2":"type-product","3":"status-publish","5":"pwb-brand-goetze-engine","6":"product_cat-mannanrenkaat","7":"desktop-align-left","8":"tablet-align-left","9":"mobile-align-left","11":"first","12":"instock","13":"product-type-external"},"brands":[{"id":224,"name":"GOETZE ENGINE","slug":"goetze-engine"}],"_links":{"self":[{"href":"https:\/\/www.autonvaraosahaku.fi\/index.php?rest_route=\/wp\/v2\/product\/93289","targetHints":{"allow":["GET"]}}],"collection":[{"href":"https:\/\/www.autonvaraosahaku.fi\/index.php?rest_route=\/wp\/v2\/product"}],"about":[{"href":"https:\/\/www.autonvaraosahaku.fi\/index.php?rest_route=\/wp\/v2\/types\/product"}],"wp:attachment":[{"href":"https:\/\/www.autonvaraosahaku.fi\/index.php?rest_route=%2Fwp%2Fv2%2Fmedia&parent=93289"}],"wp:term":[{"taxonomy":"pwb-brand","embeddable":true,"href":"https:\/\/www.autonvaraosahaku.fi\/index.php?rest_route=%2Fwp%2Fv2%2Fpwb-brand&post=93289"},{"taxonomy":"product_cat","embeddable":true,"href":"https:\/\/www.autonvaraosahaku.fi\/index.php?rest_route=%2Fwp%2Fv2%2Fproduct_cat&post=93289"},{"taxonomy":"product_tag","embeddable":true,"href":"https:\/\/www.autonvaraosahaku.fi\/index.php?rest_route=%2Fwp%2Fv2%2Fproduct_tag&post=93289"}],"curies":[{"name":"wp","href":"https:\/\/api.w.org\/{rel}","templated":true}]}}