{"id":93309,"date":"2021-02-21T21:44:20","date_gmt":"2021-02-21T21:44:20","guid":{"rendered":"https:\/\/www.autonvaraosahaku.fi\/?product=hella-5da-358-000-291-sytytyspuola"},"modified":"2021-02-21T21:44:28","modified_gmt":"2021-02-21T21:44:28","slug":"hella-5da-358-000-291-sytytyspuola","status":"publish","type":"product","link":"https:\/\/www.autonvaraosahaku.fi\/?product=hella-5da-358-000-291-sytytyspuola","title":{"rendered":"HELLA 5DA 358 000-291 Sytytyspuola"},"content":{"rendered":"<p>Asennusmalli: Poltti\/ruuvi; Kiinnitysreikien lukum\u00e4\u00e4r\u00e4: 4; Nimellisj\u00e4nnite (V): 12; Napojen m\u00e4\u00e4r\u00e4: 4; Sytytyspuola: Suorasytytyspuolamoduuli; TECDOC-moottorinumero: 17625; OPEL: ASTRA G CC F48_, F08_,ASTRA G Caravan F35_,VECTRA B 36_,ASTRA F CC 53_, 54_, 58_, 59_,OMEGA B Caravan 21_, 22_, 23_,OMEGA B 25_, 26_, 27_,VECTRA B Caravan 31_,ASTRA F Caravan 51_, 52_,ASTRA G Stufenheck F69_,CALIBRA A 85_,VECTRA B CC 38_,VECTRA A 86_, 87_,ASTRA F Cabriolet 53_B,ASTRA F 56_, 57_,VECTRA A CC 88_, 89_; VAUXHALL: CALIBRA,ASTRA Mk IV G CC,ASTRA Mk III F CC,ASTRA Mk IV G Sedan,OMEGA B,VECTRA B CC,CAVALIER Mk III 87,VECTRA B Estate,VECTRA B,ASTRA Mk III F Estate,CAVALIER Mk III CC,OMEGA B Estate; 1208071, 90458250, 1208071, 90458250<\/p>\n","protected":false},"excerpt":{"rendered":"<p>HELLA Sytytyspuola 5DA 358 000-291  OPEL,VAUXHALL,ASTRA G CC F48_, F08_,ASTRA G Caravan F35_,VECTRA B 36_,ASTRA F CC 53_, 54_, 58_, 59_<\/p>\n","protected":false},"featured_media":0,"template":"","meta":{"site-sidebar-layout":"default","site-content-layout":"default","ast-global-header-display":"","ast-main-header-display":"","ast-hfb-above-header-display":"","ast-hfb-below-header-display":"","ast-hfb-mobile-header-display":"","site-post-title":"","ast-breadcrumbs-content":"","ast-featured-img":"","footer-sml-layout":"","theme-transparent-header-meta":"","adv-header-id-meta":"","stick-header-meta":"","header-above-stick-meta":"","header-main-stick-meta":"","header-below-stick-meta":""},"pwb-brand":[24],"product_cat":[25],"product_tag":[],"class_list":{"0":"post-93309","1":"product","2":"type-product","3":"status-publish","5":"pwb-brand-hella","6":"product_cat-sytytyspuola","7":"desktop-align-left","8":"tablet-align-left","9":"mobile-align-left","11":"first","12":"instock","13":"product-type-external"},"brands":[{"id":24,"name":"HELLA","slug":"hella"}],"_links":{"self":[{"href":"https:\/\/www.autonvaraosahaku.fi\/index.php?rest_route=\/wp\/v2\/product\/93309","targetHints":{"allow":["GET"]}}],"collection":[{"href":"https:\/\/www.autonvaraosahaku.fi\/index.php?rest_route=\/wp\/v2\/product"}],"about":[{"href":"https:\/\/www.autonvaraosahaku.fi\/index.php?rest_route=\/wp\/v2\/types\/product"}],"wp:attachment":[{"href":"https:\/\/www.autonvaraosahaku.fi\/index.php?rest_route=%2Fwp%2Fv2%2Fmedia&parent=93309"}],"wp:term":[{"taxonomy":"pwb-brand","embeddable":true,"href":"https:\/\/www.autonvaraosahaku.fi\/index.php?rest_route=%2Fwp%2Fv2%2Fpwb-brand&post=93309"},{"taxonomy":"product_cat","embeddable":true,"href":"https:\/\/www.autonvaraosahaku.fi\/index.php?rest_route=%2Fwp%2Fv2%2Fproduct_cat&post=93309"},{"taxonomy":"product_tag","embeddable":true,"href":"https:\/\/www.autonvaraosahaku.fi\/index.php?rest_route=%2Fwp%2Fv2%2Fproduct_tag&post=93309"}],"curies":[{"name":"wp","href":"https:\/\/api.w.org\/{rel}","templated":true}]}}